{"id":195,"date":"2020-12-10T14:27:51","date_gmt":"2020-12-10T17:27:51","guid":{"rendered":"https:\/\/eventos.ifbaiano.edu.br\/portal\/congresso\/?page_id=195"},"modified":"2021-10-20T20:56:36","modified_gmt":"2021-10-20T23:56:36","slug":"vii-seminario-do-pibid-2020","status":"publish","type":"page","link":"https:\/\/eventos.ifbaiano.edu.br\/portal\/congresso\/vii-seminario-do-pibid-2020\/","title":{"rendered":"VII Semin\u00e1rio do PIBID"},"content":{"rendered":"\n<p>O VII Semin\u00e1rio Institucional PIBID do IF Baiano, acontecer\u00e1 como parte integrante da programa\u00e7\u00e3o oficial do Congresso de Ensino e Pesquisa do Instituo Federal Baiano que ocorrer\u00e1 no per\u00edodo de 15 a 18 de dezembro de 2020. Em virtude do momento singular do estado de pandemia causado pelo novo corona v\u00edrus em \u00e2mbito mundial, essa edi\u00e7\u00e3o do Semin\u00e1rio do PIBID IF Baiano ser\u00e1 realizada totalmente online na plataforma de transmiss\u00e3o de v\u00eddeo RNP. O evento tem como p\u00fablico-alvo licenciandos(as), professores(as), profissionais de educa\u00e7\u00e3o e interessados(as) em forma\u00e7\u00e3o docente e educa\u00e7\u00e3o b\u00e1sica.<\/p>\n\n\n\n<p>O VII Semin\u00e1rio Institucional PIBID do IF Baiano, volta-se \u00e0 discuss\u00e3o sobre o tema: \u201cConstru\u00e7\u00e3o da identidade docente na forma\u00e7\u00e3o inicial de professores(as) a partir da articula\u00e7\u00e3o do Ensino Superior com a Educa\u00e7\u00e3o B\u00e1sica no contexto contempor\u00e2neo.\u201d A partir dessa tem\u00e1tica busca-se promover um espa\u00e7o fecundo para as discuss\u00f5es em torno da forma\u00e7\u00e3o inicial de professores envolvendo a escuta e proporcionando um espa\u00e7o de \u201cfala\u201d para os principais atores envolvidos no programa, sobretudo dos(as) estudantes dos cursos de licenciatura do IF Baiano, de professores(as) dos cursos de licenciatura, de professores(as) da educa\u00e7\u00e3o b\u00e1sica, bem como dos(as) gestores(as) educacionais que vinculam-se direta e indiretamente ao Programa Institucional de Bolsa de Inicia\u00e7\u00e3o \u00e0 Doc\u00eancia do IF Baiano.<\/p>\n\n\n\n<p>Este Semin\u00e1rio est\u00e1 sendo promovido atrav\u00e9s da coordena\u00e7\u00e3o institucional do PIBID IF Baiano edi\u00e7\u00e3o 2020\/2022, com projeto institucional aprovado no Edital Capes N\u00ba 02\/2020.<\/p>\n\n\n\n<p>O projeto institucional do PIBID IF Baiano edi\u00e7\u00e3o 2020\/2022 apresenta a\u00e7\u00f5es, dentre elas a realiza\u00e7\u00e3o deste semin\u00e1rio inicial, que promover\u00e3o impactos positivos para a constru\u00e7\u00e3o da identidade docente dos licenciandos ainda na fase inicial da forma\u00e7\u00e3o; tamb\u00e9m para a inova\u00e7\u00e3o e contextualiza\u00e7\u00e3o no que se refere aos aspectos metodol\u00f3gicos e curriculares do processo ensino-aprendizagem das escolas-campo, bem como, da forma\u00e7\u00e3o acad\u00eamica dos licenciandos. Atrav\u00e9s do PIBID IF Baiano, e da realiza\u00e7\u00e3o deste semin\u00e1rio, ser\u00e1 poss\u00edvel apresentar diagn\u00f3sticos\/reflexivos iniciais do contexto educacional das escolas envolvidas, dos cursos de licenciatura do IF Baiano, e mais especificamente da condi\u00e7\u00e3o do \u201cser\u201d estudante dos cursos de forma\u00e7\u00e3o de professores do IF Baiano.<\/p>\n\n\n\n<p>O semin\u00e1rio ter\u00e1 dura\u00e7\u00e3o de dois dias, sua programa\u00e7\u00e3o est\u00e1 organizada com atividades no dia 15\/12\/2020 das 19:00 \u00e0s 21:00 h e no dia 17\/12\/2020 das 14:00 \u00e0s 17:00 h.<\/p>\n\n\n\n<p>Para participar do VII Semin\u00e1rio Institucional PIBID do IF Baiano, basta inscrever-se como ouvinte (<a href=\"https:\/\/suap.ifbaiano.edu.br\/eventos\/inscricao_publica\/53\/\">CLIQUE AQUI<\/a>) no I Congresso de Ensino e Pesquisa do Instituto Federal Baiano e participar da <a href=\"https:\/\/eventos.ifbaiano.edu.br\/portal\/congresso\/programacao\/\">programa\u00e7\u00e3o<\/a> nos dias e hor\u00e1rios indicados, o evento ser\u00e1 transmitido via plataforma V\u00eddeo RNP.<\/p>\n\n\n\n<p><strong>Lista de Presen\u00e7a<\/strong> (CLIQUE AQUI) &#8211; Abertura Oficial &#8211; \u00e0s 19h30, do dia 15\/12\/202 &#8211; Dispon\u00edvel durante a transmiss\u00e3o<\/p>\n","protected":false},"excerpt":{"rendered":"<p>O VII Semin\u00e1rio Institucional PIBID do IF Baiano, acontecer\u00e1 como parte integrante da programa\u00e7\u00e3o oficial do Congresso de Ensino e Pesquisa do Instituo Federal Baiano que ocorrer\u00e1 no per\u00edodo de 15 a 18 de dezembro de 2020. Em virtude do momento singular do estado de pandemia causado pelo novo corona v\u00edrus em \u00e2mbito mundial, essa&hellip;&nbsp;<a href=\"https:\/\/eventos.ifbaiano.edu.br\/portal\/congresso\/vii-seminario-do-pibid-2020\/\" rel=\"bookmark\">Continue a ler &raquo;<span class=\"screen-reader-text\">VII Semin\u00e1rio do PIBID<\/span><\/a><\/p>\n","protected":false},"author":20,"featured_media":0,"parent":0,"menu_order":0,"comment_status":"closed","ping_status":"closed","template":"","meta":{"neve_meta_sidebar":"full-width","neve_meta_container":"","neve_meta_enable_content_width":"on","neve_meta_content_width":100,"neve_meta_title_alignment":"","neve_meta_author_avatar":"","neve_post_elements_order":"","neve_meta_disable_header":"","neve_meta_disable_footer":"","neve_meta_disable_title":"","footnotes":""},"_links":{"self":[{"href":"https:\/\/eventos.ifbaiano.edu.br\/portal\/congresso\/wp-json\/wp\/v2\/pages\/195"}],"collection":[{"href":"https:\/\/eventos.ifbaiano.edu.br\/portal\/congresso\/wp-json\/wp\/v2\/pages"}],"about":[{"href":"https:\/\/eventos.ifbaiano.edu.br\/portal\/congresso\/wp-json\/wp\/v2\/types\/page"}],"author":[{"embeddable":true,"href":"https:\/\/eventos.ifbaiano.edu.br\/portal\/congresso\/wp-json\/wp\/v2\/users\/20"}],"replies":[{"embeddable":true,"href":"https:\/\/eventos.ifbaiano.edu.br\/portal\/congresso\/wp-json\/wp\/v2\/comments?post=195"}],"version-history":[{"count":7,"href":"https:\/\/eventos.ifbaiano.edu.br\/portal\/congresso\/wp-json\/wp\/v2\/pages\/195\/revisions"}],"predecessor-version":[{"id":440,"href":"https:\/\/eventos.ifbaiano.edu.br\/portal\/congresso\/wp-json\/wp\/v2\/pages\/195\/revisions\/440"}],"wp:attachment":[{"href":"https:\/\/eventos.ifbaiano.edu.br\/portal\/congresso\/wp-json\/wp\/v2\/media?parent=195"}],"curies":[{"name":"wp","href":"https:\/\/api.w.org\/{rel}","templated":true}]}}