{"id":193,"date":"2020-12-10T14:26:39","date_gmt":"2020-12-10T17:26:39","guid":{"rendered":"https:\/\/eventos.ifbaiano.edu.br\/portal\/congresso\/?page_id=193"},"modified":"2021-10-20T20:56:20","modified_gmt":"2021-10-20T23:56:20","slug":"i-seminario-da-residencia-pedagogica-2020","status":"publish","type":"page","link":"https:\/\/eventos.ifbaiano.edu.br\/portal\/congresso\/i-seminario-da-residencia-pedagogica-2020\/","title":{"rendered":"I Semin\u00e1rio de Resid\u00eancia Pedag\u00f3gica do IF Baiano"},"content":{"rendered":"\n<p>O Programa Resid\u00eancia Pedag\u00f3gica (PRP), criado em 2018, \u00e9 uma das a\u00e7\u00f5es que integram a Pol\u00edtica Nacional de Forma\u00e7\u00e3o de Professores e tem por objetivo estimular o aperfei\u00e7oamento da forma\u00e7\u00e3o pr\u00e1tica nos cursos de licenciatura, promovendo a imers\u00e3o do licenciando na escola de educa\u00e7\u00e3o b\u00e1sica, a partir da segunda metade de seu curso.<\/p>\n\n\n\n<p>O Instituto Federal Baiano, aderiu ao Programa mediante submiss\u00e3o e aprova\u00e7\u00e3o do projeto institucional \u201cRela\u00e7\u00e3o dial\u00f3gica entre o contexto dos alunos e o conhecimento sistematizado: uma proposta interdisciplinar para a forma\u00e7\u00e3o b\u00e1sica comum nacional\u201d no Edital Capes 01\/2020. O projeto institucional do IF Baiano est\u00e1 sendo desenvolvido por meio de dois subprojetos. O Subprojeto Interdisciplinar que contempla os Cursos de Licenciatura em Ci\u00eancias Biol\u00f3gicas no <em>campus<\/em> Santa In\u00eas, de Ci\u00eancias da Computa\u00e7\u00e3o no <em>campus<\/em> Senhor do Bonfim e de Geografia no <em>campus<\/em> Santa In\u00eas. J\u00e1 o Subprojeto de Qu\u00edmica contempla a Licenciatura em Qu\u00edmica nos <em>campi<\/em> Catu e Guanambi.<\/p>\n\n\n\n<p>O IF Baiano est\u00e1 promovendo o I Semin\u00e1rio de Resid\u00eancia Pedag\u00f3gica do IF Baiano com a seguinte <a href=\"https:\/\/eventos.ifbaiano.edu.br\/portal\/congresso\/programacao\/\">programa\u00e7\u00e3o<\/a>:<\/p>\n\n\n\n<p><strong>Dia 16\/12\/2020 (quarta-feira)<\/strong> \u2013 Confer\u00eancia <em>online<\/em> de abertura do Resid\u00eancia Pedag\u00f3gica &#8211; <a href=\"https:\/\/forms.gle\/au4HDZwN872vPX3d8\"><strong>Lista de Presen\u00e7a <\/strong>(CLIQUE AQUI<\/a><a href=\"https:\/\/forms.gle\/td6ntFYpgTaBREd17\">)<\/a> &#8211; Dispon\u00edvel durante a transmiss\u00e3o<\/p>\n\n\n\n<p>19:00 \u00e0s 19:30 hs \u2013 Apresenta\u00e7\u00e3o Cultural<\/p>\n\n\n\n<p>19:30 \u00e0s 21:00 hs \u2013 Mesa de abertura: Rela\u00e7\u00e3o dial\u00f3gica entre o contexto dos alunos e o conhecimento sistematizado: uma proposta interdisciplinar para a forma\u00e7\u00e3o b\u00e1sica comum nacional<\/p>\n\n\n\n<p><strong>Palestrante<\/strong>: Profa. Dra. Fl\u00e1via Cristina de Mac\u00eado Santana \u2013 UEFS<\/p>\n\n\n\n<p><strong>Dia 17\/12\/2020 (quinta-feira)<\/strong> &#8211;  <a href=\"https:\/\/forms.gle\/td6ntFYpgTaBREd17\"><strong>Lista de Presen\u00e7a<\/strong> (CLIQUE)<\/a> &#8211; Dispon\u00edvel durante a transmiss\u00e3o<\/p>\n\n\n\n<p>14:00 \u00e0s 16:00hs \u2013 Roda de di\u00e1logos Pibid e PRP: quest\u00f5es da forma\u00e7\u00e3o de professores\/as para\/na Escola B\u00e1sica.<\/p>\n\n\n\n<p><strong>Mediadores<\/strong>: Professor Dr. Jos\u00e9 Aurimar dos Santos Angelim do IF Baiano <em>campus<\/em> Senhor do Bonfim&nbsp;(Docente Orientador PRP) e Professora Dra. Rosineide Braz Santos Fonseca do IF Baiano <em>campus<\/em> Santa In\u00eas (Coord. de \u00c1rea PIBID)<\/p>\n\n\n\n<p>Para obter mais informa\u00e7\u00f5es sobre o I Semin\u00e1rio Institucional do Programa Resid\u00eancia Pedag\u00f3gica do IF Baiano, entre em contato atrav\u00e9s do e-mail <a href=\"mailto:prp@reitoria.ifbaiano.edu.br\">prp@reitoria.ifbaiano.edu.br<\/a><\/p>\n\n\n\n<figure class=\"wp-block-image size-large is-resized\"><img loading=\"lazy\" decoding=\"async\" src=\"https:\/\/eventos.ifbaiano.edu.br\/portal\/congresso\/files\/2020\/12\/image-13.png\" alt=\"\" class=\"wp-image-232\" width=\"734\" height=\"202\" srcset=\"https:\/\/eventos.ifbaiano.edu.br\/portal\/congresso\/files\/2020\/12\/image-13.png 696w, https:\/\/eventos.ifbaiano.edu.br\/portal\/congresso\/files\/2020\/12\/image-13-300x83.png 300w\" sizes=\"(max-width: 734px) 100vw, 734px\" \/><\/figure>\n","protected":false},"excerpt":{"rendered":"<p>O Programa Resid\u00eancia Pedag\u00f3gica (PRP), criado em 2018, \u00e9 uma das a\u00e7\u00f5es que integram a Pol\u00edtica Nacional de Forma\u00e7\u00e3o de Professores e tem por objetivo estimular o aperfei\u00e7oamento da forma\u00e7\u00e3o pr\u00e1tica nos cursos de licenciatura, promovendo a imers\u00e3o do licenciando na escola de educa\u00e7\u00e3o b\u00e1sica, a partir da segunda metade de seu curso. O Instituto&hellip;&nbsp;<a href=\"https:\/\/eventos.ifbaiano.edu.br\/portal\/congresso\/i-seminario-da-residencia-pedagogica-2020\/\" rel=\"bookmark\">Continue a ler &raquo;<span class=\"screen-reader-text\">I Semin\u00e1rio de Resid\u00eancia Pedag\u00f3gica do IF Baiano<\/span><\/a><\/p>\n","protected":false},"author":20,"featured_media":0,"parent":0,"menu_order":0,"comment_status":"closed","ping_status":"closed","template":"","meta":{"neve_meta_sidebar":"full-width","neve_meta_container":"","neve_meta_enable_content_width":"on","neve_meta_content_width":100,"neve_meta_title_alignment":"","neve_meta_author_avatar":"","neve_post_elements_order":"","neve_meta_disable_header":"","neve_meta_disable_footer":"","neve_meta_disable_title":"","footnotes":""},"_links":{"self":[{"href":"https:\/\/eventos.ifbaiano.edu.br\/portal\/congresso\/wp-json\/wp\/v2\/pages\/193"}],"collection":[{"href":"https:\/\/eventos.ifbaiano.edu.br\/portal\/congresso\/wp-json\/wp\/v2\/pages"}],"about":[{"href":"https:\/\/eventos.ifbaiano.edu.br\/portal\/congresso\/wp-json\/wp\/v2\/types\/page"}],"author":[{"embeddable":true,"href":"https:\/\/eventos.ifbaiano.edu.br\/portal\/congresso\/wp-json\/wp\/v2\/users\/20"}],"replies":[{"embeddable":true,"href":"https:\/\/eventos.ifbaiano.edu.br\/portal\/congresso\/wp-json\/wp\/v2\/comments?post=193"}],"version-history":[{"count":13,"href":"https:\/\/eventos.ifbaiano.edu.br\/portal\/congresso\/wp-json\/wp\/v2\/pages\/193\/revisions"}],"predecessor-version":[{"id":469,"href":"https:\/\/eventos.ifbaiano.edu.br\/portal\/congresso\/wp-json\/wp\/v2\/pages\/193\/revisions\/469"}],"wp:attachment":[{"href":"https:\/\/eventos.ifbaiano.edu.br\/portal\/congresso\/wp-json\/wp\/v2\/media?parent=193"}],"curies":[{"name":"wp","href":"https:\/\/api.w.org\/{rel}","templated":true}]}}