{"id":1890,"date":"2022-12-14T10:19:56","date_gmt":"2022-12-14T13:19:56","guid":{"rendered":"https:\/\/eventos.ifbaiano.edu.br\/portal\/congresso\/?page_id=1890"},"modified":"2022-12-14T10:19:56","modified_gmt":"2022-12-14T13:19:56","slug":"programacao-2022","status":"publish","type":"page","link":"https:\/\/eventos.ifbaiano.edu.br\/portal\/congresso\/programacao-2022\/","title":{"rendered":"Programa\u00e7\u00e3o"},"content":{"rendered":"\n<p class=\"has-text-align-center\"><span style=\"text-decoration: underline\"><strong>06 de dezembro de 2022 <\/strong><\/span><\/p>\n\n\n\n<p><strong>1.&nbsp;Abertura Oficial<\/strong> (\u00e0s 9h)<br><\/p>\n\n\n\n<p><strong>2<\/strong>.&nbsp;<strong>Confer\u00eancia de Abertura:<\/strong>(\u00e0s 10h)                                                                                                                  <\/p>\n\n\n\n<p><strong>Tema: <\/strong>Educar para vida: o papel do Ensino, Pesquisa e Extens\u00e3o nos institutos federais.<\/p>\n\n\n\n<p><strong>Palestrante: <\/strong>Prof\u00aa Dra Maria Leopoldina Veras \u2013 IF Sert\u00e3o Pernambucano<\/p>\n\n\n\n<p><strong>Local: <\/strong>Gin\u00e1sio de Esportes do Campus<\/p>\n\n\n\n<p><strong>3. OFICINAS<\/strong> <\/p>\n\n\n\n<ul><li><strong>Pesquisando nas Bases de Dados<\/strong>  (14 h &#8211; 15:30) &#8211; <a rel=\"noreferrer noopener\" href=\"https:\/\/suap.ifbaiano.edu.br\/eventos\/inscricao_publica\/793\/\" data-type=\"URL\" data-id=\"https:\/\/suap.ifbaiano.edu.br\/eventos\/inscricao_publica\/793\/\" target=\"_blank\">Inscri\u00e7\u00e3o Aqui<\/a>  <\/li><li><strong>Conhecendo a Plataforma Brasil<\/strong>  (14 h &#8211; 15:30) &#8211;<a rel=\"noreferrer noopener\" href=\"https:\/\/suap.ifbaiano.edu.br\/eventos\/inscricao_publica\/794\/\" data-type=\"URL\" data-id=\"https:\/\/suap.ifbaiano.edu.br\/eventos\/inscricao_publica\/794\/\" target=\"_blank\"> Inscri\u00e7\u00e3o Aqui<\/a><\/li><li><strong>Mapeando Curr\u00edculo Lattes<\/strong>   (14 h &#8211; 15:30)- <a rel=\"noreferrer noopener\" href=\"https:\/\/suap.ifbaiano.edu.br\/eventos\/inscricao_publica\/795\/\" data-type=\"URL\" data-id=\"https:\/\/suap.ifbaiano.edu.br\/eventos\/inscricao_publica\/795\/\" target=\"_blank\">Inscri\u00e7\u00e3o Aqui<\/a><\/li><li><strong>Produ\u00e7\u00e3o de Stim Stoy<\/strong>  (14 h &#8211; 16h)- <a rel=\"noreferrer noopener\" href=\"https:\/\/suap.ifbaiano.edu.br\/eventos\/inscricao_publica\/796\/\" data-type=\"URL\" data-id=\"https:\/\/suap.ifbaiano.edu.br\/eventos\/inscricao_publica\/796\/\" target=\"_blank\">Inscri\u00e7\u00e3o Aqui<\/a><\/li><li><strong><a rel=\"noreferrer noopener\" href=\"https:\/\/ifbaiano.edu.br\/portal\/extensao\/famif-baiano-2022\/\" data-type=\"URL\" data-id=\"https:\/\/ifbaiano.edu.br\/portal\/extensao\/famif-baiano-2022\/\" target=\"_blank\">OFICINAS DO FAMIFBAIANO<\/a><\/strong><\/li><\/ul>\n\n\n\n<p><strong>4.&nbsp; <strong>MESA 1:<\/strong> <\/strong>Evas\u00e3o Escolar no Contexto Pand\u00eamico: olhares e perspectivas no IFBaiano (\u00e0s 14 h)<\/p>\n\n\n\n<p><strong>Palestrante: <\/strong> Prof\u00aa Carla Machado \u2013  IF Baiano \u2013 Campus Itaberaba <\/p>\n\n\n\n<p><strong>  Media\u00e7\u00e3o :<\/strong> Andreia Rego \u2013 Diretora de Planejamento e Desenvolvimento de Ensino do IF Baiano <\/p>\n\n\n\n<p><strong>Local: <\/strong>Audit\u00f3rio do Pavilh\u00e3o 2<\/p>\n\n\n\n<p><strong>5.&nbsp; <strong>MESA 2<\/strong>: <\/strong>\u201cO lugar da EJA\/EPT no IF Baiano: desafios e novos olhares\u201d (\u00e0s 16 h)<\/p>\n\n\n\n<p><strong>Palestrantes: <\/strong>Prof\u00aa Neyla Ramos &#8211;  IF Baiano \u2013 Campus Serrinha <\/p>\n\n\n\n<p>                       Prof\u00aa  Patricia Moura  &#8211;  IF Baiano \u2013 Campus Santa In\u00eas<\/p>\n\n\n\n<p><strong>Mediadora:<\/strong> Andr\u00e9ia R\u00eago \u2013 Diretora de Planejamento e Desenvolvimento de Ensino do IF Baiano<\/p>\n\n\n\n<p><strong>Local: <\/strong>Audit\u00f3rio do Pavilh\u00e3o 2<\/p>\n\n\n\n<p><strong>6. MESA 3<\/strong> \u2013 Pol\u00edticas afirmativas no IF Baiano e atua\u00e7\u00e3o dos NEABIS (\u00e1s 16 h)<\/p>\n\n\n\n<p><strong>Palestrante<\/strong>: Coletivo dos NEABIS<\/p>\n\n\n\n<p> <strong>Local: <\/strong> Pavilh\u00e3o 2 <\/p>\n\n\n\n<p> <strong>7. MESA 4<\/strong> \u2013 Pol\u00edtica de Forma\u00e7\u00e3o docente no IF Baiano: Os programas PIBID e Resid\u00eancia Pedag\u00f3gica (19 h)<br><strong>Palestrantes<\/strong>: Prof\u00aa Jos\u00e9 Aurimar Angelim \u2013 IF Baiano \u2013 Campus Senhor do Bonfim<br>                        Prof\u00ba Maur\u00edcio Pereira &#8211; \u2013 IF Baiano \u2013 Campus Catu<br><strong>Local<\/strong>: Audit\u00f3rio do Pavilh\u00e3o 2<\/p>\n\n\n\n<p><strong>8. Lan\u00e7amento e-book <\/strong>&#8220;Programa Resid\u00eancia Pedag\u00f3gica no IF Baiano: reconfigura\u00e7\u00f5es da doc\u00eancia em tempos de pandemia&#8221; \u2013 Edital PROEX 127\/2021 apoio \u00e0 publica\u00e7\u00e3o de livros eletr\u00f4nicos (e-books)<br><strong>Respons\u00e1vel pela apresenta\u00e7\u00e3o:<\/strong> Prof. Aline dos Santos Lima (Organizadora l\u00edder do e-book)<\/p>\n\n\n\n<p><\/p>\n\n\n\n<p class=\"has-text-align-center\"><strong><span style=\"text-decoration: underline\">07 de dezembro de 2022<\/span><\/strong><\/p>\n\n\n\n<p><strong>9 .&nbsp;<strong>III SIMP\u00d3SIO DE INTERNACIONALIZA\u00c7\u00c3O (SINTER) &#8211; Os Centros de L\u00ednguas (CeLin) no IF Baiano: espa\u00e7os formativos de internacionaliza\u00e7\u00e3o e interculturalidade <\/strong><\/strong><\/p>\n\n\n\n<p> <strong>Local: <\/strong>Audit\u00f3rio do Pavilh\u00e3o 2 <\/p>\n\n\n\n<p>&#8211; <strong>Mesa de Abertura Oficial<\/strong> (09 h)<\/p>\n\n\n\n<p><strong>&#8211; Palestra de Abertura &#8211; <\/strong>\u201cAcciones y perspectivas de internacionalizaci\u00f3n en la implantaci\u00f3n de Centros de Lenguas en instituciones educativas\u201d (09 h 30)<\/p>\n\n\n\n<p>    <strong>Palestrante:<\/strong> Profa. Patricia Acosta<strong> <\/strong>\u2013 <em>Secretar\u00eda de Pol\u00edticas Lingu\u00edsticas \u2013 Universidad Nacional de Cuyo (Mendoza &#8211; Argentina)<\/em><\/p>\n\n\n\n<p>&#8211; <strong>Atividade Cultural &#8211; <\/strong>Apresenta\u00e7\u00e3o musical de Candombe uruguaio  (10 h 30) <\/p>\n\n\n\n<p>&#8211; <strong>Roda de conversas &#8211; <\/strong>O ensino de l\u00ednguas no IF Baiano sob o prisma da internacionaliza\u00e7\u00e3o e da interculturalidade: relatos de experi\u00eancias nos contextos.  (11 h) <\/p>\n\n\n\n<p>    <strong>Participa\u00e7\u00e3o: <\/strong>estudantes, docentes, t\u00e9cnicos(as), e comunidade.<\/p>\n\n\n\n<p><strong>10<\/strong>. <strong>Apresenta\u00e7\u00e3o de trabalhos<\/strong> (\u00e0s 10 h):&nbsp;<\/p>\n\n\n\n<ul><li><strong><a href=\"https:\/\/eventos.ifbaiano.edu.br\/portal\/congresso\/4-seminario-de-extensao-inovacao-e-cultura-2022\/\" data-type=\"URL\" data-id=\"https:\/\/eventos.ifbaiano.edu.br\/portal\/congresso\/4-seminario-de-extensao-inovacao-e-cultura-2022\/\" target=\"_blank\" rel=\"noreferrer noopener\">IV SEIC<\/a><\/strong>&nbsp;                                               <\/li><li><a href=\"https:\/\/eventos.ifbaiano.edu.br\/portal\/congresso\/9-mostra-de-iniciacao-cientifica-2022\/\" data-type=\"URL\" data-id=\"https:\/\/eventos.ifbaiano.edu.br\/portal\/congresso\/9-mostra-de-iniciacao-cientifica-2022\/\" target=\"_blank\" rel=\"noreferrer noopener\"><strong>MIC<\/strong> <strong>2022<\/strong><\/a>&nbsp;<\/li><\/ul>\n\n\n\n<p><strong>11.  PALESTRA 1 \u2013<\/strong> A prote\u00e7\u00e3o da propriedade intelectual pelas ICTs da Bahia e suas implica\u00e7\u00f5es no desenvolvimento local ( \u00e0s 13h 30)<\/p>\n\n\n\n<p><strong>Palestrante<\/strong>: Uilson Tanan &#8211; Pesquisador em Propriedade Industrial &#8211; INPI&nbsp;<\/p>\n\n\n\n<p> <strong>Local: <\/strong>Audit\u00f3rio do Pavilh\u00e3o 2  <\/p>\n\n\n\n<p><strong>12<\/strong>.  <strong>MESA 5:<\/strong> &#8220;Geni em A\u00e7\u00e3o: discutindo g\u00eanero, diversidade e sexualidade no IF Baiano&#8221; ( \u00e0s 13h 30)<\/p>\n\n\n\n<p><strong>Palestrantes: <\/strong>Quezia dos Santos Lima (Geni Valen\u00e7a\/Gedisex) <\/p>\n\n\n\n<p>                       Ferdinando Melo (Geni Catu\/Gedisex)<\/p>\n\n\n\n<p>                        Iara Colina (Geni Uru\u00e7uca\/Gedisex)<\/p>\n\n\n\n<p><strong>Local<\/strong>:   RESTAURANTE PEDAG\u00d3GICO &#8211; PAVILH\u00c3O 2   <\/p>\n\n\n\n<p><a rel=\"noreferrer noopener\" href=\"https:\/\/ifbaiano.edu.br\/portal\/extensao\/famif-baiano-2022\/\" data-type=\"URL\" data-id=\"https:\/\/ifbaiano.edu.br\/portal\/extensao\/famif-baiano-2022\/\" target=\"_blank\"><strong>13.<\/strong> <strong><strong>Etapa intercampi do Festival de Arte e Musica do IFBAIANO<\/strong><\/strong> &#8211; FAMIF BAIANO 2022 (\u00e0s 15:30)<\/a><\/p>\n\n\n\n<p> <strong>Local: <\/strong>Gin\u00e1sio de Esportes do Campus <\/p>\n\n\n\n<p><\/p>\n\n\n\n<p class=\"has-text-align-center\"><strong><span style=\"text-decoration: underline\">08 de dezembro de 2022<\/span><\/strong><\/p>\n\n\n\n<p><strong>14.&nbsp;<strong>MESA 6<\/strong><\/strong> &#8211;  Relatos de Experi\u00eancia Edital 138\/2021 (\u00e0s 8 h 30)<\/p>\n\n\n\n<p><strong>Convidados:<\/strong> Coordenadores de Projetos do Programa de Extens\u00e3o Tecnol\u00f3gica <\/p>\n\n\n\n<p> <strong>Local: <\/strong> RESTAURANTE PEDAG\u00d3GICO &#8211; PAVILH\u00c3O 2 <\/p>\n\n\n\n<p><strong>15. PALESTRA 2 &#8211;<\/strong>  \u00c9tica na pesquisa cient\u00edfica: o papel do sistema CEP\/CONEP (\u00e0s 8h 30)<br><strong> Palestrante:<\/strong>  Prof\u00aa Aleciane Ferreira &#8211; Membro da Comiss\u00e3o de \u00c9tica do IF Baiano<\/p>\n\n\n\n<p> <strong>Local<\/strong>:  Audit\u00f3rio Pavilh\u00e3o 2 <\/p>\n\n\n\n<p><strong>16<\/strong>. <strong>Apresenta\u00e7\u00e3o de trabalhos<\/strong> (\u00e0s 10 h):&nbsp; <strong>LOCAL<\/strong>: PAVILH\u00c3O 2<\/p>\n\n\n\n<ul><li><a rel=\"noreferrer noopener\" href=\"https:\/\/eventos.ifbaiano.edu.br\/portal\/congresso\/4-seminario-de-extensao-inovacao-e-cultura-2022\/\" data-type=\"URL\" data-id=\"https:\/\/eventos.ifbaiano.edu.br\/portal\/congresso\/4-seminario-de-extensao-inovacao-e-cultura-2022\/\" target=\"_blank\"><strong>IV SEIC<\/strong>&nbsp;<\/a>                                               <\/li><li><a rel=\"noreferrer noopener\" href=\"https:\/\/eventos.ifbaiano.edu.br\/portal\/congresso\/9-mostra-de-iniciacao-cientifica-2022\/\" data-type=\"URL\" data-id=\"https:\/\/eventos.ifbaiano.edu.br\/portal\/congresso\/9-mostra-de-iniciacao-cientifica-2022\/\" target=\"_blank\"><strong>MIC<\/strong> <strong>2022<\/strong>&nbsp;<\/a><\/li><li><\/li><\/ul>\n\n\n\n<p><strong>17.   <\/strong><a rel=\"noreferrer noopener\" href=\"https:\/\/ifbaiano.edu.br\/portal\/extensao\/famif-baiano-2022\/\" data-type=\"URL\" data-id=\"https:\/\/ifbaiano.edu.br\/portal\/extensao\/famif-baiano-2022\/\" target=\"_blank\"><strong><strong><strong>Etapa intercampi do Festival de Arte e Musica do IFBAIANO<\/strong><\/strong> &#8211; FAMIF BAIANO 2022 (\u00e0s 13h 30) <\/strong>   <\/a>                                                                                                                                                                                                                    <br>  <strong>Local: <\/strong>Gin\u00e1sio de Esportes do Campus  <\/p>\n\n\n\n<p> <strong>18.   <strong><strong>ENCERRAMENTO DO CONGRESSO \/ FAMIF<\/strong><\/strong><\/strong> (\u00e0s 17 h)     <\/p>\n\n\n\n<p> <strong>Local: <\/strong>Gin\u00e1sio de Esportes do Campus  <\/p>\n\n\n\n<p><strong>19 . ESPA\u00c7O DE REGULA\u00c7\u00c3O SENSORIAL PARA NEURODIVERGENTES &#8211;  <span style=\"color:#000000\" class=\"has-inline-color\"> ATIVIDADE CONT\u00cdNUA DURANTE OS DIAS 06,07 E 08 DE DEZEMBRO<\/span> <\/strong><\/p>\n\n\n\n<p> <strong style=\"color: var(--nv-text-color);font-family: Graphik,-apple-system,BlinkMacSystemFont,Segoe UI,var(--nv-fallback-ff);background-color: var(--nv-site-bg)\">LOCAL<\/strong><span style=\"color: var(--nv-text-color);font-family: Graphik,-apple-system,BlinkMacSystemFont,Segoe UI,var(--nv-fallback-ff);background-color: var(--nv-site-bg)\">: SALA 10 &#8211; PAVILH\u00c3O 2<\/span><\/p>\n\n\n\n<p> <strong>20<\/strong>. <strong><span style=\"color:#000000\" class=\"has-inline-color\">TRILHA SENSORIAL &#8211; ATIVIDADE CONT\u00cdNUA DURANTE OS DIAS 06,07 E 08 DE DEZEMBRO<\/span><\/strong><\/p>\n\n\n\n<ul id=\"block-b3ddc4c5-7914-41fa-8384-e60a0e154322\"><li><strong>LOCAL<\/strong>: CAMINH\u00c3O ETEC<\/li><\/ul>\n","protected":false},"excerpt":{"rendered":"<p>06 de dezembro de 2022 1.&nbsp;Abertura Oficial (\u00e0s 9h) 2.&nbsp;Confer\u00eancia de Abertura:(\u00e0s 10h) Tema: Educar para vida: o papel do Ensino, Pesquisa e Extens\u00e3o nos institutos federais. Palestrante: Prof\u00aa Dra Maria Leopoldina Veras \u2013 IF Sert\u00e3o Pernambucano Local: Gin\u00e1sio de Esportes do Campus 3. OFICINAS Pesquisando nas Bases de Dados (14 h &#8211; 15:30) &#8211;&hellip;&nbsp;<a href=\"https:\/\/eventos.ifbaiano.edu.br\/portal\/congresso\/programacao-2022\/\" rel=\"bookmark\">Continue a ler &raquo;<span class=\"screen-reader-text\">Programa\u00e7\u00e3o<\/span><\/a><\/p>\n","protected":false},"author":20,"featured_media":0,"parent":0,"menu_order":0,"comment_status":"closed","ping_status":"closed","template":"","meta":{"neve_meta_sidebar":"full-width","neve_meta_container":"","neve_meta_enable_content_width":"on","neve_meta_content_width":100,"neve_meta_title_alignment":"","neve_meta_author_avatar":"","neve_post_elements_order":"","neve_meta_disable_header":"","neve_meta_disable_footer":"","neve_meta_disable_title":"","footnotes":""},"_links":{"self":[{"href":"https:\/\/eventos.ifbaiano.edu.br\/portal\/congresso\/wp-json\/wp\/v2\/pages\/1890"}],"collection":[{"href":"https:\/\/eventos.ifbaiano.edu.br\/portal\/congresso\/wp-json\/wp\/v2\/pages"}],"about":[{"href":"https:\/\/eventos.ifbaiano.edu.br\/portal\/congresso\/wp-json\/wp\/v2\/types\/page"}],"author":[{"embeddable":true,"href":"https:\/\/eventos.ifbaiano.edu.br\/portal\/congresso\/wp-json\/wp\/v2\/users\/20"}],"replies":[{"embeddable":true,"href":"https:\/\/eventos.ifbaiano.edu.br\/portal\/congresso\/wp-json\/wp\/v2\/comments?post=1890"}],"version-history":[{"count":1,"href":"https:\/\/eventos.ifbaiano.edu.br\/portal\/congresso\/wp-json\/wp\/v2\/pages\/1890\/revisions"}],"predecessor-version":[{"id":1891,"href":"https:\/\/eventos.ifbaiano.edu.br\/portal\/congresso\/wp-json\/wp\/v2\/pages\/1890\/revisions\/1891"}],"wp:attachment":[{"href":"https:\/\/eventos.ifbaiano.edu.br\/portal\/congresso\/wp-json\/wp\/v2\/media?parent=1890"}],"curies":[{"name":"wp","href":"https:\/\/api.w.org\/{rel}","templated":true}]}}