{"id":1707,"date":"2022-10-14T10:33:49","date_gmt":"2022-10-14T13:33:49","guid":{"rendered":"https:\/\/eventos.ifbaiano.edu.br\/portal\/congresso\/?page_id=1707"},"modified":"2022-11-19T21:35:18","modified_gmt":"2022-11-20T00:35:18","slug":"3-simposio-de-internacionalizacao-2022","status":"publish","type":"page","link":"https:\/\/eventos.ifbaiano.edu.br\/portal\/congresso\/3-simposio-de-internacionalizacao-2022\/","title":{"rendered":"III Simp\u00f3sio de Internacionaliza\u00e7\u00e3o"},"content":{"rendered":"\n<p class=\"has-text-align-left\">A internacionaliza\u00e7\u00e3o nas institui\u00e7\u00f5es da Rede Federal de Educa\u00e7\u00e3o Profissional, Cient\u00edfica e Tecnol\u00f3gica (RFEPCT) \u00e9 uma necessidade intercultural e transversal, que engloba tanto as a\u00e7\u00f5es de desenvolvimento institucional, ensino, extens\u00e3o, pesquisa e inova\u00e7\u00e3o quanto as a\u00e7\u00f5es de gest\u00e3o. Trata-se de um processo em que toda a comunidade acad\u00eamica desempenha um importante papel, portanto sua promo\u00e7\u00e3o \u00e9 responsabilidade de todos(as).<\/p>\n\n\n\n<p class=\"has-text-align-left\">Uma das maiores demandas para o desenvolvimento da internacionaliza\u00e7\u00e3o no IF Baiano \u00e9 a valoriza\u00e7\u00e3o do processo de aprendizagem em l\u00ednguas estrangeiras e nacionais, em especial, o seu dom\u00ednio\/flu\u00eancia qualificado. Diante disso,&nbsp;est\u00e3o sendo criados os Centros de L\u00ednguas nos nossos campi como estrat\u00e9gias para o fortalecimento da internacionaliza\u00e7\u00e3o e das \u00e1reas de l\u00ednguas, al\u00e9m de consolidar o proposto na nossa Pol\u00edtica Lingu\u00edstica, base importante para uma pol\u00edtica de internacionaliza\u00e7\u00e3o.<\/p>\n\n\n\n<p class=\"has-text-align-left\">Tivemos como tema do I Sinter (2020) \u201cPerspectivas e desafios contempor\u00e2neos da internacionaliza\u00e7\u00e3o da Rede Federal de Educa\u00e7\u00e3o Cient\u00edfica e Tecnol\u00f3gica\u201d. J\u00e1 o II Sinter (2021), que dessa vez integrou a programa\u00e7\u00e3o do II Congresso do IF Baiano, teve como tema &#8220;Ci\u00eancia, cultura digital e inova\u00e7\u00e3o: a produ\u00e7\u00e3o do conhecimento no Ensino, Extens\u00e3o, Pesquisa e Internacionaliza\u00e7\u00e3o em contexto de Pandemia&#8221;.<\/p>\n\n\n\n<p class=\"has-text-align-left\">O III Simp\u00f3sio de Internacionaliza\u00e7\u00e3o (Sinter), nesse ano, apresenta como tema \u201cOs Centros de L\u00ednguas (CeLin) no IF Baiano: espa\u00e7os formativos de internacionaliza\u00e7\u00e3o e interculturalidade\u201d. Essa edi\u00e7\u00e3o ser\u00e1 uma excelente oportunidade de partilhas de ideias sobre internacionaliza\u00e7\u00e3o e estrat\u00e9gias institucionais para trilhar caminhos que possibilitem o crescimento e desenvolvimento de toda a comunidade acad\u00eamica, e tamb\u00e9m de socializa\u00e7\u00e3o das boas pr\u00e1ticas desenvolvidas pelo IF Baiano.<\/p>\n\n\n\n<h2 class=\"has-text-align-center wp-block-heading\"><strong><a rel=\"noreferrer noopener\" href=\"https:\/\/suap.ifbaiano.edu.br\/eventos\/inscricao_publica\/773\/\" data-type=\"URL\" data-id=\"https:\/\/suap.ifbaiano.edu.br\/eventos\/inscricao_publica\/773\/\" target=\"_blank\">INSCRI\u00c7\u00d5ES PARA O III SINTER  AQUI!!!!!<\/a><\/strong><\/h2>\n\n\n\n<p><\/p>\n\n\n\n<figure class=\"wp-block-image size-large is-style-default\"><img loading=\"lazy\" decoding=\"async\" width=\"1024\" height=\"1024\" src=\"https:\/\/eventos.ifbaiano.edu.br\/portal\/congresso\/files\/2022\/11\/card-programacao-3-sinter-1024x1024.png\" alt=\"\" class=\"wp-image-1785\" srcset=\"https:\/\/eventos.ifbaiano.edu.br\/portal\/congresso\/files\/2022\/11\/card-programacao-3-sinter-1024x1024.png 1024w, https:\/\/eventos.ifbaiano.edu.br\/portal\/congresso\/files\/2022\/11\/card-programacao-3-sinter-300x300.png 300w, https:\/\/eventos.ifbaiano.edu.br\/portal\/congresso\/files\/2022\/11\/card-programacao-3-sinter-150x150.png 150w, https:\/\/eventos.ifbaiano.edu.br\/portal\/congresso\/files\/2022\/11\/card-programacao-3-sinter-768x768.png 768w, https:\/\/eventos.ifbaiano.edu.br\/portal\/congresso\/files\/2022\/11\/card-programacao-3-sinter.png 1080w\" sizes=\"(max-width: 1024px) 100vw, 1024px\" \/><\/figure>\n","protected":false},"excerpt":{"rendered":"<p>A internacionaliza\u00e7\u00e3o nas institui\u00e7\u00f5es da Rede Federal de Educa\u00e7\u00e3o Profissional, Cient\u00edfica e Tecnol\u00f3gica (RFEPCT) \u00e9 uma necessidade intercultural e transversal, que engloba tanto as a\u00e7\u00f5es de desenvolvimento institucional, ensino, extens\u00e3o, pesquisa e inova\u00e7\u00e3o quanto as a\u00e7\u00f5es de gest\u00e3o. Trata-se de um processo em que toda a comunidade acad\u00eamica desempenha um importante papel, portanto sua promo\u00e7\u00e3o&hellip;&nbsp;<a href=\"https:\/\/eventos.ifbaiano.edu.br\/portal\/congresso\/3-simposio-de-internacionalizacao-2022\/\" rel=\"bookmark\">Continue a ler &raquo;<span class=\"screen-reader-text\">III Simp\u00f3sio de Internacionaliza\u00e7\u00e3o<\/span><\/a><\/p>\n","protected":false},"author":20,"featured_media":1785,"parent":0,"menu_order":0,"comment_status":"closed","ping_status":"closed","template":"","meta":{"neve_meta_sidebar":"full-width","neve_meta_container":"","neve_meta_enable_content_width":"on","neve_meta_content_width":100,"neve_meta_title_alignment":"","neve_meta_author_avatar":"","neve_post_elements_order":"","neve_meta_disable_header":"","neve_meta_disable_footer":"","neve_meta_disable_title":"","footnotes":""},"_links":{"self":[{"href":"https:\/\/eventos.ifbaiano.edu.br\/portal\/congresso\/wp-json\/wp\/v2\/pages\/1707"}],"collection":[{"href":"https:\/\/eventos.ifbaiano.edu.br\/portal\/congresso\/wp-json\/wp\/v2\/pages"}],"about":[{"href":"https:\/\/eventos.ifbaiano.edu.br\/portal\/congresso\/wp-json\/wp\/v2\/types\/page"}],"author":[{"embeddable":true,"href":"https:\/\/eventos.ifbaiano.edu.br\/portal\/congresso\/wp-json\/wp\/v2\/users\/20"}],"replies":[{"embeddable":true,"href":"https:\/\/eventos.ifbaiano.edu.br\/portal\/congresso\/wp-json\/wp\/v2\/comments?post=1707"}],"version-history":[{"count":4,"href":"https:\/\/eventos.ifbaiano.edu.br\/portal\/congresso\/wp-json\/wp\/v2\/pages\/1707\/revisions"}],"predecessor-version":[{"id":1786,"href":"https:\/\/eventos.ifbaiano.edu.br\/portal\/congresso\/wp-json\/wp\/v2\/pages\/1707\/revisions\/1786"}],"wp:featuredmedia":[{"embeddable":true,"href":"https:\/\/eventos.ifbaiano.edu.br\/portal\/congresso\/wp-json\/wp\/v2\/media\/1785"}],"wp:attachment":[{"href":"https:\/\/eventos.ifbaiano.edu.br\/portal\/congresso\/wp-json\/wp\/v2\/media?parent=1707"}],"curies":[{"name":"wp","href":"https:\/\/api.w.org\/{rel}","templated":true}]}}