{"id":1681,"date":"2022-10-11T16:01:11","date_gmt":"2022-10-11T19:01:11","guid":{"rendered":"https:\/\/eventos.ifbaiano.edu.br\/portal\/congresso\/?page_id=1681"},"modified":"2025-06-05T09:08:02","modified_gmt":"2025-06-05T12:08:02","slug":"eventos-anteriores","status":"publish","type":"page","link":"https:\/\/eventos.ifbaiano.edu.br\/portal\/congresso\/eventos-anteriores\/","title":{"rendered":"Eventos Anteriores"},"content":{"rendered":"\n<p><a href=\"https:\/\/eventos.ifbaiano.edu.br\/portal\/congresso\/cepex2024\/\">3\u00aa Edi\u00e7\u00e3o do Congresso de Ensino, Pesquisa e Extens\u00e3o do IF Baiano, ano de 2024<\/a><\/p>\n\n\n\n<p><a href=\"https:\/\/eventos.ifbaiano.edu.br\/portal\/congresso\/cepex2023\/\">2\u00aa Edi\u00e7\u00e3o do Congresso de Ensino, Pesquisa e Extens\u00e3o do IF Baiano, ano de 2023<\/a><\/p>\n\n\n\n<p><a href=\"https:\/\/eventos.ifbaiano.edu.br\/portal\/congresso\/2022-2\/\">1\u00aa Edi\u00e7\u00e3o do Congresso de Ensino, Pesquisa e Extens\u00e3o do IF Baiano, ano de 2022<\/a><\/p>\n\n\n\n<p><\/p>\n","protected":false},"excerpt":{"rendered":"<p>3\u00aa Edi\u00e7\u00e3o do Congresso de Ensino, Pesquisa e Extens\u00e3o do IF Baiano, ano de 2024 2\u00aa Edi\u00e7\u00e3o do Congresso de Ensino, Pesquisa e Extens\u00e3o do IF Baiano, ano de 2023 1\u00aa Edi\u00e7\u00e3o do Congresso de Ensino, Pesquisa e Extens\u00e3o do IF Baiano, ano de 2022<\/p>\n","protected":false},"author":20,"featured_media":0,"parent":0,"menu_order":0,"comment_status":"closed","ping_status":"closed","template":"","meta":{"neve_meta_sidebar":"full-width","neve_meta_container":"","neve_meta_enable_content_width":"on","neve_meta_content_width":100,"neve_meta_title_alignment":"","neve_meta_author_avatar":"","neve_post_elements_order":"","neve_meta_disable_header":"","neve_meta_disable_footer":"","neve_meta_disable_title":"","footnotes":""},"_links":{"self":[{"href":"https:\/\/eventos.ifbaiano.edu.br\/portal\/congresso\/wp-json\/wp\/v2\/pages\/1681"}],"collection":[{"href":"https:\/\/eventos.ifbaiano.edu.br\/portal\/congresso\/wp-json\/wp\/v2\/pages"}],"about":[{"href":"https:\/\/eventos.ifbaiano.edu.br\/portal\/congresso\/wp-json\/wp\/v2\/types\/page"}],"author":[{"embeddable":true,"href":"https:\/\/eventos.ifbaiano.edu.br\/portal\/congresso\/wp-json\/wp\/v2\/users\/20"}],"replies":[{"embeddable":true,"href":"https:\/\/eventos.ifbaiano.edu.br\/portal\/congresso\/wp-json\/wp\/v2\/comments?post=1681"}],"version-history":[{"count":11,"href":"https:\/\/eventos.ifbaiano.edu.br\/portal\/congresso\/wp-json\/wp\/v2\/pages\/1681\/revisions"}],"predecessor-version":[{"id":4621,"href":"https:\/\/eventos.ifbaiano.edu.br\/portal\/congresso\/wp-json\/wp\/v2\/pages\/1681\/revisions\/4621"}],"wp:attachment":[{"href":"https:\/\/eventos.ifbaiano.edu.br\/portal\/congresso\/wp-json\/wp\/v2\/media?parent=1681"}],"curies":[{"name":"wp","href":"https:\/\/api.w.org\/{rel}","templated":true}]}}