{"id":1678,"date":"2022-10-11T15:04:30","date_gmt":"2022-10-11T18:04:30","guid":{"rendered":"https:\/\/eventos.ifbaiano.edu.br\/portal\/congresso\/?page_id=1678"},"modified":"2022-12-16T16:38:43","modified_gmt":"2022-12-16T19:38:43","slug":"certificados","status":"publish","type":"page","link":"https:\/\/eventos.ifbaiano.edu.br\/portal\/congresso\/certificados\/","title":{"rendered":"Certificados"},"content":{"rendered":"\n<figure class=\"wp-block-image size-large is-resized\"><img loading=\"lazy\" decoding=\"async\" src=\"https:\/\/eventos.ifbaiano.edu.br\/portal\/congresso\/files\/2022\/12\/header-form-mic-congresso-2022-1024x255.png\" alt=\"\" class=\"wp-image-1932\" width=\"1170\" height=\"291\" srcset=\"https:\/\/eventos.ifbaiano.edu.br\/portal\/congresso\/files\/2022\/12\/header-form-mic-congresso-2022-1024x255.png 1024w, https:\/\/eventos.ifbaiano.edu.br\/portal\/congresso\/files\/2022\/12\/header-form-mic-congresso-2022-300x75.png 300w, https:\/\/eventos.ifbaiano.edu.br\/portal\/congresso\/files\/2022\/12\/header-form-mic-congresso-2022-768x191.png 768w, https:\/\/eventos.ifbaiano.edu.br\/portal\/congresso\/files\/2022\/12\/header-form-mic-congresso-2022-1536x382.png 1536w, https:\/\/eventos.ifbaiano.edu.br\/portal\/congresso\/files\/2022\/12\/header-form-mic-congresso-2022.png 1636w\" sizes=\"(max-width: 1170px) 100vw, 1170px\" \/><\/figure>\n\n\n\n<h1 class=\"has-text-align-center has-nv-c-1-color has-text-color wp-block-heading\"><strong>PREMIADOS MIC 2022   &#8211;   PIBIC   &#8211;   Modalidade Gradua\u00e7\u00e3o<\/strong><\/h1>\n\n\n\n<figure class=\"wp-block-table is-style-stripes\"><table><tbody><tr><td class=\"has-text-align-center\" data-align=\"center\"><strong>#<\/strong> <\/td><td class=\"has-text-align-center\" data-align=\"center\"><strong>Campus<\/strong><\/td><td class=\"has-text-align-center\" data-align=\"center\"><strong>T\u00edtulo<\/strong><\/td><td class=\"has-text-align-center\" data-align=\"center\"><strong>Bolsista<\/strong><\/td><td class=\"has-text-align-center\" data-align=\"center\"><strong>Orientador<\/strong><\/td><\/tr><tr><td class=\"has-text-align-center\" data-align=\"center\"><strong>1\u00ba LUGAR<\/strong><\/td><td class=\"has-text-align-center\" data-align=\"center\">Guanambi<\/td><td class=\"has-text-align-center\" data-align=\"center\"><a href=\"https:\/\/eventos.ifbaiano.edu.br\/portal\/congresso\/files\/2022\/12\/certificado-congresso-2022-if-baiano-1o-LUGAR-1.pdf\" data-type=\"URL\" data-id=\"https:\/\/eventos.ifbaiano.edu.br\/portal\/congresso\/files\/2022\/12\/certificado-congresso-2022-if-baiano-1o-LUGAR-1.pdf\">Atividade antif\u00fangica de \u00f3leos essenciais sobre os agentes causais da doen\u00e7a antracnose na p\u00f3s-colheita de mam\u00e3o-papaia<\/a><\/td><td class=\"has-text-align-center\" data-align=\"center\">Robson de Queiros Domingues<\/td><td class=\"has-text-align-center\" data-align=\"center\">Aureluci Alves de Aquino<\/td><\/tr><tr><td class=\"has-text-align-center\" data-align=\"center\"><strong>2\u00ba LUGAR<\/strong><\/td><td class=\"has-text-align-center\" data-align=\"center\">Guanambi<\/td><td class=\"has-text-align-center\" data-align=\"center\"><a href=\"https:\/\/eventos.ifbaiano.edu.br\/portal\/congresso\/files\/2022\/12\/certificado-congresso-2022-if-baiano-2o-LUGAR-1.pdf\" data-type=\"URL\" data-id=\"https:\/\/eventos.ifbaiano.edu.br\/portal\/congresso\/files\/2022\/12\/certificado-congresso-2022-if-baiano-2o-LUGAR-1.pdf\">Produ\u00e7\u00e3o de ora-pro-n\u00f3bis com uso de biofertilizante e cobertura com moringa em sistema org\u00e2nica<\/a><\/td><td class=\"has-text-align-center\" data-align=\"center\">Queila Cruz de Souza<\/td><td class=\"has-text-align-center\" data-align=\"center\">Felizarda Viana Beb\u00e9<\/td><\/tr><tr><td class=\"has-text-align-center\" data-align=\"center\"><strong>3\u00ba LUGAR<\/strong><\/td><td class=\"has-text-align-center\" data-align=\"center\">Teixeira de Freitas<\/td><td class=\"has-text-align-center\" data-align=\"center\"><a href=\"https:\/\/eventos.ifbaiano.edu.br\/portal\/congresso\/files\/2022\/12\/certificado-congresso-2022-if-baiano-3o-LUGAR-1.pdf\" data-type=\"URL\" data-id=\"https:\/\/eventos.ifbaiano.edu.br\/portal\/congresso\/files\/2022\/12\/certificado-congresso-2022-if-baiano-3o-LUGAR-1.pdf\">Avalia\u00e7\u00e3o da suscetibilidade diferencial de variedades de pitaia ao ataque de insetos-praga: Determina\u00e7\u00e3o de danos e poss\u00edveis causas da suscetibilidade<\/a><\/td><td class=\"has-text-align-center\" data-align=\"center\">Sarah Souza Ac\u00e1cio<\/td><td class=\"has-text-align-center\" data-align=\"center\">J\u00falio Claudio Martins (<em>IN MEMORIAN<\/em>)<\/td><\/tr><tr><td class=\"has-text-align-center\" data-align=\"center\"><strong>4\u00ba LUGAR<\/strong><\/td><td class=\"has-text-align-center\" data-align=\"center\">Uru\u00e7uca<\/td><td class=\"has-text-align-center\" data-align=\"center\"><a href=\"https:\/\/eventos.ifbaiano.edu.br\/portal\/congresso\/files\/2022\/12\/certificado-congresso-2022-if-baiano-4o-LUGAR-1.pdf\" data-type=\"URL\" data-id=\"https:\/\/eventos.ifbaiano.edu.br\/portal\/congresso\/files\/2022\/12\/certificado-congresso-2022-if-baiano-4o-LUGAR-1.pdf\">Qualidade microbiol\u00f3gica de chocolates &#8220;BEAN TO BAR&#8221; produzidos e comercializados nos munic\u00edpios integrantes da rota tur\u00edstica estrada do chocolate<\/a><\/td><td class=\"has-text-align-center\" data-align=\"center\">Jaqueline Sandes Anuncia\u00e7\u00e3o<\/td><td class=\"has-text-align-center\" data-align=\"center\">Elck Almeida Carvalho<\/td><\/tr><tr><td class=\"has-text-align-center\" data-align=\"center\"><strong>4\u00ba LUGAR<\/strong><\/td><td class=\"has-text-align-center\" data-align=\"center\">Catu<\/td><td class=\"has-text-align-center\" data-align=\"center\"><a href=\"https:\/\/eventos.ifbaiano.edu.br\/portal\/congresso\/files\/2022\/12\/certificado-congresso-2022-if-baiano-4-LUGAR.pdf\" data-type=\"URL\" data-id=\"https:\/\/eventos.ifbaiano.edu.br\/portal\/congresso\/files\/2022\/12\/certificado-congresso-2022-if-baiano-4-LUGAR.pdf\">Monitoramento dos res\u00edduos s\u00f3lidos no parque marinho da cidade baixa, Salvador, Bahia, Brasil: Subs\u00eddio a constru\u00e7\u00e3o do plano de manejo <\/a><\/td><td class=\"has-text-align-center\" data-align=\"center\">Anna Clara Barbosa Santos<\/td><td class=\"has-text-align-center\" data-align=\"center\">Jos\u00e9 Rodrigues de Souza Filho<\/td><\/tr><tr><td class=\"has-text-align-center\" data-align=\"center\"><strong>5\u00ba LUGAR<\/strong><\/td><td class=\"has-text-align-center\" data-align=\"center\">Valen\u00e7a<\/td><td class=\"has-text-align-center\" data-align=\"center\"><a href=\"https:\/\/eventos.ifbaiano.edu.br\/portal\/congresso\/files\/2022\/12\/certificado-congresso-2022-if-baiano-5o-LUGAR-1.pdf\" data-type=\"URL\" data-id=\"https:\/\/eventos.ifbaiano.edu.br\/portal\/congresso\/files\/2022\/12\/certificado-congresso-2022-if-baiano-5o-LUGAR-1.pdf\"> Qualidade da \u00e1gua em estu\u00e1rio tropical: Varia\u00e7\u00e3o sazional e espacial <\/a><\/td><td class=\"has-text-align-center\" data-align=\"center\"> Wanessa Gabrielly Silva Pacheco <\/td><td class=\"has-text-align-center\" data-align=\"center\"> Patr\u00edcia Oliveira dos Santos <\/td><\/tr><\/tbody><\/table><\/figure>\n\n\n\n<h1 class=\"has-text-align-center has-nv-c-1-color has-text-color wp-block-heading\"><strong>PREMIADOS MIC 2022   &#8211;   PIBIC   &#8211;   Modalidade  Ensino M\u00e9dio<\/strong><\/h1>\n\n\n\n<figure class=\"wp-block-table is-style-stripes\"><table><tbody><tr><td class=\"has-text-align-center\" data-align=\"center\"><strong>#<\/strong><\/td><td class=\"has-text-align-center\" data-align=\"center\"><strong>Campus<\/strong><\/td><td class=\"has-text-align-center\" data-align=\"center\"><strong>T\u00edtulo<\/strong><\/td><td class=\"has-text-align-center\" data-align=\"center\"><strong>Bolsista<\/strong><\/td><td class=\"has-text-align-center\" data-align=\"center\"><strong>Orientador<\/strong><\/td><\/tr><tr><td class=\"has-text-align-center\" data-align=\"center\"><strong>1\u00ba LUGAR<\/strong><\/td><td class=\"has-text-align-center\" data-align=\"center\">Uru\u00e7uca<\/td><td class=\"has-text-align-center\" data-align=\"center\"><a href=\"https:\/\/eventos.ifbaiano.edu.br\/portal\/congresso\/files\/2022\/12\/certificado-congresso-2022-if-baiano-1o-LUGAR.pdf\" data-type=\"URL\" data-id=\"https:\/\/eventos.ifbaiano.edu.br\/portal\/congresso\/files\/2022\/12\/certificado-congresso-2022-if-baiano-1o-LUGAR.pdf\">Mapeamento da din\u00e2mica espa\u00e7o-temporal do estresse h\u00eddrico na vegeta\u00e7\u00e3o para o estado da Bahia utilizando sensoriamento remoto<\/a><\/td><td class=\"has-text-align-center\" data-align=\"center\">Izabelle Garcez Barbosa<\/td><td class=\"has-text-align-center\" data-align=\"center\">Alzira Gabrielle Soares Saraiva Souza<\/td><\/tr><tr><td class=\"has-text-align-center\" data-align=\"center\"><strong>2\u00b0 LUGAR<\/strong><\/td><td class=\"has-text-align-center\" data-align=\"center\">Valen\u00e7a<\/td><td class=\"has-text-align-center\" data-align=\"center\"><a href=\"https:\/\/eventos.ifbaiano.edu.br\/portal\/congresso\/files\/2022\/12\/certificado-congresso-2022-if-baiano-2o-LUGAR.pdf\" data-type=\"URL\" data-id=\"https:\/\/eventos.ifbaiano.edu.br\/portal\/congresso\/files\/2022\/12\/certificado-congresso-2022-if-baiano-2o-LUGAR.pdf\">Potencial do uso de p\u00f3 de casca de ostra e biocarv\u00e3o de bucha de dend\u00ea na produ\u00e7\u00e3o de mudas de cravo-da-\u00edndia (syzygium aromaticum L.)<\/a><\/td><td class=\"has-text-align-center\" data-align=\"center\">Hemanuely dos Santos Batista dos Santos<\/td><td class=\"has-text-align-center\" data-align=\"center\">Maria Iraildes de Almeida Silva Matias<\/td><\/tr><tr><td class=\"has-text-align-center\" data-align=\"center\"><strong>3\u00ba LUGAR<\/strong><\/td><td class=\"has-text-align-center\" data-align=\"center\">Xique-Xique<\/td><td class=\"has-text-align-center\" data-align=\"center\"><a href=\"https:\/\/eventos.ifbaiano.edu.br\/portal\/congresso\/files\/2022\/12\/certificado-congresso-2022-if-baiano-3o-LUGAR.pdf\" data-type=\"URL\" data-id=\"https:\/\/eventos.ifbaiano.edu.br\/portal\/congresso\/files\/2022\/12\/certificado-congresso-2022-if-baiano-3o-LUGAR.pdf\">&#8220;Nas margens do velho chico&#8221;: Levantamento, coleta e cataloga\u00e7\u00e3o de documentos hist\u00f3ricos sobre Xique-Xique\/BA<\/a><\/td><td class=\"has-text-align-center\" data-align=\"center\">Kauane Mariano Gonzaga da Silva<\/td><td class=\"has-text-align-center\" data-align=\"center\">Thiago Alberto Alves dos Santos<\/td><\/tr><tr><td class=\"has-text-align-center\" data-align=\"center\"><strong>4\u00ba LUGAR<\/strong><\/td><td class=\"has-text-align-center\" data-align=\"center\">Alagoinhas<\/td><td class=\"has-text-align-center\" data-align=\"center\"><a href=\"https:\/\/eventos.ifbaiano.edu.br\/portal\/congresso\/files\/2022\/12\/certificado-congresso-2022-if-baiano-4o-LUGAR.pdf\" data-type=\"URL\" data-id=\"https:\/\/eventos.ifbaiano.edu.br\/portal\/congresso\/files\/2022\/12\/certificado-congresso-2022-if-baiano-4o-LUGAR.pdf\">&#8220;Isso aqui j\u00e1 virou o Chile&#8221;: Perspectivas sobre tempo e dura\u00e7\u00e3o nas representa\u00e7\u00f5es cinematogr\u00e1ficas da primavera secundarista<\/a><\/td><td class=\"has-text-align-center\" data-align=\"center\">Maria de F\u00e1tima Argolo<\/td><td class=\"has-text-align-center\" data-align=\"center\">Rodrigo Oliveira Lessa<\/td><\/tr><tr><td class=\"has-text-align-center\" data-align=\"center\"><strong>4\u00ba LUGAR<\/strong><\/td><td class=\"has-text-align-center\" data-align=\"center\">Santa In\u00eas<\/td><td class=\"has-text-align-center\" data-align=\"center\"><a href=\"https:\/\/eventos.ifbaiano.edu.br\/portal\/congresso\/files\/2022\/12\/certificado-congresso-2022-if-baiano-5o-LUGAR.pdf\" data-type=\"URL\" data-id=\"https:\/\/eventos.ifbaiano.edu.br\/portal\/congresso\/files\/2022\/12\/certificado-congresso-2022-if-baiano-5o-LUGAR.pdf\">Elabora\u00e7\u00e3o de Nhoque sem gl\u00faten produzido com farinha de arroz e casca de maracuj\u00e1<\/a><\/td><td class=\"has-text-align-center\" data-align=\"center\">Maria Luiza Lago de Jesus<\/td><td class=\"has-text-align-center\" data-align=\"center\">Andrea Lobo Miranda<\/td><\/tr><tr><td class=\"has-text-align-center\" data-align=\"center\"><strong>5\u00ba LUGAR<\/strong><\/td><td class=\"has-text-align-center\" data-align=\"center\">Catu<\/td><td class=\"has-text-align-center\" data-align=\"center\"><a href=\"https:\/\/eventos.ifbaiano.edu.br\/portal\/congresso\/files\/2022\/12\/certificado-congresso-2022-if-baiano-6o-LUGAR.pdf\" data-type=\"URL\" data-id=\"https:\/\/eventos.ifbaiano.edu.br\/portal\/congresso\/files\/2022\/12\/certificado-congresso-2022-if-baiano-6o-LUGAR.pdf\">IAparaTod@s: um software para ensino e populariza\u00e7\u00e3o dos fundamentos da intelig\u00eancia artificial na educa\u00e7\u00e3o b\u00e1sica<\/a><\/td><td class=\"has-text-align-center\" data-align=\"center\">Pedro Henrique de Jesus Rocha<\/td><td class=\"has-text-align-center\" data-align=\"center\">Gilvan Martins Dur\u00e3es<\/td><\/tr><\/tbody><\/table><\/figure>\n\n\n\n<p class=\"has-background\" style=\"background-color:#53a300\"><\/p>\n\n\n\n<figure class=\"wp-block-image size-large is-resized\"><img loading=\"lazy\" decoding=\"async\" src=\"https:\/\/eventos.ifbaiano.edu.br\/portal\/congresso\/files\/2022\/12\/header-form-seic-congresso-2022-1024x255.jpg\" alt=\"\" class=\"wp-image-1933\" width=\"1168\" height=\"291\" srcset=\"https:\/\/eventos.ifbaiano.edu.br\/portal\/congresso\/files\/2022\/12\/header-form-seic-congresso-2022-1024x255.jpg 1024w, https:\/\/eventos.ifbaiano.edu.br\/portal\/congresso\/files\/2022\/12\/header-form-seic-congresso-2022-300x75.jpg 300w, https:\/\/eventos.ifbaiano.edu.br\/portal\/congresso\/files\/2022\/12\/header-form-seic-congresso-2022-768x191.jpg 768w, https:\/\/eventos.ifbaiano.edu.br\/portal\/congresso\/files\/2022\/12\/header-form-seic-congresso-2022-1536x382.jpg 1536w, https:\/\/eventos.ifbaiano.edu.br\/portal\/congresso\/files\/2022\/12\/header-form-seic-congresso-2022.jpg 1636w\" sizes=\"(max-width: 1168px) 100vw, 1168px\" \/><\/figure>\n\n\n\n<h1 class=\"has-text-align-center has-nv-c-1-color has-text-color wp-block-heading\"><strong>PREMIADOS  IV SEIC    &#8211;   PIBIEX   &#8211;   Modalidade  Superior<\/strong><\/h1>\n\n\n\n<figure class=\"wp-block-table is-style-stripes\"><table><tbody><tr><td class=\"has-text-align-center\" data-align=\"center\"><strong>#<\/strong><\/td><td class=\"has-text-align-center\" data-align=\"center\"><strong>Campus<\/strong><\/td><td class=\"has-text-align-center\" data-align=\"center\"><strong>T\u00edtulo<\/strong><\/td><td class=\"has-text-align-center\" data-align=\"center\"><strong>Bolsista<\/strong><\/td><td class=\"has-text-align-center\" data-align=\"center\"><strong>Orientador<\/strong><\/td><\/tr><tr><td class=\"has-text-align-center\" data-align=\"center\"><strong>1\u00ba LUGAR<\/strong><\/td><td class=\"has-text-align-center\" data-align=\"center\">Guanambi<\/td><td class=\"has-text-align-center\" data-align=\"center\"><a href=\"https:\/\/eventos.ifbaiano.edu.br\/portal\/congresso\/files\/2022\/12\/certificado-congresso-2022-if-baiano-1o-Sup.pdf\" data-type=\"URL\" data-id=\"https:\/\/eventos.ifbaiano.edu.br\/portal\/congresso\/files\/2022\/12\/certificado-congresso-2022-if-baiano-1o-Sup.pdf\">Produ\u00e7\u00e3o de mudas frut\u00edferas da caatinga<\/a><\/td><td class=\"has-text-align-center\" data-align=\"center\">Caliane de Carvalho Santos<\/td><td class=\"has-text-align-center\" data-align=\"center\">Pedro Ricardo Rocha Marques<\/td><\/tr><tr><td class=\"has-text-align-center\" data-align=\"center\"><strong>2\u00b0 LUGAR<\/strong><\/td><td class=\"has-text-align-center\" data-align=\"center\">Santa In\u00eas<\/td><td class=\"has-text-align-center\" data-align=\"center\"><a href=\"https:\/\/eventos.ifbaiano.edu.br\/portal\/congresso\/files\/2022\/12\/certificado-congresso-2022-if-baiano-2o-Sup.pdf\" data-type=\"URL\" data-id=\"https:\/\/eventos.ifbaiano.edu.br\/portal\/congresso\/files\/2022\/12\/certificado-congresso-2022-if-baiano-2o-Sup.pdf\">Capacita\u00e7\u00e3o de pequenos produtores para melhoria da qualidade do leite cru e gera\u00e7\u00e3o de renda no munic\u00edpio de Irajuba-Ba<\/a><\/td><td class=\"has-text-align-center\" data-align=\"center\">Renata Natiele Silva da Hora<\/td><td class=\"has-text-align-center\" data-align=\"center\">Jessica Caroline Bigaski Ribeiro<\/td><\/tr><tr><td class=\"has-text-align-center\" data-align=\"center\"><strong>3\u00ba LUGAR<\/strong><\/td><td class=\"has-text-align-center\" data-align=\"center\">Bom Jesus da Lapa<\/td><td class=\"has-text-align-center\" data-align=\"center\"><a href=\"https:\/\/eventos.ifbaiano.edu.br\/portal\/congresso\/files\/2022\/12\/certificado-congresso-2022-if-baiano-3o-Sup.pdf\" data-type=\"URL\" data-id=\"https:\/\/eventos.ifbaiano.edu.br\/portal\/congresso\/files\/2022\/12\/certificado-congresso-2022-if-baiano-3o-Sup.pdf\">Cerrado produtivo: escola, ci\u00eancia, tecnologia e produ\u00e7\u00e3o de alimentos agroecol\u00f3gicos no munic\u00edpio de Jaborandi-Ba <\/a><\/td><td class=\"has-text-align-center\" data-align=\"center\">Renata da Silva Carmo<\/td><td class=\"has-text-align-center\" data-align=\"center\">Junio Batista Custodio<\/td><\/tr><tr><td class=\"has-text-align-center\" data-align=\"center\"><strong>4\u00ba LUGAR<\/strong><\/td><td class=\"has-text-align-center\" data-align=\"center\">Senhor do Bonfim<\/td><td class=\"has-text-align-center\" data-align=\"center\"><a href=\"https:\/\/eventos.ifbaiano.edu.br\/portal\/congresso\/files\/2022\/12\/certificado-congresso-2022-if-baiano-4o-Sup.pdf\" data-type=\"URL\" data-id=\"https:\/\/eventos.ifbaiano.edu.br\/portal\/congresso\/files\/2022\/12\/certificado-congresso-2022-if-baiano-4o-Sup.pdf\">Qu\u00edmica inclusiva e contextualizada: oficinas de desenho universal de aprendizagem para professores do ensino m\u00e9dio<\/a><\/td><td class=\"has-text-align-center\" data-align=\"center\">Marcela Alves Magalh\u00e3es<\/td><td class=\"has-text-align-center\" data-align=\"center\">Airam Oliveira Santos<\/td><\/tr><tr><td class=\"has-text-align-center\" data-align=\"center\"><strong>5\u00ba LUGAR<\/strong><\/td><td class=\"has-text-align-center\" data-align=\"center\">Teixeira de Freitas<\/td><td class=\"has-text-align-center\" data-align=\"center\"><a href=\"https:\/\/eventos.ifbaiano.edu.br\/portal\/congresso\/files\/2022\/12\/certificado-congresso-2022-if-baiano-5o-Supe.pdf\" data-type=\"URL\" data-id=\"https:\/\/eventos.ifbaiano.edu.br\/portal\/congresso\/files\/2022\/12\/certificado-congresso-2022-if-baiano-5o-Supe.pdf\" target=\"_blank\" rel=\"noreferrer noopener\">O potencial da aldeia boca da mata para produ\u00e7\u00e3o e comercializa\u00e7\u00e3o de sementes de plantas medicinais: uma alternativa ao ecoturismo<\/a><\/td><td class=\"has-text-align-center\" data-align=\"center\">Lorrana Raquel Rodrigues Alves<\/td><td class=\"has-text-align-center\" data-align=\"center\">Andressa Vieira de Castro<\/td><\/tr><\/tbody><\/table><\/figure>\n\n\n\n<h1 class=\"has-text-align-center has-nv-c-1-color has-text-color wp-block-heading\"><strong>PREMIADOS  IV SEIC    &#8211;   PIBIEX   &#8211;   Modalidade  J\u00fanior<\/strong><\/h1>\n\n\n\n<figure class=\"wp-block-table is-style-stripes\"><table><tbody><tr><td class=\"has-text-align-center\" data-align=\"center\"><strong>#<\/strong><\/td><td class=\"has-text-align-center\" data-align=\"center\"><strong>Campus<\/strong><\/td><td class=\"has-text-align-center\" data-align=\"center\"><strong>T\u00edtulo<\/strong><\/td><td class=\"has-text-align-center\" data-align=\"center\"><strong>Bolsista<\/strong><\/td><td class=\"has-text-align-center\" data-align=\"center\"><strong>Orientador<\/strong><\/td><\/tr><tr><td class=\"has-text-align-center\" data-align=\"center\"><strong>1\u00ba LUGAR<\/strong><\/td><td class=\"has-text-align-center\" data-align=\"center\">Xique-Xique<\/td><td class=\"has-text-align-center\" data-align=\"center\"><a href=\"https:\/\/eventos.ifbaiano.edu.br\/portal\/congresso\/files\/2022\/12\/certificado-congresso-2022-if-baiano-1o-Junior.pdf\" data-type=\"URL\" data-id=\"https:\/\/eventos.ifbaiano.edu.br\/portal\/congresso\/files\/2022\/12\/certificado-congresso-2022-if-baiano-1o-Junior.pdf\">Cultivo de umbu gigante (<em>spondia tuberosa arr. c\u00e2m<\/em>): seguran\u00e7a alimentar e gera\u00e7\u00e3o de renda no Territ\u00f3rio de Irec\u00ea<\/a><\/td><td class=\"has-text-align-center\" data-align=\"center\">Abigail Fran\u00e7a Gomes<\/td><td class=\"has-text-align-center\" data-align=\"center\">Marcos Paulo Leite da Silva<\/td><\/tr><tr><td class=\"has-text-align-center\" data-align=\"center\"><strong>2\u00b0 LUGAR<\/strong><\/td><td class=\"has-text-align-center\" data-align=\"center\">Senhor do Bonfim<\/td><td class=\"has-text-align-center\" data-align=\"center\"><a href=\"https:\/\/eventos.ifbaiano.edu.br\/portal\/congresso\/files\/2022\/12\/certificado-congresso-2022-if-baiano-2o-Junior.pdf\" data-type=\"URL\" data-id=\"https:\/\/eventos.ifbaiano.edu.br\/portal\/congresso\/files\/2022\/12\/certificado-congresso-2022-if-baiano-2o-Junior.pdf\">Somando experi\u00eancias: qualifica\u00e7\u00e3o e capacita\u00e7\u00e3o ao grupo produtivo &#8220;Mulheres em A\u00e7\u00e3o&#8221;, comunidade gameleira\/Jaguarari-Ba <\/a><\/td><td class=\"has-text-align-center\" data-align=\"center\">\u00c9rica Vanessa da Silva Souza<\/td><td class=\"has-text-align-center\" data-align=\"center\">L\u00edvia Tavares Mendes Froes<\/td><\/tr><tr><td class=\"has-text-align-center\" data-align=\"center\"><strong>3\u00ba LUGAR<\/strong><\/td><td class=\"has-text-align-center\" data-align=\"center\">Governador Mangabeira<\/td><td class=\"has-text-align-center\" data-align=\"center\"><a href=\"https:\/\/eventos.ifbaiano.edu.br\/portal\/congresso\/files\/2022\/12\/certificado-congresso-2022-if-baiano-3o-Junior.pdf\" data-type=\"URL\" data-id=\"https:\/\/eventos.ifbaiano.edu.br\/portal\/congresso\/files\/2022\/12\/certificado-congresso-2022-if-baiano-3o-Junior.pdf\">Quintais produtivos: estrat\u00e9gias de fortalecimento da seguran\u00e7a alimentar local<\/a><\/td><td class=\"has-text-align-center\" data-align=\"center\">Weslei de Jesus <br>Santos Santana<\/td><td class=\"has-text-align-center\" data-align=\"center\">Jaqueline Araujo Castro<\/td><\/tr><tr><td class=\"has-text-align-center\" data-align=\"center\"><strong>4\u00ba LUGAR<\/strong><\/td><td class=\"has-text-align-center\" data-align=\"center\">Xique-Xique<\/td><td class=\"has-text-align-center\" data-align=\"center\"><a href=\"https:\/\/eventos.ifbaiano.edu.br\/portal\/congresso\/files\/2022\/12\/certificado-congresso-2022-if-baiano-4o-Junior.pdf\" data-type=\"URL\" data-id=\"https:\/\/eventos.ifbaiano.edu.br\/portal\/congresso\/files\/2022\/12\/certificado-congresso-2022-if-baiano-4o-Junior.pdf\">Igxique-o lian gong como gin\u00e1stica terap\u00eautica para a promo\u00e7\u00e3o da sa\u00fade da popula\u00e7\u00e3o de Xique-Xique<\/a><\/td><td class=\"has-text-align-center\" data-align=\"center\">Victoria Karoline Bruno Pereira<\/td><td class=\"has-text-align-center\" data-align=\"center\">Karine Miranda da Silva Pettersen<\/td><\/tr><tr><td class=\"has-text-align-center\" data-align=\"center\"><strong>5\u00ba LUGAR<\/strong><\/td><td class=\"has-text-align-center\" data-align=\"center\">Valen\u00e7a<\/td><td class=\"has-text-align-center\" data-align=\"center\"><a href=\"https:\/\/eventos.ifbaiano.edu.br\/portal\/congresso\/files\/2022\/12\/certificado-congresso-2022-if-baiano-5o-Junior.pdf\" data-type=\"URL\" data-id=\"https:\/\/eventos.ifbaiano.edu.br\/portal\/congresso\/files\/2022\/12\/certificado-congresso-2022-if-baiano-5o-Junior.pdf\">Entre a agricultura tradicional e a agroecologia: as pr\u00e1ticas de agricultores familiares de tr\u00eas comunidades de Valen\u00e7a-Ba <\/a><\/td><td class=\"has-text-align-center\" data-align=\"center\">Ana Carolina Gomes dos Santos<\/td><td class=\"has-text-align-center\" data-align=\"center\">Celia Maria Pedrosa<\/td><\/tr><\/tbody><\/table><\/figure>\n","protected":false},"excerpt":{"rendered":"<p>PREMIADOS MIC 2022 &#8211; PIBIC &#8211; Modalidade Gradua\u00e7\u00e3o # Campus T\u00edtulo Bolsista Orientador 1\u00ba LUGAR Guanambi Atividade antif\u00fangica de \u00f3leos essenciais sobre os agentes causais da doen\u00e7a antracnose na p\u00f3s-colheita de mam\u00e3o-papaia Robson de Queiros Domingues Aureluci Alves de Aquino 2\u00ba LUGAR Guanambi Produ\u00e7\u00e3o de ora-pro-n\u00f3bis com uso de biofertilizante e cobertura com moringa em&hellip;&nbsp;<a href=\"https:\/\/eventos.ifbaiano.edu.br\/portal\/congresso\/certificados\/\" rel=\"bookmark\">Continue a ler &raquo;<span class=\"screen-reader-text\">Certificados<\/span><\/a><\/p>\n","protected":false},"author":20,"featured_media":0,"parent":0,"menu_order":0,"comment_status":"closed","ping_status":"closed","template":"","meta":{"neve_meta_sidebar":"full-width","neve_meta_container":"","neve_meta_enable_content_width":"on","neve_meta_content_width":100,"neve_meta_title_alignment":"","neve_meta_author_avatar":"","neve_post_elements_order":"","neve_meta_disable_header":"","neve_meta_disable_footer":"","neve_meta_disable_title":"","footnotes":""},"_links":{"self":[{"href":"https:\/\/eventos.ifbaiano.edu.br\/portal\/congresso\/wp-json\/wp\/v2\/pages\/1678"}],"collection":[{"href":"https:\/\/eventos.ifbaiano.edu.br\/portal\/congresso\/wp-json\/wp\/v2\/pages"}],"about":[{"href":"https:\/\/eventos.ifbaiano.edu.br\/portal\/congresso\/wp-json\/wp\/v2\/types\/page"}],"author":[{"embeddable":true,"href":"https:\/\/eventos.ifbaiano.edu.br\/portal\/congresso\/wp-json\/wp\/v2\/users\/20"}],"replies":[{"embeddable":true,"href":"https:\/\/eventos.ifbaiano.edu.br\/portal\/congresso\/wp-json\/wp\/v2\/comments?post=1678"}],"version-history":[{"count":6,"href":"https:\/\/eventos.ifbaiano.edu.br\/portal\/congresso\/wp-json\/wp\/v2\/pages\/1678\/revisions"}],"predecessor-version":[{"id":1941,"href":"https:\/\/eventos.ifbaiano.edu.br\/portal\/congresso\/wp-json\/wp\/v2\/pages\/1678\/revisions\/1941"}],"wp:attachment":[{"href":"https:\/\/eventos.ifbaiano.edu.br\/portal\/congresso\/wp-json\/wp\/v2\/media?parent=1678"}],"curies":[{"name":"wp","href":"https:\/\/api.w.org\/{rel}","templated":true}]}}