{"id":1382,"date":"2022-07-14T10:38:07","date_gmt":"2022-07-14T13:38:07","guid":{"rendered":"https:\/\/eventos.ifbaiano.edu.br\/portal\/congresso\/?page_id=1382"},"modified":"2022-11-08T11:03:45","modified_gmt":"2022-11-08T14:03:45","slug":"contato","status":"publish","type":"page","link":"https:\/\/eventos.ifbaiano.edu.br\/portal\/congresso\/anais-do-congresso-do-instituto-federal-baiano-2020\/contato\/","title":{"rendered":"Anais do Congresso do Instituto Federal Baiano &#8211; ISSN:2764-8036"},"content":{"rendered":"\n<div class=\"wp-block-buttons is-layout-flex wp-block-buttons-is-layout-flex\">\n<div class=\"wp-block-button\"><a class=\"wp-block-button__link\" href=\"https:\/\/eventos.ifbaiano.edu.br\/portal\/congresso\/anais-do-congresso-do-instituto-federal-baiano-2020\/\">Apresenta\u00e7\u00e3o<\/a><\/div>\n\n\n\n<div class=\"wp-block-button\"><a class=\"wp-block-button__link\" href=\"https:\/\/eventos.ifbaiano.edu.br\/portal\/congresso\/anais-do-congresso-do-instituto-federal-baiano-2020\/expediente\/\">Expediente<\/a><\/div>\n\n\n\n<div class=\"wp-block-button\"><a class=\"wp-block-button__link\" href=\"https:\/\/eventos.ifbaiano.edu.br\/portal\/congresso\/anais-do-congresso-do-instituto-federal-baiano-2020\/equipe-editorial\/\">Equipe Editorial<\/a><\/div>\n\n\n\n<div class=\"wp-block-button\"><a class=\"wp-block-button__link\" href=\"https:\/\/eventos.ifbaiano.edu.br\/portal\/congresso\/anais-do-congresso-do-instituto-federal-baiano-2020\/edicoes\/\">Edi\u00e7\u00f5es<\/a><\/div>\n\n\n\n<div class=\"wp-block-button\"><a class=\"wp-block-button__link\" href=\"https:\/\/eventos.ifbaiano.edu.br\/portal\/congresso\/anais-do-congresso-do-instituto-federal-baiano-2020\/evento\/\">Evento<\/a><\/div>\n\n\n\n<div class=\"wp-block-button\"><a class=\"wp-block-button__link\" href=\"https:\/\/eventos.ifbaiano.edu.br\/portal\/congresso\/anais-do-congresso-do-instituto-federal-baiano-2020\/nomas\/\">Normas<\/a><\/div>\n\n\n\n<div class=\"wp-block-button\"><a class=\"wp-block-button__link\" href=\"https:\/\/eventos.ifbaiano.edu.br\/portal\/congresso\/anais-do-congresso-do-instituto-federal-baiano-2020\/contato\/\">Contato<\/a><\/div>\n<\/div>\n\n\n\n<p><\/p>\n\n\n\n<h3 class=\"wp-block-heading\"><strong>Instituto Federal de Educa\u00e7\u00e3o, Ci\u00eancia e Tecnologia Baiano<\/strong><\/h3>\n\n\n\n<p>R. do Rouxinol, 115&nbsp;<\/p>\n\n\n\n<p>Imbu\u00ed &#8211; Salvador &#8211; BA&nbsp;<\/p>\n\n\n\n<p>41720-052<\/p>\n\n\n\n<p>Telefone: (71) 3186-0001<\/p>\n\n\n\n<p>Para poss\u00edveis esclarecimentos e d\u00favidas, entre em contato com nosso e-mail: <a href=\"mailto:pibic@gmail.com\">congresso.ifbaiano@reitoria.ifbaiano.edu.br<\/a> <br><br><\/p>\n","protected":false},"excerpt":{"rendered":"<p>Instituto Federal de Educa\u00e7\u00e3o, Ci\u00eancia e Tecnologia Baiano R. do Rouxinol, 115&nbsp; Imbu\u00ed &#8211; Salvador &#8211; BA&nbsp; 41720-052 Telefone: (71) 3186-0001 Para poss\u00edveis esclarecimentos e d\u00favidas, entre em contato com nosso e-mail: congresso.ifbaiano@reitoria.ifbaiano.edu.br<\/p>\n","protected":false},"author":69,"featured_media":0,"parent":1344,"menu_order":0,"comment_status":"closed","ping_status":"closed","template":"","meta":{"neve_meta_sidebar":"full-width","neve_meta_container":"","neve_meta_enable_content_width":"on","neve_meta_content_width":100,"neve_meta_title_alignment":"","neve_meta_author_avatar":"","neve_post_elements_order":"","neve_meta_disable_header":"on","neve_meta_disable_footer":"on","neve_meta_disable_title":"","footnotes":""},"_links":{"self":[{"href":"https:\/\/eventos.ifbaiano.edu.br\/portal\/congresso\/wp-json\/wp\/v2\/pages\/1382"}],"collection":[{"href":"https:\/\/eventos.ifbaiano.edu.br\/portal\/congresso\/wp-json\/wp\/v2\/pages"}],"about":[{"href":"https:\/\/eventos.ifbaiano.edu.br\/portal\/congresso\/wp-json\/wp\/v2\/types\/page"}],"author":[{"embeddable":true,"href":"https:\/\/eventos.ifbaiano.edu.br\/portal\/congresso\/wp-json\/wp\/v2\/users\/69"}],"replies":[{"embeddable":true,"href":"https:\/\/eventos.ifbaiano.edu.br\/portal\/congresso\/wp-json\/wp\/v2\/comments?post=1382"}],"version-history":[{"count":7,"href":"https:\/\/eventos.ifbaiano.edu.br\/portal\/congresso\/wp-json\/wp\/v2\/pages\/1382\/revisions"}],"predecessor-version":[{"id":1771,"href":"https:\/\/eventos.ifbaiano.edu.br\/portal\/congresso\/wp-json\/wp\/v2\/pages\/1382\/revisions\/1771"}],"up":[{"embeddable":true,"href":"https:\/\/eventos.ifbaiano.edu.br\/portal\/congresso\/wp-json\/wp\/v2\/pages\/1344"}],"wp:attachment":[{"href":"https:\/\/eventos.ifbaiano.edu.br\/portal\/congresso\/wp-json\/wp\/v2\/media?parent=1382"}],"curies":[{"name":"wp","href":"https:\/\/api.w.org\/{rel}","templated":true}]}}