{"id":1378,"date":"2022-07-14T10:35:47","date_gmt":"2022-07-14T13:35:47","guid":{"rendered":"https:\/\/eventos.ifbaiano.edu.br\/portal\/congresso\/?page_id=1378"},"modified":"2022-11-08T11:03:17","modified_gmt":"2022-11-08T14:03:17","slug":"nomas","status":"publish","type":"page","link":"https:\/\/eventos.ifbaiano.edu.br\/portal\/congresso\/anais-do-congresso-do-instituto-federal-baiano-2020\/nomas\/","title":{"rendered":"Anais do Congresso do Instituto Federal Baiano &#8211; ISSN:2764-8036"},"content":{"rendered":"\n<div class=\"wp-block-buttons is-layout-flex wp-block-buttons-is-layout-flex\">\n<div class=\"wp-block-button\"><a class=\"wp-block-button__link\" href=\"https:\/\/eventos.ifbaiano.edu.br\/portal\/congresso\/anais-do-congresso-do-instituto-federal-baiano-2020\/\">Apresenta\u00e7\u00e3o<\/a><\/div>\n\n\n\n<div class=\"wp-block-button\"><a class=\"wp-block-button__link\" href=\"https:\/\/eventos.ifbaiano.edu.br\/portal\/congresso\/anais-do-congresso-do-instituto-federal-baiano-2020\/expediente\/\">Expediente<\/a><\/div>\n\n\n\n<div class=\"wp-block-button\"><a class=\"wp-block-button__link\" href=\"https:\/\/eventos.ifbaiano.edu.br\/portal\/congresso\/anais-do-congresso-do-instituto-federal-baiano-2020\/equipe-editorial\/\">Equipe Editorial<\/a><\/div>\n\n\n\n<div class=\"wp-block-button\"><a class=\"wp-block-button__link\" href=\"https:\/\/eventos.ifbaiano.edu.br\/portal\/congresso\/anais-do-congresso-do-instituto-federal-baiano-2020\/edicoes\/\">Edi\u00e7\u00f5es<\/a><\/div>\n\n\n\n<div class=\"wp-block-button\"><a class=\"wp-block-button__link\" href=\"https:\/\/eventos.ifbaiano.edu.br\/portal\/congresso\/anais-do-congresso-do-instituto-federal-baiano-2020\/evento\/\">Evento<\/a><\/div>\n\n\n\n<div class=\"wp-block-button\"><a class=\"wp-block-button__link\" href=\"https:\/\/eventos.ifbaiano.edu.br\/portal\/congresso\/anais-do-congresso-do-instituto-federal-baiano-2020\/nomas\/\">Normas<\/a><\/div>\n\n\n\n<div class=\"wp-block-button\"><a class=\"wp-block-button__link\" href=\"https:\/\/eventos.ifbaiano.edu.br\/portal\/congresso\/anais-do-congresso-do-instituto-federal-baiano-2020\/contato\/\">Contato<\/a><\/div>\n<\/div>\n\n\n\n<p><strong>Documentos<br><a href=\"https:\/\/eventos.ifbaiano.edu.br\/portal\/congresso\/files\/2020\/11\/ORIENTACOES-CONGRESSO.pdf\"><br>Orienta\u00e7\u00f5es para submiss\u00e3o<\/a><\/strong><\/p>\n\n\n\n<p id=\"block-3c4f761f-c8b6-4e18-8088-47e5b02831a8\"><a href=\"https:\/\/eventos.ifbaiano.edu.br\/portal\/congresso\/files\/2020\/11\/Termo-de-autorizacao-de-imagem-e-voz-IC.doc\">Autoriza\u00e7\u00e3o de uso de imagem e voz<\/a><\/p>\n\n\n\n<p id=\"block-c419659b-8239-4ee7-a6bf-5caa3347ac09\"><em>Script <\/em>&#8211; <a href=\"https:\/\/eventos.ifbaiano.edu.br\/portal\/congresso\/files\/2020\/11\/roteiro-video-Congresso-IF-Baiano.pdf\">Sugest\u00e3o<\/a><\/p>\n\n\n\n<p><em>Links<\/em><\/p>\n\n\n\n<p><a href=\"https:\/\/www.facebook.com\/196794283692774\/videos\/820004931868103\">https:\/\/www.facebook.com\/196794283692774\/videos\/820004931868103<\/a><\/p>\n\n\n\n<p><strong>MODELOS<\/strong><\/p>\n\n\n\n<p><em>Template <\/em>&#8211; <a href=\"https:\/\/eventos.ifbaiano.edu.br\/portal\/congresso\/files\/2020\/11\/resumo-congresso-do-instituto-federal-baiano-2020_corr-1.doc\">RESUMO<\/a><\/p>\n\n\n\n<p><em>Template &#8211; <\/em><a href=\"https:\/\/eventos.ifbaiano.edu.br\/portal\/congresso\/files\/2020\/11\/modelo-apresentacao-congresso-do-instituto-federal-baiano-2020.ppt\">APRESENTA\u00c7\u00c3O DE <em>SLIDES<\/em><\/a><\/p>\n","protected":false},"excerpt":{"rendered":"<p>DocumentosOrienta\u00e7\u00f5es para submiss\u00e3o Autoriza\u00e7\u00e3o de uso de imagem e voz Script &#8211; Sugest\u00e3o Links https:\/\/www.facebook.com\/196794283692774\/videos\/820004931868103 MODELOS Template &#8211; RESUMO Template &#8211; APRESENTA\u00c7\u00c3O DE SLIDES<\/p>\n","protected":false},"author":69,"featured_media":0,"parent":1344,"menu_order":0,"comment_status":"closed","ping_status":"closed","template":"","meta":{"neve_meta_sidebar":"full-width","neve_meta_container":"","neve_meta_enable_content_width":"on","neve_meta_content_width":100,"neve_meta_title_alignment":"","neve_meta_author_avatar":"","neve_post_elements_order":"","neve_meta_disable_header":"on","neve_meta_disable_footer":"on","neve_meta_disable_title":"","footnotes":""},"_links":{"self":[{"href":"https:\/\/eventos.ifbaiano.edu.br\/portal\/congresso\/wp-json\/wp\/v2\/pages\/1378"}],"collection":[{"href":"https:\/\/eventos.ifbaiano.edu.br\/portal\/congresso\/wp-json\/wp\/v2\/pages"}],"about":[{"href":"https:\/\/eventos.ifbaiano.edu.br\/portal\/congresso\/wp-json\/wp\/v2\/types\/page"}],"author":[{"embeddable":true,"href":"https:\/\/eventos.ifbaiano.edu.br\/portal\/congresso\/wp-json\/wp\/v2\/users\/69"}],"replies":[{"embeddable":true,"href":"https:\/\/eventos.ifbaiano.edu.br\/portal\/congresso\/wp-json\/wp\/v2\/comments?post=1378"}],"version-history":[{"count":5,"href":"https:\/\/eventos.ifbaiano.edu.br\/portal\/congresso\/wp-json\/wp\/v2\/pages\/1378\/revisions"}],"predecessor-version":[{"id":1770,"href":"https:\/\/eventos.ifbaiano.edu.br\/portal\/congresso\/wp-json\/wp\/v2\/pages\/1378\/revisions\/1770"}],"up":[{"embeddable":true,"href":"https:\/\/eventos.ifbaiano.edu.br\/portal\/congresso\/wp-json\/wp\/v2\/pages\/1344"}],"wp:attachment":[{"href":"https:\/\/eventos.ifbaiano.edu.br\/portal\/congresso\/wp-json\/wp\/v2\/media?parent=1378"}],"curies":[{"name":"wp","href":"https:\/\/api.w.org\/{rel}","templated":true}]}}