{"id":1318,"date":"2022-07-12T15:23:33","date_gmt":"2022-07-12T18:23:33","guid":{"rendered":"https:\/\/eventos.ifbaiano.edu.br\/portal\/congresso\/?page_id=1318"},"modified":"2022-11-08T10:58:19","modified_gmt":"2022-11-08T13:58:19","slug":"normas","status":"publish","type":"page","link":"https:\/\/eventos.ifbaiano.edu.br\/portal\/congresso\/anais\/normas\/","title":{"rendered":"Anais do Congresso do Instituto Federal Baiano &#8211; ISSN:2764-8036"},"content":{"rendered":"\n<div class=\"wp-block-buttons is-layout-flex wp-block-buttons-is-layout-flex\">\n<div class=\"wp-block-button\"><a class=\"wp-block-button__link\" href=\"https:\/\/eventos.ifbaiano.edu.br\/portal\/congresso\/anais\/\">Apresenta\u00e7\u00e3o<\/a><\/div>\n\n\n\n<div class=\"wp-block-button\"><a class=\"wp-block-button__link\" href=\"https:\/\/eventos.ifbaiano.edu.br\/portal\/congresso\/anais\/expediente\/\">Expediente<\/a><\/div>\n\n\n\n<div class=\"wp-block-button\"><a class=\"wp-block-button__link\" href=\"https:\/\/eventos.ifbaiano.edu.br\/portal\/congresso\/anais\/equipe-editorial\/\">Equipe Editorial<\/a><\/div>\n\n\n\n<div class=\"wp-block-button\"><a class=\"wp-block-button__link\" href=\"https:\/\/eventos.ifbaiano.edu.br\/portal\/congresso\/anais\/edicoes\/\">Edi\u00e7\u00f5es<\/a><\/div>\n\n\n\n<div class=\"wp-block-button\"><a class=\"wp-block-button__link\" href=\"https:\/\/eventos.ifbaiano.edu.br\/portal\/congresso\/anais\/evento\/\">Evento<\/a><\/div>\n\n\n\n<div class=\"wp-block-button\"><a class=\"wp-block-button__link\" href=\"https:\/\/eventos.ifbaiano.edu.br\/portal\/congresso\/anais\/normas\/\">Normas<\/a><\/div>\n\n\n\n<div class=\"wp-block-button\"><a class=\"wp-block-button__link\" href=\"https:\/\/eventos.ifbaiano.edu.br\/portal\/congresso\/anais\/contato\/\">Contato<\/a><\/div>\n<\/div>\n\n\n\n<h2 class=\"wp-block-heading\">Documentos<\/h2>\n\n\n\n<p><strong><a href=\"https:\/\/eventos.ifbaiano.edu.br\/portal\/congresso\/files\/2021\/10\/Orientacoes-2021-2.pdf\">Orienta\u00e7\u00f5es para submiss\u00e3o<\/a><\/strong><\/p>\n\n\n\n<p><a href=\"https:\/\/eventos.ifbaiano.edu.br\/portal\/congresso\/files\/2021\/10\/Termo-de-autorizacao-de-imagem-e-voz-IC-II.doc\">Autoriza\u00e7\u00e3o de uso de imagem e voz<\/a><\/p>\n\n\n\n<p><em>Script <\/em>&#8211; <a href=\"https:\/\/eventos.ifbaiano.edu.br\/portal\/congresso\/files\/2020\/11\/roteiro-video-Congresso-IF-Baiano.pdf\">Sugest\u00e3o<\/a><\/p>\n\n\n\n<p><em>Links<\/em><\/p>\n\n\n\n<p><a href=\"https:\/\/www.facebook.com\/196794283692774\/videos\/820004931868103\">https:\/\/www.facebook.com\/196794283692774\/videos\/820004931868103<\/a><\/p>\n\n\n\n<p>Caso ainda tenha d\u00favidas, entre em contato com a Comiss\u00e3o Organizadora ou com Glauco pelo e-mail: glauco.meneses@ifbaiano.edu.br <\/p>\n\n\n\n<p><strong>MODELOS<\/strong><\/p>\n\n\n\n<p><em><a href=\"https:\/\/eventos.ifbaiano.edu.br\/portal\/congresso\/files\/2021\/10\/resumo-congresso-do-instituto-federal-baiano-2021-1.doc\">Template<\/a> <\/em>&#8211; RESUMO<\/p>\n\n\n\n<p><em><a href=\"https:\/\/eventos.ifbaiano.edu.br\/portal\/congresso\/files\/2021\/10\/modelo-apresentacao-congresso-do-instituto-federal-baiano-2021-1-1.pptx\">Template<\/a> &#8211; <\/em>APRESENTA\u00c7\u00c3O DE <em>SLIDES<\/em><\/p>\n","protected":false},"excerpt":{"rendered":"<p>Documentos Orienta\u00e7\u00f5es para submiss\u00e3o Autoriza\u00e7\u00e3o de uso de imagem e voz Script &#8211; Sugest\u00e3o Links https:\/\/www.facebook.com\/196794283692774\/videos\/820004931868103 Caso ainda tenha d\u00favidas, entre em contato com a Comiss\u00e3o Organizadora ou com Glauco pelo e-mail: glauco.meneses@ifbaiano.edu.br MODELOS Template &#8211; RESUMO Template &#8211; APRESENTA\u00c7\u00c3O DE SLIDES<\/p>\n","protected":false},"author":20,"featured_media":0,"parent":1290,"menu_order":0,"comment_status":"closed","ping_status":"closed","template":"","meta":{"neve_meta_sidebar":"full-width","neve_meta_container":"","neve_meta_enable_content_width":"on","neve_meta_content_width":100,"neve_meta_title_alignment":"","neve_meta_author_avatar":"","neve_post_elements_order":"","neve_meta_disable_header":"on","neve_meta_disable_footer":"on","neve_meta_disable_title":"","footnotes":""},"_links":{"self":[{"href":"https:\/\/eventos.ifbaiano.edu.br\/portal\/congresso\/wp-json\/wp\/v2\/pages\/1318"}],"collection":[{"href":"https:\/\/eventos.ifbaiano.edu.br\/portal\/congresso\/wp-json\/wp\/v2\/pages"}],"about":[{"href":"https:\/\/eventos.ifbaiano.edu.br\/portal\/congresso\/wp-json\/wp\/v2\/types\/page"}],"author":[{"embeddable":true,"href":"https:\/\/eventos.ifbaiano.edu.br\/portal\/congresso\/wp-json\/wp\/v2\/users\/20"}],"replies":[{"embeddable":true,"href":"https:\/\/eventos.ifbaiano.edu.br\/portal\/congresso\/wp-json\/wp\/v2\/comments?post=1318"}],"version-history":[{"count":5,"href":"https:\/\/eventos.ifbaiano.edu.br\/portal\/congresso\/wp-json\/wp\/v2\/pages\/1318\/revisions"}],"predecessor-version":[{"id":1762,"href":"https:\/\/eventos.ifbaiano.edu.br\/portal\/congresso\/wp-json\/wp\/v2\/pages\/1318\/revisions\/1762"}],"up":[{"embeddable":true,"href":"https:\/\/eventos.ifbaiano.edu.br\/portal\/congresso\/wp-json\/wp\/v2\/pages\/1290"}],"wp:attachment":[{"href":"https:\/\/eventos.ifbaiano.edu.br\/portal\/congresso\/wp-json\/wp\/v2\/media?parent=1318"}],"curies":[{"name":"wp","href":"https:\/\/api.w.org\/{rel}","templated":true}]}}