{"id":1305,"date":"2022-07-12T15:09:02","date_gmt":"2022-07-12T18:09:02","guid":{"rendered":"https:\/\/eventos.ifbaiano.edu.br\/portal\/congresso\/?page_id=1305"},"modified":"2022-11-08T10:57:08","modified_gmt":"2022-11-08T13:57:08","slug":"expediente","status":"publish","type":"page","link":"https:\/\/eventos.ifbaiano.edu.br\/portal\/congresso\/anais\/expediente\/","title":{"rendered":"Anais do Congresso do Instituto Federal Baiano &#8211; ISSN:2764-8036"},"content":{"rendered":"\n<div class=\"wp-block-buttons is-layout-flex wp-block-buttons-is-layout-flex\">\n<div class=\"wp-block-button\"><a class=\"wp-block-button__link\" href=\"https:\/\/eventos.ifbaiano.edu.br\/portal\/congresso\/anais\/\">Apresenta\u00e7\u00e3o<\/a><\/div>\n\n\n\n<div class=\"wp-block-button\"><a class=\"wp-block-button__link\" href=\"https:\/\/eventos.ifbaiano.edu.br\/portal\/congresso\/anais\/expediente\/\">Expediente<\/a><\/div>\n\n\n\n<div class=\"wp-block-button\"><a class=\"wp-block-button__link\" href=\"https:\/\/eventos.ifbaiano.edu.br\/portal\/congresso\/anais\/equipe-editorial\/\">Equipe Editorial<\/a><\/div>\n\n\n\n<div class=\"wp-block-button\"><a class=\"wp-block-button__link\" href=\"https:\/\/eventos.ifbaiano.edu.br\/portal\/congresso\/anais\/edicoes\/\">Edi\u00e7\u00f5es<\/a><\/div>\n\n\n\n<div class=\"wp-block-button\"><a class=\"wp-block-button__link\" href=\"https:\/\/eventos.ifbaiano.edu.br\/portal\/congresso\/anais\/evento\/\">Evento<\/a><\/div>\n\n\n\n<div class=\"wp-block-button\"><a class=\"wp-block-button__link\" href=\"https:\/\/eventos.ifbaiano.edu.br\/portal\/congresso\/anais\/normas\/\">Normas<\/a><\/div>\n\n\n\n<div class=\"wp-block-button\"><a class=\"wp-block-button__link\" href=\"https:\/\/eventos.ifbaiano.edu.br\/portal\/congresso\/anais\/contato\/\">Contato<\/a><\/div>\n<\/div>\n\n\n\n<h3 class=\"wp-block-heading\"><strong>Comiss\u00e3o Cient\u00edfica<\/strong><\/h3>\n\n\n\n<p><strong>Coordenadores(as) de Pesquisa<\/strong><\/p>\n\n\n\n<p>Carla da Silva Sousa \u2013 Campus Alagoinhas<\/p>\n\n\n\n<p>Eurileny Lucas de Almeida \u2013 Campus Bom Jesus da Lapa<\/p>\n\n\n\n<p>Saulo Luis Capim \u2013 Campus Catu<\/p>\n\n\n\n<p>Jacqueline Ara\u00fajo Castro \u2013 Campus Governador Mangabeira<\/p>\n\n\n\n<p>Pedro Ricardo Rocha Marques \u2013 Campus Guanambi<\/p>\n\n\n\n<p>Alex Sandro Batista dos Santos \u2013 Campus Itaberaba<\/p>\n\n\n\n<p>Camila Fonseca Lopes Brand\u00e3o \u2013 Campus Itapetinga<\/p>\n\n\n\n<p>Wezer Lismar Miranda \u2013 Campus Santa In\u00eas<\/p>\n\n\n\n<p>Karine Hojo Rebou\u00e7as \u2013 Campus Senhor do Bonfim<\/p>\n\n\n\n<p>Let\u00edcia Lima de Sousa Fernandes \u2013 Campus Serrinha<\/p>\n\n\n\n<p>Priscila Ferreira de Oliveira \u2013 Campus Teixeira de Freitas<\/p>\n\n\n\n<p>Alzira Gabrielle Soares Saraiva Souza \u2013 Campus Uru\u00e7uca<\/p>\n\n\n\n<p>Miqu\u00e9ias Feliciano de Almeida \u2013 Campus Valen\u00e7a<\/p>\n\n\n\n<p>Roberta Machado Santos \u2013 Campus Xique-Xique<\/p>\n\n\n\n<hr class=\"wp-block-separator has-text-color has-background has-nv-light-bg-background-color has-nv-light-bg-color is-style-wide\" \/>\n\n\n\n<p><strong>Coordenadores(as) de P\u00f3s-gradua\u00e7\u00e3o<\/strong><\/p>\n\n\n\n<p>Jos\u00e9 Alberto Alves de Souza<\/p>\n\n\n\n<p>Davi Silva da Costa<\/p>\n\n\n\n<p>Delfran Batista dos Santos<\/p>\n\n\n\n<p>Roberto Souza Pereira<\/p>\n\n\n\n<p>Marcio Claudio Merc\u00eas Brito<\/p>\n\n\n\n<p>Gisele Bonfim Lima Pacheco<\/p>\n\n\n\n<p>Sayonara Cotrim Sabioni<\/p>\n\n\n\n<p>Gutto Monzelle Rios Marques<\/p>\n\n\n\n<p>Airam Oliveira Santos<\/p>\n\n\n\n<p>Thamiles Santos Nunes<\/p>\n\n\n\n<p>Alexandre Amaral Silvares<\/p>\n\n\n\n<p>Jos\u00e9 Ricardo Rosa<\/p>\n\n\n\n<p>T\u00e1rsio Ribeiro Cavalcante<\/p>\n\n\n\n<p>Sudelmar Dias Fernandes<\/p>\n\n\n\n<p>Erico da Silva Franca<\/p>\n\n\n\n<p>Heron Ferreira Souza;<\/p>\n\n\n\n<p>Wasley de Jesus Santos<\/p>\n\n\n\n<p>Rafael Assump\u00e7\u00e3o de Abreu<\/p>\n\n\n\n<p>Dhanyane Alves Castro<\/p>\n\n\n\n<p>Thiago Alberto Alves dos Santos<\/p>\n\n\n\n<p>Eliane Santos Leite da Silva<\/p>\n\n\n\n<p>Camila Nunes Duarte Silveira<\/p>\n\n\n\n<p>Gabriela Belo da Silva<\/p>\n\n\n\n<p>Patr\u00edcia Carla Alves Pena<\/p>\n\n\n\n<p>Nelma Cristina Silva Barbosa<\/p>\n\n\n\n<p>Roberto Carlos Oliveira dos Santos<\/p>\n\n\n\n<p>Ginalva Jesus de Carvalho<\/p>\n\n\n\n<p>Maria Ira\u00edldes A Silva Matias<\/p>\n\n\n\n<p>Jadson Lu\u00eds Sim\u00f5es Rocha<\/p>\n\n\n\n<p>Jo\u00e3o Victor da Silva<\/p>\n\n\n\n<p>Jos\u00e9 Radam\u00e9s Benevides de Melo<\/p>\n\n\n\n<p>Karine Hojo Rebou\u00e7as<\/p>\n\n\n\n<p>Aureluci Aquino<\/p>\n\n\n\n<p>Eliza Caldas Soares Azevedo<\/p>\n\n\n\n<p>Jadson Lima<\/p>\n\n\n\n<hr class=\"wp-block-separator has-text-color has-background has-nv-light-bg-background-color has-nv-light-bg-color is-style-wide\" \/>\n\n\n\n<p><strong>Comit\u00ea Institucional de Inicia\u00e7\u00e3o Cient\u00edfica e Tecnol\u00f3gica<\/strong><\/p>\n\n\n\n<p>C\u00e2mara de Inicia\u00e7\u00e3o Cient\u00edfica<\/p>\n\n\n\n<p>Milena de Ara\u00fajo Limoeiro \u2013 Ci\u00eancias Exatas e da Terra \u2013 Titular<\/p>\n\n\n\n<p>Alzira Gabrielle Soares Saraiva Souza \u2013 Ci\u00eancias Exatas e da Terra \u2013 Suplente<\/p>\n\n\n\n<p>Graziele Quintela de Carvalho \u2013 Ci\u00eancias Biol\u00f3gicas \u2013 Titular<\/p>\n\n\n\n<p>Roberta Machado Santos \u2013 Ci\u00eancias Biol\u00f3gicas \u2013 Suplente<\/p>\n\n\n\n<p>Ronaldo Sim\u00e3o de Oliveira \u2013 Engenharias \u2013 Titular<\/p>\n\n\n\n<p>Carolina Gonzales da Silva \u2013 Engenharias \u2013 Suplente<\/p>\n\n\n\n<p>Jardelson Rocha Oliveira \u2013 Ci\u00eancias da Sa\u00fade \u2013 Titular<\/p>\n\n\n\n<p>Cristiane Salles Lisboa \u2013 Ci\u00eancias da Sa\u00fade \u2013 Suplente<\/p>\n\n\n\n<p>J\u00falio Claudio Martins \u2013 Ci\u00eancias Agr\u00e1rias \u2013 Titular<\/p>\n\n\n\n<p>Aureluci Alves de Aquino \u2013 Ci\u00eancias Agr\u00e1rias \u2013 Suplente<\/p>\n\n\n\n<p>Aleciane da Silva Moreira Ferreira \u2013 Ci\u00eancias Sociais Aplicadas \u2013 Titular<\/p>\n\n\n\n<p>Fernanda Meneses de Miranda Castro \u2013 Ci\u00eancias Sociais Aplicadas \u2013 Suplente<\/p>\n\n\n\n<p>Helyom Rog\u00e9rio Reis Viana da Silva Teles \u2013 Ci\u00eancias Humanas \u2013 Titular<\/p>\n\n\n\n<p>Dhanyane Alves Castro \u2013 Ci\u00eancias Humanas \u2013 Suplente<\/p>\n\n\n\n<p>Leonardo Augusto Paulino \u2013 Lingu\u00edstica, Letras e Artes -Titular<\/p>\n\n\n\n<p>Fernanda da Silva Machado \u2013 Lingu\u00edstica, Letras e Artes \u2013 Suplente<\/p>\n\n\n\n<p>Henrique Reis Sereno \u2013 Ci\u00eancia e Tecnologia de alimentos -Titular<\/p>\n\n\n\n<p>Mario Marcos de Santana Faria \u2013 Ci\u00eancia e Tecnologia de alimentos -Suplente<\/p>\n\n\n\n<p>C\u00e2mara de Inova\u00e7\u00e3o Tecnol\u00f3gica<\/p>\n\n\n\n<p>Jacqueline Arapujo Castro \u2013 Ci\u00eancias Biol\u00f3gicas \u2013 Titular&nbsp;<\/p>\n\n\n\n<p>Tharcilla Braz Alves Pessoa \u2013 Ci\u00eancias Biol\u00f3gica \u2013 Suplente&nbsp;<\/p>\n\n\n\n<p>Marcelo Moreira West \u2013 Ci\u00eancias Exatas \u2013 Titular&nbsp;<\/p>\n\n\n\n<p>Anderson Marques da Silva Figueira \u2013 Ci\u00eancias Exatas \u2013 Suplente&nbsp;<\/p>\n\n\n\n<p>Viviane Correa Santos \u2013 Agr\u00e1rias \u2013 Titular<\/p>\n\n\n\n<p>Fred da Silva Juli\u00e3o \u2013 Agr\u00e1rias \u2013 Suplente<\/p>\n\n\n\n<p>Taissa de Souza Canaes \u2013 Agr\u00e1rias \u2013 Titular&nbsp;<\/p>\n\n\n\n<p>Delka de Oliveira Azevedo \u2013 Agr\u00e1rias \u2013 Suplente<\/p>\n\n\n\n<p>M\u00e1rio Jorge Pereira TIC\/ Ci\u00eancias Exatas e da Terra \u2013 Titular&nbsp;<\/p>\n\n\n\n<p>Renato Batista dos Santos \u2013 F\u00edsica\/Ci\u00eancias Exatas \u2013 Suplente<\/p>\n\n\n\n<hr class=\"wp-block-separator has-text-color has-background has-nv-light-bg-background-color has-nv-light-bg-color is-style-wide\" \/>\n\n\n\n<h3 class=\"wp-block-heading\"><strong>Comit\u00ea Interno<\/strong><\/h3>\n\n\n\n<p>Luciana Helena Caja Mazzutti \u2013 <strong><em>PROPES<\/em><\/strong><\/p>\n\n\n\n<p>Aline de Assis Lago \u2013 <strong><em>Campus<\/em><\/strong> Santa In\u00eas<\/p>\n\n\n\n<p>Aureluci Alves de Aquino \u2013 <strong><em>Campus<\/em><\/strong> Guanambi<\/p>\n\n\n\n<p>Dislene Cardoso Brito \u2013 <strong><em>Campus <\/em><\/strong>Alagoinhas&nbsp;<\/p>\n\n\n\n<p>Jaqueline Santos Vieira\u2013 <strong><em>PROPES<\/em><\/strong><\/p>\n\n\n\n<p>Cristiane Brito Machado \u2013 <strong><em>Campus<\/em><\/strong> Catu<\/p>\n\n\n\n<p>Lorena Cristina Barbosa Grisi\u2013 <strong><em>Reitoria<\/em><\/strong><\/p>\n\n\n\n<p>Jo\u00e3o Batista Botton \u2013 <strong><em>Campus<\/em><\/strong> Teixeira de Freitas<\/p>\n\n\n\n<p>Jairo Oliveira dos Santos \u2013 <strong><em>Campus<\/em><\/strong> Itaberaba<\/p>\n\n\n\n<p>Jaqueline Figueiredo Rosa \u2013 <strong><em>Campus<\/em><\/strong> Alagoinhas<\/p>\n\n\n\n<p>Edson Fraga Grisi \u2013 <strong><em>Campus<\/em><\/strong> Governador Mangabeira<\/p>\n\n\n\n<p>Eduardo Perovano Santana \u2013 <strong><em>PROPES<\/em><\/strong><\/p>\n\n\n\n<p>Suyare Araujo Ramalho \u2013 <strong><em>Campus<\/em><\/strong> Governador Mangabeira<\/p>\n\n\n\n<hr class=\"wp-block-separator has-text-color has-background has-nv-light-bg-background-color has-nv-light-bg-color is-style-wide\" \/>\n\n\n\n<h3 class=\"wp-block-heading\"><strong>Comiss\u00e3o Organizadora<\/strong><\/h3>\n\n\n\n<p>Calila Teixeira Santos \u2013 <strong><em>PROEX<\/em><\/strong><\/p>\n\n\n\n<p>Carla Andreia Souza Nascimento \u2013 <strong><em>PROEN<\/em><\/strong><\/p>\n\n\n\n<p>Diogo Pinho Santos Macedo \u2013 <strong><em>EXTERNO<\/em><\/strong>  <\/p>\n\n\n\n<p>Hildonice de Souza Batista \u2013 <strong><em>PRODIN<\/em><\/strong><\/p>\n\n\n\n<p>Luciana Helena Cajas Mazzutti \u2013 <strong><em>PROPES<\/em><\/strong><\/p>\n\n\n\n<p>Mateus Melo da Silva \u2013 <strong><em>PRODIN<\/em><\/strong><\/p>\n\n\n\n<p>Val\u00e9ria dos Santos Nascimento \u2013 <strong><em>DICOM<\/em><\/strong><\/p>\n\n\n\n<p>Vania Pimentel Luz \u2013 <strong><em>PRODIN<\/em><\/strong><\/p>\n\n\n\n<hr class=\"wp-block-separator has-text-color has-background has-nv-light-bg-background-color has-nv-light-bg-color is-style-wide\" \/>\n\n\n\n<h3 class=\"wp-block-heading\"><strong>Apoio Operacional<\/strong><\/h3>\n\n\n\n<p>Lara Souza Dos Santos \u2013 <strong><em>PROPES<\/em><\/strong><\/p>\n\n\n\n<hr class=\"wp-block-separator has-text-color has-background has-nv-light-bg-background-color has-nv-light-bg-color is-style-wide\" \/>\n\n\n\n<h3 class=\"wp-block-heading\"><strong>Instituto Federal de Educa\u00e7\u00e3o, Ci\u00eancia e Tecnologia Baiano<\/strong><\/h3>\n\n\n\n<p>R. do Rouxinol, 115&nbsp;<\/p>\n\n\n\n<p>Imbu\u00ed &#8211; Salvador &#8211; BA&nbsp;<\/p>\n\n\n\n<p>41720-052<\/p>\n\n\n\n<p>Telefone: (71) 3186-0001<\/p>\n\n\n\n<hr class=\"wp-block-separator has-text-color has-background has-nv-light-bg-background-color has-nv-light-bg-color is-style-wide\" \/>\n\n\n\n<h3 class=\"wp-block-heading\"><strong>Periodicidade<\/strong><\/h3>\n\n\n\n<p>Anual.<\/p>\n","protected":false},"excerpt":{"rendered":"<p>Comiss\u00e3o Cient\u00edfica Coordenadores(as) de Pesquisa Carla da Silva Sousa \u2013 Campus Alagoinhas Eurileny Lucas de Almeida \u2013 Campus Bom Jesus da Lapa Saulo Luis Capim \u2013 Campus Catu Jacqueline Ara\u00fajo Castro \u2013 Campus Governador Mangabeira Pedro Ricardo Rocha Marques \u2013 Campus Guanambi Alex Sandro Batista dos Santos \u2013 Campus Itaberaba Camila Fonseca Lopes Brand\u00e3o \u2013&hellip;&nbsp;<a href=\"https:\/\/eventos.ifbaiano.edu.br\/portal\/congresso\/anais\/expediente\/\" rel=\"bookmark\">Continue a ler &raquo;<span class=\"screen-reader-text\">Anais do Congresso do Instituto Federal Baiano &#8211; ISSN:2764-8036<\/span><\/a><\/p>\n","protected":false},"author":20,"featured_media":0,"parent":1290,"menu_order":0,"comment_status":"closed","ping_status":"closed","template":"","meta":{"neve_meta_sidebar":"full-width","neve_meta_container":"","neve_meta_enable_content_width":"on","neve_meta_content_width":100,"neve_meta_title_alignment":"","neve_meta_author_avatar":"","neve_post_elements_order":"","neve_meta_disable_header":"on","neve_meta_disable_footer":"on","neve_meta_disable_title":"","footnotes":""},"_links":{"self":[{"href":"https:\/\/eventos.ifbaiano.edu.br\/portal\/congresso\/wp-json\/wp\/v2\/pages\/1305"}],"collection":[{"href":"https:\/\/eventos.ifbaiano.edu.br\/portal\/congresso\/wp-json\/wp\/v2\/pages"}],"about":[{"href":"https:\/\/eventos.ifbaiano.edu.br\/portal\/congresso\/wp-json\/wp\/v2\/types\/page"}],"author":[{"embeddable":true,"href":"https:\/\/eventos.ifbaiano.edu.br\/portal\/congresso\/wp-json\/wp\/v2\/users\/20"}],"replies":[{"embeddable":true,"href":"https:\/\/eventos.ifbaiano.edu.br\/portal\/congresso\/wp-json\/wp\/v2\/comments?post=1305"}],"version-history":[{"count":6,"href":"https:\/\/eventos.ifbaiano.edu.br\/portal\/congresso\/wp-json\/wp\/v2\/pages\/1305\/revisions"}],"predecessor-version":[{"id":1759,"href":"https:\/\/eventos.ifbaiano.edu.br\/portal\/congresso\/wp-json\/wp\/v2\/pages\/1305\/revisions\/1759"}],"up":[{"embeddable":true,"href":"https:\/\/eventos.ifbaiano.edu.br\/portal\/congresso\/wp-json\/wp\/v2\/pages\/1290"}],"wp:attachment":[{"href":"https:\/\/eventos.ifbaiano.edu.br\/portal\/congresso\/wp-json\/wp\/v2\/media?parent=1305"}],"curies":[{"name":"wp","href":"https:\/\/api.w.org\/{rel}","templated":true}]}}