{"id":29,"date":"2022-03-14T10:28:10","date_gmt":"2022-03-14T13:28:10","guid":{"rendered":"https:\/\/eventos.ifbaiano.edu.br\/portal\/congresso-iniciacao-docencia\/?page_id=29"},"modified":"2022-03-15T20:29:36","modified_gmt":"2022-03-15T23:29:36","slug":"comissao","status":"publish","type":"page","link":"https:\/\/eventos.ifbaiano.edu.br\/portal\/congresso-iniciacao-docencia\/comissao\/","title":{"rendered":"Comiss\u00e3o"},"content":{"rendered":"\n<p><strong>Comiss\u00e3o Organizadora do Congresso de Inicia\u00e7\u00e3o \u00e0 Doc\u00eancia 2022<\/strong><\/p>\n\n\n\n<p><strong>Comiss\u00e3o Organizadora do VIII Semin\u00e1rio PIBID do IF Baiano<\/strong> <strong>\u2013 Edi\u00e7\u00e3o 2020\/2022<\/strong><\/p>\n\n\n\n<p>Ana Luiza Souza dos Santos<\/p>\n\n\n\n<p>Bruno Rodrigues da Silveira<\/p>\n\n\n\n<p>C\u00e1ssia Maria Souza Costa Santana<\/p>\n\n\n\n<p>Cleison Oliveira da Silva<\/p>\n\n\n\n<p>Damon Ferreira Farias<\/p>\n\n\n\n<p>Elane Souza da Silva<\/p>\n\n\n\n<p>Leandro dos Santos Daniel<\/p>\n\n\n\n<p>Lilian Pereira da Silva Teixeira<\/p>\n\n\n\n<p><\/p>\n\n\n\n<p><a href=\"https:\/\/eventos.ifbaiano.edu.br\/portal\/congresso-iniciacao-docencia\/files\/2022\/03\/Portaria-320-comissa\u0303o-evento.pdf\" data-type=\"URL\" data-id=\"https:\/\/eventos.ifbaiano.edu.br\/portal\/congresso-iniciacao-docencia\/files\/2022\/03\/Portaria-320-comissa\u0303o-evento.pdf\" target=\"_blank\" rel=\"noreferrer noopener\">Portaria<\/a> | <a href=\"https:\/\/eventos.ifbaiano.edu.br\/portal\/congresso-iniciacao-docencia\/files\/2022\/03\/Retificac\u0327ao-Portaria.pdf\" data-type=\"URL\" data-id=\"https:\/\/eventos.ifbaiano.edu.br\/portal\/congresso-iniciacao-docencia\/files\/2022\/03\/Retificac\u0327ao-Portaria.pdf\" target=\"_blank\" rel=\"noreferrer noopener\">Portaria Retificada<\/a><\/p>\n\n\n\n<p><\/p>\n\n\n\n<p><strong>Comiss\u00e3o Organizadora do II Semin\u00e1rio PRP<\/strong>  <strong>do IF Baiano<\/strong> <strong>\u2013 Edi\u00e7\u00e3o 2020\/2022<\/strong> <\/p>\n\n\n\n<p>Aline dos Santos Lima<\/p>\n\n\n\n<p>Daiane Pereira Xavier<\/p>\n\n\n\n<p>Edinaldo da Silva Santos<\/p>\n\n\n\n<p>Jose Aurimar dos Santos Angelim<\/p>\n\n\n\n<p>Luzia Rocha Santos<\/p>\n\n\n\n<p>Maira Vitoria Moreira dos Santos<\/p>\n\n\n\n<p>Patr\u00edcia Carla Alves Pena<\/p>\n\n\n\n<p>Rafaela Melo Magalh\u00e3es<\/p>\n\n\n\n<p>Valdiane Souza de Argolo<\/p>\n\n\n\n<p>William Lopes Carvalho<\/p>\n\n\n\n<p><\/p>\n\n\n\n<p><a rel=\"noreferrer noopener\" href=\"https:\/\/eventos.ifbaiano.edu.br\/portal\/congresso-iniciacao-docencia\/files\/2022\/03\/portaria-prp.pdf\" data-type=\"URL\" data-id=\"https:\/\/eventos.ifbaiano.edu.br\/portal\/congresso-iniciacao-docencia\/files\/2022\/03\/portaria-prp.pdf\" target=\"_blank\">Portaria <\/a>| <a href=\"https:\/\/eventos.ifbaiano.edu.br\/portal\/congresso-iniciacao-docencia\/files\/2022\/03\/PORTARIA-47_2022.pdf\" data-type=\"URL\" data-id=\"https:\/\/eventos.ifbaiano.edu.br\/portal\/congresso-iniciacao-docencia\/files\/2022\/03\/PORTARIA-47_2022.pdf\">Portaria Retificada<\/a><\/p>\n\n\n\n<p><\/p>\n\n\n\n<p><strong>Comiss\u00e3o Cient\u00edfica (respons\u00e1veis pela avalia\u00e7\u00e3o dos trabalhos e coordena\u00e7\u00e3o das mesas)<\/strong>:<\/p>\n\n\n\n<p>Adoniram da Silva Matos &#8211; Supervisor PIBID Computa\u00e7\u00e3o<\/p>\n\n\n\n<p>Bruno Rodrigues da Silveira \u2013 Coord. de \u00c1rea- Geografia\/Campus Santa In\u00eas<\/p>\n\n\n\n<p>Hilma Concei\u00e7\u00e3o Fonseca Santos &#8211; Professora Preceptora PRP Subprojeto Qu\u00edmica Campus Guanambi, Professora IF Baiano Campus Guanambi<\/p>\n\n\n\n<p>Elane Souza &#8211; Coordenador de \u00c1rea PIBID- Ci\u00eancia Computa\u00e7\u00e3o&nbsp;<\/p>\n\n\n\n<p>Eudes Oliveira Cunha -Coordenador de \u00c1rea PIBID- Biologia<\/p>\n\n\n\n<p>F\u00e1bia Catiara Guimar\u00e3es Donato &#8211; Supervisora Qu\u00edmica<\/p>\n\n\n\n<p>Jos\u00e9 Aurimar dos Santos Angelim &#8211; Docente Orientador PRP Subprojeto Interdisciplinar\/Ci\u00eancia da Computa\u00e7\u00e3o Campus Senhor do Bonfim<\/p>\n\n\n\n<p>Lucas Pereira de Souza Santos &#8211; Supervisor Biologia&nbsp;<\/p>\n\n\n\n<p>Lucidalva Andrade de Menezes &#8211; Professora Preceptora PRP Subprojeto Interdisciplinar\/Geografia Campus Santa In\u00eas, Professora IF Baiano Campus Santa In\u00eas<\/p>\n\n\n\n<p>Wanderson Farias da Silva Alves -Docente Orientador PRP Subprojeto Qu\u00edmica Campus Catu<\/p>\n","protected":false},"excerpt":{"rendered":"<p>Comiss\u00e3o Organizadora do Congresso de Inicia\u00e7\u00e3o \u00e0 Doc\u00eancia 2022 Comiss\u00e3o Organizadora do VIII Semin\u00e1rio PIBID do IF Baiano \u2013 Edi\u00e7\u00e3o 2020\/2022 Ana Luiza Souza dos Santos Bruno Rodrigues da Silveira C\u00e1ssia Maria Souza Costa Santana Cleison Oliveira da Silva Damon Ferreira Farias Elane Souza da Silva Leandro dos Santos Daniel Lilian Pereira da Silva Teixeira&hellip;&nbsp;<a href=\"https:\/\/eventos.ifbaiano.edu.br\/portal\/congresso-iniciacao-docencia\/comissao\/\" rel=\"bookmark\">Continue a ler &raquo;<span class=\"screen-reader-text\">Comiss\u00e3o<\/span><\/a><\/p>\n","protected":false},"author":20,"featured_media":0,"parent":0,"menu_order":0,"comment_status":"closed","ping_status":"closed","template":"","meta":{"neve_meta_sidebar":"","neve_meta_container":"","neve_meta_enable_content_width":"","neve_meta_content_width":0,"neve_meta_title_alignment":"","neve_meta_author_avatar":"","neve_post_elements_order":"","neve_meta_disable_header":"","neve_meta_disable_footer":"","neve_meta_disable_title":"","footnotes":""},"_links":{"self":[{"href":"https:\/\/eventos.ifbaiano.edu.br\/portal\/congresso-iniciacao-docencia\/wp-json\/wp\/v2\/pages\/29"}],"collection":[{"href":"https:\/\/eventos.ifbaiano.edu.br\/portal\/congresso-iniciacao-docencia\/wp-json\/wp\/v2\/pages"}],"about":[{"href":"https:\/\/eventos.ifbaiano.edu.br\/portal\/congresso-iniciacao-docencia\/wp-json\/wp\/v2\/types\/page"}],"author":[{"embeddable":true,"href":"https:\/\/eventos.ifbaiano.edu.br\/portal\/congresso-iniciacao-docencia\/wp-json\/wp\/v2\/users\/20"}],"replies":[{"embeddable":true,"href":"https:\/\/eventos.ifbaiano.edu.br\/portal\/congresso-iniciacao-docencia\/wp-json\/wp\/v2\/comments?post=29"}],"version-history":[{"count":9,"href":"https:\/\/eventos.ifbaiano.edu.br\/portal\/congresso-iniciacao-docencia\/wp-json\/wp\/v2\/pages\/29\/revisions"}],"predecessor-version":[{"id":89,"href":"https:\/\/eventos.ifbaiano.edu.br\/portal\/congresso-iniciacao-docencia\/wp-json\/wp\/v2\/pages\/29\/revisions\/89"}],"wp:attachment":[{"href":"https:\/\/eventos.ifbaiano.edu.br\/portal\/congresso-iniciacao-docencia\/wp-json\/wp\/v2\/media?parent=29"}],"curies":[{"name":"wp","href":"https:\/\/api.w.org\/{rel}","templated":true}]}}