{"id":27,"date":"2022-03-14T10:27:34","date_gmt":"2022-03-14T13:27:34","guid":{"rendered":"https:\/\/eventos.ifbaiano.edu.br\/portal\/congresso-iniciacao-docencia\/?page_id=27"},"modified":"2022-03-16T14:41:16","modified_gmt":"2022-03-16T17:41:16","slug":"orientacoes-para-submissao-de-trabalhos","status":"publish","type":"page","link":"https:\/\/eventos.ifbaiano.edu.br\/portal\/congresso-iniciacao-docencia\/orientacoes-para-submissao-de-trabalhos\/","title":{"rendered":"Orienta\u00e7\u00f5es para submiss\u00e3o de trabalhos"},"content":{"rendered":"\n<ul><li><a href=\"https:\/\/eventos.ifbaiano.edu.br\/portal\/congresso-iniciacao-docencia\/files\/2022\/03\/Normas.pdf\" data-type=\"URL\" data-id=\"https:\/\/eventos.ifbaiano.edu.br\/portal\/congresso-iniciacao-docencia\/files\/2022\/03\/Normas.pdf\">Orienta\u00e7\u00f5es Gerais para submiss\u00e3o<\/a> <\/li><li><a rel=\"noreferrer noopener\" href=\"https:\/\/eventos.ifbaiano.edu.br\/portal\/congresso-iniciacao-docencia\/files\/2022\/03\/Termo-de-autorizacao-de-imagem-e-voz-1.doc\" data-type=\"URL\" data-id=\"https:\/\/eventos.ifbaiano.edu.br\/portal\/congresso-iniciacao-docencia\/files\/2022\/03\/Termo-de-autorizacao-de-imagem-e-voz-1.doc\" target=\"_blank\">Formul\u00e1rio de Autoriza\u00e7\u00e3o de Uso de Imagem<\/a><\/li><li>Modelos<ul><li><a href=\"https:\/\/eventos.ifbaiano.edu.br\/portal\/congresso-iniciacao-docencia\/files\/2022\/03\/resumo-simples-congresso-iniciacao-docencia-2022.doc\" data-type=\"URL\" data-id=\"https:\/\/eventos.ifbaiano.edu.br\/portal\/congresso-iniciacao-docencia\/files\/2022\/03\/resumo-simples-congresso-iniciacao-docencia-2022.doc\">Resumo Simples<\/a><\/li><li><a href=\"https:\/\/eventos.ifbaiano.edu.br\/portal\/congresso-iniciacao-docencia\/files\/2022\/03\/resumo-expandido-congresso-iniciacao-docencia-2022-1.doc\" data-type=\"URL\" data-id=\"https:\/\/eventos.ifbaiano.edu.br\/portal\/congresso-iniciacao-docencia\/files\/2022\/03\/resumo-expandido-congresso-iniciacao-docencia-2022-1.doc\">Resumo Expandido<\/a><\/li><li><a href=\"https:\/\/eventos.ifbaiano.edu.br\/portal\/congresso-iniciacao-docencia\/files\/2022\/03\/modelo-apresentacao-congresso-iniciacao-docencia.pptx\" data-type=\"URL\" data-id=\"https:\/\/eventos.ifbaiano.edu.br\/portal\/congresso-iniciacao-docencia\/files\/2022\/03\/modelo-apresentacao-congresso-iniciacao-docencia.pptx\">Apresenta\u00e7\u00e3o de slides<\/a><\/li><\/ul><\/li><\/ul>\n\n\n\n<p><\/p>\n","protected":false},"excerpt":{"rendered":"<p>Orienta\u00e7\u00f5es Gerais para submiss\u00e3o Formul\u00e1rio de Autoriza\u00e7\u00e3o de Uso de Imagem Modelos Resumo Simples Resumo Expandido Apresenta\u00e7\u00e3o de slides<\/p>\n","protected":false},"author":20,"featured_media":0,"parent":0,"menu_order":0,"comment_status":"closed","ping_status":"closed","template":"","meta":{"neve_meta_sidebar":"","neve_meta_container":"","neve_meta_enable_content_width":"","neve_meta_content_width":0,"neve_meta_title_alignment":"","neve_meta_author_avatar":"","neve_post_elements_order":"","neve_meta_disable_header":"","neve_meta_disable_footer":"","neve_meta_disable_title":"","footnotes":""},"_links":{"self":[{"href":"https:\/\/eventos.ifbaiano.edu.br\/portal\/congresso-iniciacao-docencia\/wp-json\/wp\/v2\/pages\/27"}],"collection":[{"href":"https:\/\/eventos.ifbaiano.edu.br\/portal\/congresso-iniciacao-docencia\/wp-json\/wp\/v2\/pages"}],"about":[{"href":"https:\/\/eventos.ifbaiano.edu.br\/portal\/congresso-iniciacao-docencia\/wp-json\/wp\/v2\/types\/page"}],"author":[{"embeddable":true,"href":"https:\/\/eventos.ifbaiano.edu.br\/portal\/congresso-iniciacao-docencia\/wp-json\/wp\/v2\/users\/20"}],"replies":[{"embeddable":true,"href":"https:\/\/eventos.ifbaiano.edu.br\/portal\/congresso-iniciacao-docencia\/wp-json\/wp\/v2\/comments?post=27"}],"version-history":[{"count":7,"href":"https:\/\/eventos.ifbaiano.edu.br\/portal\/congresso-iniciacao-docencia\/wp-json\/wp\/v2\/pages\/27\/revisions"}],"predecessor-version":[{"id":94,"href":"https:\/\/eventos.ifbaiano.edu.br\/portal\/congresso-iniciacao-docencia\/wp-json\/wp\/v2\/pages\/27\/revisions\/94"}],"wp:attachment":[{"href":"https:\/\/eventos.ifbaiano.edu.br\/portal\/congresso-iniciacao-docencia\/wp-json\/wp\/v2\/media?parent=27"}],"curies":[{"name":"wp","href":"https:\/\/api.w.org\/{rel}","templated":true}]}}