{"id":25,"date":"2022-03-14T10:26:30","date_gmt":"2022-03-14T13:26:30","guid":{"rendered":"https:\/\/eventos.ifbaiano.edu.br\/portal\/congresso-iniciacao-docencia\/?page_id=25"},"modified":"2022-03-17T10:16:03","modified_gmt":"2022-03-17T13:16:03","slug":"inscricoes","status":"publish","type":"page","link":"https:\/\/eventos.ifbaiano.edu.br\/portal\/congresso-iniciacao-docencia\/inscricoes\/","title":{"rendered":"Inscri\u00e7\u00f5es"},"content":{"rendered":"\n<ul><li>Inscri\u00e7\u00f5es no Congresso de Inicia\u00e7\u00e3o \u00e0 Doc\u00eancia do IF Baiano &#8211; <a href=\"https:\/\/suap.ifbaiano.edu.br\/eventos\/inscricao_publica\/436\/\" data-type=\"URL\" data-id=\"https:\/\/suap.ifbaiano.edu.br\/eventos\/inscricao_publica\/436\/\" target=\"_blank\" rel=\"noreferrer noopener\">Clique aqui<\/a><\/li><li>Inscri\u00e7\u00f5es no VIII Semin\u00e1rio PIBID  &#8211; <a href=\"https:\/\/suap.ifbaiano.edu.br\/eventos\/inscricao_publica\/434\/\" data-type=\"URL\" data-id=\"https:\/\/suap.ifbaiano.edu.br\/eventos\/inscricao_publica\/434\/\">Clique aqui <\/a><\/li><li>Inscri\u00e7\u00f5es no II Semin\u00e1rio PRP &#8211; <a href=\"https:\/\/suap.ifbaiano.edu.br\/eventos\/inscricao_publica\/423\/\" data-type=\"URL\" data-id=\"https:\/\/suap.ifbaiano.edu.br\/eventos\/inscricao_publica\/423\/\">Clique aqui<\/a><\/li><\/ul>\n\n\n\n<p><strong>Orienta\u00e7\u00f5es para a inscri\u00e7\u00e3o:<\/strong><\/p>\n\n\n\n<p><strong>Equipe PIBID:<\/strong><\/p>\n\n\n\n<p> Se voc\u00ea integra a equipe do PIBID na condi\u00e7\u00e3o de bolsista ou volunt\u00e1rio\/a (residentes; preceptores\/as; docentes orientadores\/as),  <strong>realize sua inscri\u00e7\u00e3o<\/strong> <strong>no<a href=\"https:\/\/suap.ifbaiano.edu.br\/eventos\/inscricao_publica\/436\/\" data-type=\"URL\" data-id=\"https:\/\/suap.ifbaiano.edu.br\/eventos\/inscricao_publica\/436\/\"> Congresso <\/a>e no <a href=\"https:\/\/suap.ifbaiano.edu.br\/eventos\/inscricao_publica\/434\/\" data-type=\"URL\" data-id=\"https:\/\/suap.ifbaiano.edu.br\/eventos\/inscricao_publica\/434\/\">VIII Semin\u00e1rio PIBID. <\/a><\/strong><\/p>\n\n\n\n<p><strong>Equipe PRP:<\/strong><\/p>\n\n\n\n<p>Se voc\u00ea integra a equipe do PRP na condi\u00e7\u00e3o de bolsista ou volunt\u00e1rio\/a (residentes; preceptores\/as; docentes orientadores\/as),  <strong>realize sua inscri\u00e7\u00e3o no <a href=\"https:\/\/suap.ifbaiano.edu.br\/eventos\/inscricao_publica\/436\/\" data-type=\"URL\" data-id=\"https:\/\/suap.ifbaiano.edu.br\/eventos\/inscricao_publica\/436\/\">Congresso<\/a> e no <a href=\"https:\/\/suap.ifbaiano.edu.br\/eventos\/inscricao_publica\/423\/\" data-type=\"URL\" data-id=\"https:\/\/suap.ifbaiano.edu.br\/eventos\/inscricao_publica\/423\/\">II Semin\u00e1rio PRP.<\/a><\/strong><\/p>\n\n\n\n<p><strong>Demais participantes:<\/strong><\/p>\n\n\n\n<p>Caso voc\u00ea n\u00e3o fa\u00e7a parte de um dos Programas PIBID ou PRP, <strong>realize sua inscri\u00e7\u00e3o APENAS<\/strong> <strong>no <a href=\"https:\/\/suap.ifbaiano.edu.br\/eventos\/inscricao_publica\/436\/\" data-type=\"URL\" data-id=\"https:\/\/suap.ifbaiano.edu.br\/eventos\/inscricao_publica\/436\/\">Congresso de Inicia\u00e7\u00e3o \u00e0 Doc\u00eancia do IF Baiano<\/a>.<\/strong><\/p>\n","protected":false},"excerpt":{"rendered":"<p>Inscri\u00e7\u00f5es no Congresso de Inicia\u00e7\u00e3o \u00e0 Doc\u00eancia do IF Baiano &#8211; Clique aqui Inscri\u00e7\u00f5es no VIII Semin\u00e1rio PIBID &#8211; Clique aqui Inscri\u00e7\u00f5es no II Semin\u00e1rio PRP &#8211; Clique aqui Orienta\u00e7\u00f5es para a inscri\u00e7\u00e3o: Equipe PIBID: Se voc\u00ea integra a equipe do PIBID na condi\u00e7\u00e3o de bolsista ou volunt\u00e1rio\/a (residentes; preceptores\/as; docentes orientadores\/as), realize sua inscri\u00e7\u00e3o&hellip;&nbsp;<a href=\"https:\/\/eventos.ifbaiano.edu.br\/portal\/congresso-iniciacao-docencia\/inscricoes\/\" rel=\"bookmark\">Continue a ler &raquo;<span class=\"screen-reader-text\">Inscri\u00e7\u00f5es<\/span><\/a><\/p>\n","protected":false},"author":20,"featured_media":0,"parent":0,"menu_order":0,"comment_status":"closed","ping_status":"closed","template":"","meta":{"neve_meta_sidebar":"","neve_meta_container":"","neve_meta_enable_content_width":"","neve_meta_content_width":0,"neve_meta_title_alignment":"","neve_meta_author_avatar":"","neve_post_elements_order":"","neve_meta_disable_header":"","neve_meta_disable_footer":"","neve_meta_disable_title":"","footnotes":""},"_links":{"self":[{"href":"https:\/\/eventos.ifbaiano.edu.br\/portal\/congresso-iniciacao-docencia\/wp-json\/wp\/v2\/pages\/25"}],"collection":[{"href":"https:\/\/eventos.ifbaiano.edu.br\/portal\/congresso-iniciacao-docencia\/wp-json\/wp\/v2\/pages"}],"about":[{"href":"https:\/\/eventos.ifbaiano.edu.br\/portal\/congresso-iniciacao-docencia\/wp-json\/wp\/v2\/types\/page"}],"author":[{"embeddable":true,"href":"https:\/\/eventos.ifbaiano.edu.br\/portal\/congresso-iniciacao-docencia\/wp-json\/wp\/v2\/users\/20"}],"replies":[{"embeddable":true,"href":"https:\/\/eventos.ifbaiano.edu.br\/portal\/congresso-iniciacao-docencia\/wp-json\/wp\/v2\/comments?post=25"}],"version-history":[{"count":9,"href":"https:\/\/eventos.ifbaiano.edu.br\/portal\/congresso-iniciacao-docencia\/wp-json\/wp\/v2\/pages\/25\/revisions"}],"predecessor-version":[{"id":107,"href":"https:\/\/eventos.ifbaiano.edu.br\/portal\/congresso-iniciacao-docencia\/wp-json\/wp\/v2\/pages\/25\/revisions\/107"}],"wp:attachment":[{"href":"https:\/\/eventos.ifbaiano.edu.br\/portal\/congresso-iniciacao-docencia\/wp-json\/wp\/v2\/media?parent=25"}],"curies":[{"name":"wp","href":"https:\/\/api.w.org\/{rel}","templated":true}]}}