{"id":22,"date":"2022-03-14T10:24:39","date_gmt":"2022-03-14T13:24:39","guid":{"rendered":"https:\/\/eventos.ifbaiano.edu.br\/portal\/congresso-iniciacao-docencia\/?page_id=22"},"modified":"2022-04-05T14:26:23","modified_gmt":"2022-04-05T17:26:23","slug":"programacao","status":"publish","type":"page","link":"https:\/\/eventos.ifbaiano.edu.br\/portal\/congresso-iniciacao-docencia\/programacao\/","title":{"rendered":"Programa\u00e7\u00e3o"},"content":{"rendered":"\n<figure class=\"wp-block-table\"><table><tbody><tr><td><strong>Hor\u00e1rio<\/strong><\/td><td class=\"has-text-align-left\" data-align=\"left\">              <strong>04\/04\/2022<\/strong><\/td><td>                   <strong> 05\/04\/2022<\/strong><\/td><td>             <strong> 06\/04\/2022<\/strong><\/td><\/tr><tr><td>16:00-17:30<\/td><td class=\"has-text-align-left\" data-align=\"left\">                   \u2013<\/td><td><strong>Apresenta\u00e7\u00e3o de trabalho: relatos de experi\u00eancia<\/strong> <br>Mesas simult\u00e2neas e intercalando trabalhos do PIBID e PRP<br><strong>Trabalhos aprovados <strong>e locais das apresenta\u00e7\u00f5es<\/strong> (<a rel=\"noreferrer noopener\" href=\"https:\/\/eventos.ifbaiano.edu.br\/portal\/congresso-iniciacao-docencia\/files\/2022\/04\/Apresentacao-de-Trabalhos-Dia-05.04.pdf\" target=\"_blank\">Clique aqui<\/a>)<\/strong><\/td><td><strong>Apresenta\u00e7\u00e3o de trabalho: relatos de experi\u00eancia <\/strong><br>Mesas simult\u00e2neas e intercalando trabalhos do PIBID e PRP<br><strong>Trabalhos aprovados  <strong> e local das apresenta\u00e7\u00f5es<\/strong> (<a rel=\"noreferrer noopener\" href=\"https:\/\/eventos.ifbaiano.edu.br\/portal\/congresso-iniciacao-docencia\/files\/2022\/04\/Apresentacao-de-Trabalhos-Dia-06.04.pdf\" target=\"_blank\">Clique aqui<\/a>) <\/strong><\/td><\/tr><tr><td>18:00-19:30<\/td><td class=\"has-text-align-left\" data-align=\"left\">                   \u2013<\/td><td><strong>Apresenta\u00e7\u00e3o de trabalho: relatos de experi\u00eancia<\/strong> <br>Mesas simult\u00e2neas e intercalando trabalhos do PIBID e PRP)\u00a0<br><strong>Trabalhos aprovados e locais das apresenta\u00e7\u00f5es (<a rel=\"noreferrer noopener\" href=\"https:\/\/eventos.ifbaiano.edu.br\/portal\/congresso-iniciacao-docencia\/files\/2022\/04\/Apresentacao-de-Trabalhos-Dia-05.04.pdf\" target=\"_blank\">Clique aqui<\/a>) <\/strong><\/td><td><\/td><\/tr><tr><td>19:30-21:30<\/td><td class=\"has-text-align-left\" data-align=\"left\"><strong>Confer\u00eancia de Abertura<\/strong><br>Palestrante: Profa. Ma. Arlene Andrade Malta&nbsp;-Media\u00e7\u00e3o: Lilian Teixeira e Aline Lima<br><strong><a href=\"https:\/\/conferenciaweb.rnp.br\/webconf\/congresso-de-iniciacao-a-docencia\" target=\"_blank\" rel=\"noreferrer noopener\">Link da sala<\/a><\/strong><\/td><td>                                \u2013<\/td><td><strong>Reflex\u00f5es sobre forma\u00e7\u00e3o de professores\/as nos Institutos Federais<\/strong><br>Profa. Dra. Keila Cruz Moreira &#8211; IFRN<br>Profa. Ma. Naiara Maia Oliveira &#8211; Docente do Campus Guanambi<br>Media\u00e7\u00e3o: Wanderson Alves<br> <strong><a rel=\"noreferrer noopener\" href=\"https:\/\/conferenciaweb.rnp.br\/webconf\/congresso-de-iniciacao-a-docencia\" target=\"_blank\">Link da sala<\/a><\/strong> <\/td><\/tr><tr><td><br>20:00-22:00<\/td><td class=\"has-text-align-left\" data-align=\"left\">                     \u2013<\/td><td><strong>Roda de di\u00e1logo: Avalia\u00e7\u00e3o do PIBID Edi\u00e7\u00e3o 2020-2022. <\/strong>Medi\u00e7\u00e3o: Saulo Capim &#8211; Docente Coordenador de \u00c1rea -Campus Catu.<strong> <a href=\"https:\/\/conferenciaweb.rnp.br\/webconf\/congresso-de-iniciacao-a-docencia\" data-type=\"URL\" data-id=\"https:\/\/conferenciaweb.rnp.br\/webconf\/congresso-de-iniciacao-a-docencia\">Link da sala<\/a>.<\/strong><br><strong>Roda de di\u00e1logo: Avalia\u00e7\u00e3o do PRP Edi\u00e7\u00e3o 2020-2022. <\/strong>Medi\u00e7\u00e3o: Jos\u00e9 Aurimar dos Santos Angelim &#8211; Docente Orientador Campus Senhor do Bonfim. <a href=\"https:\/\/conferenciaweb.rnp.br\/webconf\/congresso-de-iniciacao-a-docencia-sala2\" data-type=\"URL\" data-id=\"https:\/\/conferenciaweb.rnp.br\/webconf\/congresso-de-iniciacao-a-docencia-sala2\"><strong>Link da sala<\/strong><\/a>.<\/td><td><\/td><\/tr><\/tbody><\/table><figcaption>Programa\u00e7\u00e3o sujeita a altera\u00e7\u00f5es<\/figcaption><\/figure>\n","protected":false},"excerpt":{"rendered":"<p>Hor\u00e1rio 04\/04\/2022 05\/04\/2022 06\/04\/2022 16:00-17:30 \u2013 Apresenta\u00e7\u00e3o de trabalho: relatos de experi\u00eancia Mesas simult\u00e2neas e intercalando trabalhos do PIBID e PRPTrabalhos aprovados e locais das apresenta\u00e7\u00f5es (Clique aqui) Apresenta\u00e7\u00e3o de trabalho: relatos de experi\u00eancia Mesas simult\u00e2neas e intercalando trabalhos do PIBID e PRPTrabalhos aprovados e local das apresenta\u00e7\u00f5es (Clique aqui) 18:00-19:30 \u2013 Apresenta\u00e7\u00e3o de trabalho:&hellip;&nbsp;<a href=\"https:\/\/eventos.ifbaiano.edu.br\/portal\/congresso-iniciacao-docencia\/programacao\/\" rel=\"bookmark\">Continue a ler &raquo;<span class=\"screen-reader-text\">Programa\u00e7\u00e3o<\/span><\/a><\/p>\n","protected":false},"author":20,"featured_media":0,"parent":0,"menu_order":0,"comment_status":"closed","ping_status":"closed","template":"","meta":{"neve_meta_sidebar":"","neve_meta_container":"","neve_meta_enable_content_width":"","neve_meta_content_width":0,"neve_meta_title_alignment":"","neve_meta_author_avatar":"","neve_post_elements_order":"","neve_meta_disable_header":"","neve_meta_disable_footer":"","neve_meta_disable_title":"","footnotes":""},"_links":{"self":[{"href":"https:\/\/eventos.ifbaiano.edu.br\/portal\/congresso-iniciacao-docencia\/wp-json\/wp\/v2\/pages\/22"}],"collection":[{"href":"https:\/\/eventos.ifbaiano.edu.br\/portal\/congresso-iniciacao-docencia\/wp-json\/wp\/v2\/pages"}],"about":[{"href":"https:\/\/eventos.ifbaiano.edu.br\/portal\/congresso-iniciacao-docencia\/wp-json\/wp\/v2\/types\/page"}],"author":[{"embeddable":true,"href":"https:\/\/eventos.ifbaiano.edu.br\/portal\/congresso-iniciacao-docencia\/wp-json\/wp\/v2\/users\/20"}],"replies":[{"embeddable":true,"href":"https:\/\/eventos.ifbaiano.edu.br\/portal\/congresso-iniciacao-docencia\/wp-json\/wp\/v2\/comments?post=22"}],"version-history":[{"count":16,"href":"https:\/\/eventos.ifbaiano.edu.br\/portal\/congresso-iniciacao-docencia\/wp-json\/wp\/v2\/pages\/22\/revisions"}],"predecessor-version":[{"id":146,"href":"https:\/\/eventos.ifbaiano.edu.br\/portal\/congresso-iniciacao-docencia\/wp-json\/wp\/v2\/pages\/22\/revisions\/146"}],"wp:attachment":[{"href":"https:\/\/eventos.ifbaiano.edu.br\/portal\/congresso-iniciacao-docencia\/wp-json\/wp\/v2\/media?parent=22"}],"curies":[{"name":"wp","href":"https:\/\/api.w.org\/{rel}","templated":true}]}}