{"id":117,"date":"2022-04-04T13:21:12","date_gmt":"2022-04-04T16:21:12","guid":{"rendered":"https:\/\/eventos.ifbaiano.edu.br\/portal\/congresso-iniciacao-docencia\/?page_id=117"},"modified":"2022-04-04T15:18:03","modified_gmt":"2022-04-04T18:18:03","slug":"trabalhos-aprovados-e-apresentacoes","status":"publish","type":"page","link":"https:\/\/eventos.ifbaiano.edu.br\/portal\/congresso-iniciacao-docencia\/trabalhos-aprovados-e-apresentacoes\/","title":{"rendered":"Trabalhos aprovados e apresenta\u00e7\u00f5es"},"content":{"rendered":"\n<p><\/p>\n\n\n\n<p><a href=\"https:\/\/eventos.ifbaiano.edu.br\/portal\/congresso-iniciacao-docencia\/files\/2022\/04\/Apresentacao-de-Trabalhos-Dia-05.04.pdf\" target=\"_blank\" rel=\"noreferrer noopener\">Apresenta\u00e7\u00f5es &#8211; DIA 05.04<\/a><\/p>\n\n\n\n<p><a href=\"https:\/\/eventos.ifbaiano.edu.br\/portal\/congresso-iniciacao-docencia\/files\/2022\/04\/Apresentacao-de-Trabalhos-Dia-06.04.pdf\" target=\"_blank\" rel=\"noreferrer noopener\">Apresenta\u00e7\u00f5es &#8211; DIA 06.04<\/a> <\/p>\n\n\n\n<p><\/p>\n\n\n\n<p><strong>IMPORTANTE: <\/strong><br>a) Os autores que far\u00e3o a apresenta\u00e7\u00e3o dos trabalhos precisam enviar o documento <a rel=\"noreferrer noopener\" target=\"_blank\" href=\"https:\/\/eventos.ifbaiano.edu.br\/portal\/congresso-iniciacao-docencia\/orientacoes-para-submissao-de-trabalhos\">Autoriza\u00e7\u00e3o de Voz e Imagem <\/a>para o e-mail: <a href=\"mailto:pibid@ifbaiano.edu.br\">pibid@ifbaiano.edu.br<\/a>  com c\u00f3pia para o e-mail: <a rel=\"noreferrer noopener\" href=\"mailto:prp@reitoria.ifbaiano.edu.br\" target=\"_blank\">prp@reitoria.ifbaiano.edu.br<\/a>. Caso j\u00e1 tenha enviado, favor desconsiderar.<br>b) Entrar na sala com 15 minutos de anteced\u00eancia para baixar os slides.<\/p>\n","protected":false},"excerpt":{"rendered":"<p>Apresenta\u00e7\u00f5es &#8211; DIA 05.04 Apresenta\u00e7\u00f5es &#8211; DIA 06.04 IMPORTANTE: a) Os autores que far\u00e3o a apresenta\u00e7\u00e3o dos trabalhos precisam enviar o documento Autoriza\u00e7\u00e3o de Voz e Imagem para o e-mail: pibid@ifbaiano.edu.br com c\u00f3pia para o e-mail: prp@reitoria.ifbaiano.edu.br. Caso j\u00e1 tenha enviado, favor desconsiderar.b) Entrar na sala com 15 minutos de anteced\u00eancia para baixar os slides.<\/p>\n","protected":false},"author":43,"featured_media":0,"parent":0,"menu_order":0,"comment_status":"closed","ping_status":"closed","template":"","meta":{"neve_meta_sidebar":"","neve_meta_container":"","neve_meta_enable_content_width":"","neve_meta_content_width":0,"neve_meta_title_alignment":"","neve_meta_author_avatar":"","neve_post_elements_order":"","neve_meta_disable_header":"","neve_meta_disable_footer":"","neve_meta_disable_title":"","footnotes":""},"_links":{"self":[{"href":"https:\/\/eventos.ifbaiano.edu.br\/portal\/congresso-iniciacao-docencia\/wp-json\/wp\/v2\/pages\/117"}],"collection":[{"href":"https:\/\/eventos.ifbaiano.edu.br\/portal\/congresso-iniciacao-docencia\/wp-json\/wp\/v2\/pages"}],"about":[{"href":"https:\/\/eventos.ifbaiano.edu.br\/portal\/congresso-iniciacao-docencia\/wp-json\/wp\/v2\/types\/page"}],"author":[{"embeddable":true,"href":"https:\/\/eventos.ifbaiano.edu.br\/portal\/congresso-iniciacao-docencia\/wp-json\/wp\/v2\/users\/43"}],"replies":[{"embeddable":true,"href":"https:\/\/eventos.ifbaiano.edu.br\/portal\/congresso-iniciacao-docencia\/wp-json\/wp\/v2\/comments?post=117"}],"version-history":[{"count":7,"href":"https:\/\/eventos.ifbaiano.edu.br\/portal\/congresso-iniciacao-docencia\/wp-json\/wp\/v2\/pages\/117\/revisions"}],"predecessor-version":[{"id":138,"href":"https:\/\/eventos.ifbaiano.edu.br\/portal\/congresso-iniciacao-docencia\/wp-json\/wp\/v2\/pages\/117\/revisions\/138"}],"wp:attachment":[{"href":"https:\/\/eventos.ifbaiano.edu.br\/portal\/congresso-iniciacao-docencia\/wp-json\/wp\/v2\/media?parent=117"}],"curies":[{"name":"wp","href":"https:\/\/api.w.org\/{rel}","templated":true}]}}