{"id":35,"date":"2021-10-21T20:47:53","date_gmt":"2021-10-21T23:47:53","guid":{"rendered":"https:\/\/eventos.ifbaiano.edu.br\/portal\/caif-sb\/?page_id=35"},"modified":"2021-10-24T09:59:52","modified_gmt":"2021-10-24T12:59:52","slug":"contato","status":"publish","type":"page","link":"https:\/\/eventos.ifbaiano.edu.br\/portal\/caif-sb\/contato\/","title":{"rendered":"Contato"},"content":{"rendered":"\n<p>Para tirar d\u00favidas sobre o I Congresso Anual do IF Baiano \u2013 campus Senhor do Bonfim, voc\u00ea pode enviar um e-mail para n\u00f3s atrav\u00e9s dos seguintes contatos: <\/p>\n\n\n\n<ul><li><strong>Prof. \u00c1rtus Bolzanni <\/strong>\u2013 <a href=\"mailto:artus.bolzanni@ifbaiano.edu.br\">artus.bolzanni@ifbaiano.edu.br<\/a> \u2013 coordenador do T\u00e9cnico em Inform\u00e1tica<\/li><li><strong>Prof. Silas Machado<\/strong> \u2013 <a href=\"mailto:silas.machado@ifbaiano.edu.br\">silas.machado@ifbaiano.edu.br<\/a> \u2013 coordenador do T\u00e9cnico em Alimentos<\/li><li><strong>Prof. Alessandra Ara\u00fajo <\/strong>\u2013 <a href=\"mailto:alessandra.ara\u00fajo@ifbaiano.edu.br\" data-type=\"mailto\" data-id=\"mailto:alessandra.ara\u00fajo@ifbaiano.edu.br\">alessandra.ara\u00fajo@ifbaiano.edu.br<\/a> \u2013 coordenadora do T\u00e9cnico em Zootecnia<\/li><li><strong>Prof. Vandemberg Salvador<\/strong> \u2013 <a href=\"mailto:vandemberg.salvador@ifbaiano.edu.br\">vandemberg.salvador@ifbaiano.edu.br<\/a> \u2013 coordenador do T\u00e9cnico em Agrimensura<\/li><\/ul>\n\n\n\n<p><\/p>\n","protected":false},"excerpt":{"rendered":"<p>Para tirar d\u00favidas sobre o I Congresso Anual do IF Baiano \u2013 campus Senhor do Bonfim, voc\u00ea pode enviar um e-mail para n\u00f3s atrav\u00e9s dos seguintes contatos: Prof. \u00c1rtus Bolzanni \u2013 artus.bolzanni@ifbaiano.edu.br \u2013 coordenador do T\u00e9cnico em Inform\u00e1tica Prof. Silas Machado \u2013 silas.machado@ifbaiano.edu.br \u2013 coordenador do T\u00e9cnico em Alimentos Prof. Alessandra Ara\u00fajo \u2013 alessandra.ara\u00fajo@ifbaiano.edu.br \u2013&hellip;&nbsp;<a href=\"https:\/\/eventos.ifbaiano.edu.br\/portal\/caif-sb\/contato\/\" rel=\"bookmark\">Continue a ler &raquo;<span class=\"screen-reader-text\">Contato<\/span><\/a><\/p>\n","protected":false},"author":72,"featured_media":0,"parent":0,"menu_order":0,"comment_status":"closed","ping_status":"closed","template":"","meta":{"neve_meta_sidebar":"","neve_meta_container":"","neve_meta_enable_content_width":"","neve_meta_content_width":0,"neve_meta_title_alignment":"","neve_meta_author_avatar":"","neve_post_elements_order":"","neve_meta_disable_header":"","neve_meta_disable_footer":"","neve_meta_disable_title":"","footnotes":""},"_links":{"self":[{"href":"https:\/\/eventos.ifbaiano.edu.br\/portal\/caif-sb\/wp-json\/wp\/v2\/pages\/35"}],"collection":[{"href":"https:\/\/eventos.ifbaiano.edu.br\/portal\/caif-sb\/wp-json\/wp\/v2\/pages"}],"about":[{"href":"https:\/\/eventos.ifbaiano.edu.br\/portal\/caif-sb\/wp-json\/wp\/v2\/types\/page"}],"author":[{"embeddable":true,"href":"https:\/\/eventos.ifbaiano.edu.br\/portal\/caif-sb\/wp-json\/wp\/v2\/users\/72"}],"replies":[{"embeddable":true,"href":"https:\/\/eventos.ifbaiano.edu.br\/portal\/caif-sb\/wp-json\/wp\/v2\/comments?post=35"}],"version-history":[{"count":4,"href":"https:\/\/eventos.ifbaiano.edu.br\/portal\/caif-sb\/wp-json\/wp\/v2\/pages\/35\/revisions"}],"predecessor-version":[{"id":227,"href":"https:\/\/eventos.ifbaiano.edu.br\/portal\/caif-sb\/wp-json\/wp\/v2\/pages\/35\/revisions\/227"}],"wp:attachment":[{"href":"https:\/\/eventos.ifbaiano.edu.br\/portal\/caif-sb\/wp-json\/wp\/v2\/media?parent=35"}],"curies":[{"name":"wp","href":"https:\/\/api.w.org\/{rel}","templated":true}]}}