{"id":33,"date":"2021-10-21T20:47:39","date_gmt":"2021-10-21T23:47:39","guid":{"rendered":"https:\/\/eventos.ifbaiano.edu.br\/portal\/caif-sb\/?page_id=33"},"modified":"2021-10-22T16:53:20","modified_gmt":"2021-10-22T19:53:20","slug":"inscricoes","status":"publish","type":"page","link":"https:\/\/eventos.ifbaiano.edu.br\/portal\/caif-sb\/inscricoes\/","title":{"rendered":"Inscri\u00e7\u00f5es"},"content":{"rendered":"\n<p>Para se inscrever nas atividades do I Congresso do IF Baiano \u2013 <em>campus<\/em> Senhor do Bonfim \u2013 \u00e9 muito f\u00e1cil!<\/p>\n\n\n\n<p>Na se\u00e7\u00e3o Programa\u00e7\u00e3o deste site, voc\u00ea encontra a lista de palestras, minicursos e mostras de trabalhos. Em cada uma das atividades est\u00e1 um link para voc\u00ea se inscrever. Basta clicar nele e preencher os dados do formul\u00e1rio, como mostrado no exemplo abaixo. N\u00e3o esque\u00e7a de preencher todos os campos e pressionar Enviar.<\/p>\n\n\n\n<figure class=\"wp-block-image size-large is-resized\"><img loading=\"lazy\" decoding=\"async\" src=\"https:\/\/eventos.ifbaiano.edu.br\/portal\/caif-sb\/files\/2021\/10\/WhatsApp-Image-2021-10-22-at-16.01.52-1024x432.jpeg\" alt=\"\" class=\"wp-image-148\" width=\"689\" height=\"290\" srcset=\"https:\/\/eventos.ifbaiano.edu.br\/portal\/caif-sb\/files\/2021\/10\/WhatsApp-Image-2021-10-22-at-16.01.52-1024x432.jpeg 1024w, https:\/\/eventos.ifbaiano.edu.br\/portal\/caif-sb\/files\/2021\/10\/WhatsApp-Image-2021-10-22-at-16.01.52-300x126.jpeg 300w, https:\/\/eventos.ifbaiano.edu.br\/portal\/caif-sb\/files\/2021\/10\/WhatsApp-Image-2021-10-22-at-16.01.52-768x324.jpeg 768w, https:\/\/eventos.ifbaiano.edu.br\/portal\/caif-sb\/files\/2021\/10\/WhatsApp-Image-2021-10-22-at-16.01.52.jpeg 1205w\" sizes=\"(max-width: 689px) 100vw, 689px\" \/><\/figure>\n\n\n\n<p>Pronto! Voc\u00ea se inscreveu na atividade. Para se inscrever nas demais, basta fazer o mesmo para estas.<\/p>\n","protected":false},"excerpt":{"rendered":"<p>Para se inscrever nas atividades do I Congresso do IF Baiano \u2013 campus Senhor do Bonfim \u2013 \u00e9 muito f\u00e1cil! Na se\u00e7\u00e3o Programa\u00e7\u00e3o deste site, voc\u00ea encontra a lista de palestras, minicursos e mostras de trabalhos. Em cada uma das atividades est\u00e1 um link para voc\u00ea se inscrever. Basta clicar nele e preencher os dados&hellip;&nbsp;<a href=\"https:\/\/eventos.ifbaiano.edu.br\/portal\/caif-sb\/inscricoes\/\" rel=\"bookmark\">Continue a ler &raquo;<span class=\"screen-reader-text\">Inscri\u00e7\u00f5es<\/span><\/a><\/p>\n","protected":false},"author":72,"featured_media":0,"parent":0,"menu_order":0,"comment_status":"closed","ping_status":"closed","template":"","meta":{"neve_meta_sidebar":"","neve_meta_container":"","neve_meta_enable_content_width":"","neve_meta_content_width":0,"neve_meta_title_alignment":"","neve_meta_author_avatar":"","neve_post_elements_order":"","neve_meta_disable_header":"","neve_meta_disable_footer":"","neve_meta_disable_title":"","footnotes":""},"_links":{"self":[{"href":"https:\/\/eventos.ifbaiano.edu.br\/portal\/caif-sb\/wp-json\/wp\/v2\/pages\/33"}],"collection":[{"href":"https:\/\/eventos.ifbaiano.edu.br\/portal\/caif-sb\/wp-json\/wp\/v2\/pages"}],"about":[{"href":"https:\/\/eventos.ifbaiano.edu.br\/portal\/caif-sb\/wp-json\/wp\/v2\/types\/page"}],"author":[{"embeddable":true,"href":"https:\/\/eventos.ifbaiano.edu.br\/portal\/caif-sb\/wp-json\/wp\/v2\/users\/72"}],"replies":[{"embeddable":true,"href":"https:\/\/eventos.ifbaiano.edu.br\/portal\/caif-sb\/wp-json\/wp\/v2\/comments?post=33"}],"version-history":[{"count":2,"href":"https:\/\/eventos.ifbaiano.edu.br\/portal\/caif-sb\/wp-json\/wp\/v2\/pages\/33\/revisions"}],"predecessor-version":[{"id":150,"href":"https:\/\/eventos.ifbaiano.edu.br\/portal\/caif-sb\/wp-json\/wp\/v2\/pages\/33\/revisions\/150"}],"wp:attachment":[{"href":"https:\/\/eventos.ifbaiano.edu.br\/portal\/caif-sb\/wp-json\/wp\/v2\/media?parent=33"}],"curies":[{"name":"wp","href":"https:\/\/api.w.org\/{rel}","templated":true}]}}