{"id":29,"date":"2021-10-21T20:46:12","date_gmt":"2021-10-21T23:46:12","guid":{"rendered":"https:\/\/eventos.ifbaiano.edu.br\/portal\/caif-sb\/?page_id=29"},"modified":"2021-10-25T11:14:13","modified_gmt":"2021-10-25T14:14:13","slug":"inicio","status":"publish","type":"page","link":"https:\/\/eventos.ifbaiano.edu.br\/portal\/caif-sb\/","title":{"rendered":"In\u00edcio"},"content":{"rendered":"\n<div class=\"wp-block-media-text is-stacked-on-mobile\" style=\"grid-template-columns:23% auto\"><figure class=\"wp-block-media-text__media\"><a href=\"https:\/\/eventos.ifbaiano.edu.br\/portal\/caif-sb\/programacao\/\"><img loading=\"lazy\" decoding=\"async\" width=\"1024\" height=\"1024\" src=\"https:\/\/eventos.ifbaiano.edu.br\/portal\/caif-sb\/files\/2021\/10\/I-Congresso-do-IF-Baiano-1-1-1024x1024.png\" alt=\"\" class=\"wp-image-58 size-full\" srcset=\"https:\/\/eventos.ifbaiano.edu.br\/portal\/caif-sb\/files\/2021\/10\/I-Congresso-do-IF-Baiano-1-1-1024x1024.png 1024w, https:\/\/eventos.ifbaiano.edu.br\/portal\/caif-sb\/files\/2021\/10\/I-Congresso-do-IF-Baiano-1-1-300x300.png 300w, https:\/\/eventos.ifbaiano.edu.br\/portal\/caif-sb\/files\/2021\/10\/I-Congresso-do-IF-Baiano-1-1-150x150.png 150w, https:\/\/eventos.ifbaiano.edu.br\/portal\/caif-sb\/files\/2021\/10\/I-Congresso-do-IF-Baiano-1-1-768x768.png 768w, https:\/\/eventos.ifbaiano.edu.br\/portal\/caif-sb\/files\/2021\/10\/I-Congresso-do-IF-Baiano-1-1.png 1080w\" sizes=\"(max-width: 1024px) 100vw, 1024px\" \/><\/a><\/figure><div class=\"wp-block-media-text__content\">\n<p><\/p>\n\n\n\n<p><strong>Bem vindo ao evento de todos!<\/strong><\/p>\n\n\n\n<p class=\"has-text-align-left\">Motivados pela vontade de fazer sempre mais e melhor, servidores e estudantes do <em>campus<\/em> Senhor do Bonfim anunciam o I Congresso Anual do IF Baiano \u2013 campus Senhor do Bonfim. Um Congresso plural que coloca lado a lado as diversas \u00e1reas do conhecimento que engrandecem nossa Institui\u00e7\u00e3o.<\/p>\n\n\n\n<p>Agrimensura, Tecnologia em Alimentos, Computa\u00e7\u00e3o e Zootecnia s\u00e3o as \u00e1reas que formam a base deste evento, por\u00e9m de uma maneira diferente. Todas as atividades do Congresso ter\u00e3o abordagens diferentes do que \u00e9 visto por a\u00ed. Debates sobre tecnologias de ponta, retrospectivas sobre a hist\u00f3ria da pr\u00f3pria ci\u00eancia e as inovadoras visitas t\u00e9cnicas on-line, fazem do I Congresso Anual do IF Baiano \u2013 campus Senhor do Bonfim \u2013 uma experi\u00eancia \u00fanica e revolucion\u00e1ria.<\/p>\n\n\n\n<p class=\"has-text-align-left\">Durante 6 semanas, dezenas de palestras, minicursos e mostras de trabalhos ser\u00e3o oferecidos \u00e0 comunidade de maneira 100% on-line. Ser\u00e3o emitidos certificados aos participantes que fizerem sua inscri\u00e7\u00e3o nas respectivas atividades. Por isso, convidamos voc\u00ea a juntar-se a n\u00f3s e participar deste evento.<\/p>\n\n\n\n<p>Por isso, convidamos voc\u00ea a juntar-se a n\u00f3s e participar deste evento<\/p>\n<\/div><\/div>\n","protected":false},"excerpt":{"rendered":"<p>Bem vindo ao evento de todos! Motivados pela vontade de fazer sempre mais e melhor, servidores e estudantes do campus Senhor do Bonfim anunciam o I Congresso Anual do IF Baiano \u2013 campus Senhor do Bonfim. Um Congresso plural que coloca lado a lado as diversas \u00e1reas do conhecimento que engrandecem nossa Institui\u00e7\u00e3o. Agrimensura, Tecnologia&hellip;&nbsp;<a href=\"https:\/\/eventos.ifbaiano.edu.br\/portal\/caif-sb\/\" rel=\"bookmark\">Continue a ler &raquo;<span class=\"screen-reader-text\">In\u00edcio<\/span><\/a><\/p>\n","protected":false},"author":72,"featured_media":0,"parent":0,"menu_order":0,"comment_status":"closed","ping_status":"closed","template":"","meta":{"neve_meta_sidebar":"default","neve_meta_container":"full-width","neve_meta_enable_content_width":"on","neve_meta_content_width":99,"neve_meta_title_alignment":"left","neve_meta_author_avatar":"","neve_post_elements_order":"","neve_meta_disable_header":"off","neve_meta_disable_footer":"off","neve_meta_disable_title":"on","footnotes":""},"_links":{"self":[{"href":"https:\/\/eventos.ifbaiano.edu.br\/portal\/caif-sb\/wp-json\/wp\/v2\/pages\/29"}],"collection":[{"href":"https:\/\/eventos.ifbaiano.edu.br\/portal\/caif-sb\/wp-json\/wp\/v2\/pages"}],"about":[{"href":"https:\/\/eventos.ifbaiano.edu.br\/portal\/caif-sb\/wp-json\/wp\/v2\/types\/page"}],"author":[{"embeddable":true,"href":"https:\/\/eventos.ifbaiano.edu.br\/portal\/caif-sb\/wp-json\/wp\/v2\/users\/72"}],"replies":[{"embeddable":true,"href":"https:\/\/eventos.ifbaiano.edu.br\/portal\/caif-sb\/wp-json\/wp\/v2\/comments?post=29"}],"version-history":[{"count":23,"href":"https:\/\/eventos.ifbaiano.edu.br\/portal\/caif-sb\/wp-json\/wp\/v2\/pages\/29\/revisions"}],"predecessor-version":[{"id":216,"href":"https:\/\/eventos.ifbaiano.edu.br\/portal\/caif-sb\/wp-json\/wp\/v2\/pages\/29\/revisions\/216"}],"wp:attachment":[{"href":"https:\/\/eventos.ifbaiano.edu.br\/portal\/caif-sb\/wp-json\/wp\/v2\/media?parent=29"}],"curies":[{"name":"wp","href":"https:\/\/api.w.org\/{rel}","templated":true}]}}