{"id":35,"date":"2018-11-05T22:00:08","date_gmt":"2018-11-06T00:00:08","guid":{"rendered":"http:\/\/eventos.ifbaiano.edu.br\/portal\/arvorecer-negro-teixeira\/?page_id=35"},"modified":"2018-11-09T19:24:56","modified_gmt":"2018-11-09T21:24:56","slug":"comissao","status":"publish","type":"page","link":"https:\/\/eventos.ifbaiano.edu.br\/portal\/arvorecer-negro-teixeira\/comissao\/","title":{"rendered":"COMISS\u00c3O"},"content":{"rendered":"<p><strong>Presidente:<\/strong> Dhanyane Alves Castro<\/p>\n<p><strong>Membros:<\/strong><\/p>\n<p>Alana Assun\u00e7\u00e3o Damasceno de Souza<\/p>\n<p>C\u00e1ssia Cilene Fernandes Avil\u00e1<\/p>\n<p>Daniel Silva Gon\u00e7alves<\/p>\n<p>Dimas Catai Santos Junior<\/p>\n<p>Etiene Santiago Carneiro<\/p>\n<p>Isis Vanessa Halim de Lima<\/p>\n<p>Philipe Moreira Sales Lima<\/p>\n<p>Priscila Ferreira de Oliveira<\/p>\n<p>Ronald Tavares Le\u00e3o Moret<\/p>\n<p>Rosana Rocha Siqueria<\/p>\n<p>Welton Rodrigues Santos<\/p>\n","protected":false},"excerpt":{"rendered":"<p>Presidente: Dhanyane Alves Castro Membros: Alana Assun\u00e7\u00e3o Damasceno de Souza C\u00e1ssia Cilene Fernandes Avil\u00e1 Daniel Silva Gon\u00e7alves Dimas Catai Santos Junior Etiene Santiago Carneiro Isis Vanessa Halim de Lima Philipe Moreira Sales Lima Priscila Ferreira de Oliveira Ronald Tavares Le\u00e3o Moret Rosana Rocha Siqueria Welton Rodrigues Santos<\/p>\n","protected":false},"author":47,"featured_media":0,"parent":0,"menu_order":0,"comment_status":"closed","ping_status":"closed","template":"","meta":{"footnotes":""},"_links":{"self":[{"href":"https:\/\/eventos.ifbaiano.edu.br\/portal\/arvorecer-negro-teixeira\/wp-json\/wp\/v2\/pages\/35"}],"collection":[{"href":"https:\/\/eventos.ifbaiano.edu.br\/portal\/arvorecer-negro-teixeira\/wp-json\/wp\/v2\/pages"}],"about":[{"href":"https:\/\/eventos.ifbaiano.edu.br\/portal\/arvorecer-negro-teixeira\/wp-json\/wp\/v2\/types\/page"}],"author":[{"embeddable":true,"href":"https:\/\/eventos.ifbaiano.edu.br\/portal\/arvorecer-negro-teixeira\/wp-json\/wp\/v2\/users\/47"}],"replies":[{"embeddable":true,"href":"https:\/\/eventos.ifbaiano.edu.br\/portal\/arvorecer-negro-teixeira\/wp-json\/wp\/v2\/comments?post=35"}],"version-history":[{"count":3,"href":"https:\/\/eventos.ifbaiano.edu.br\/portal\/arvorecer-negro-teixeira\/wp-json\/wp\/v2\/pages\/35\/revisions"}],"predecessor-version":[{"id":84,"href":"https:\/\/eventos.ifbaiano.edu.br\/portal\/arvorecer-negro-teixeira\/wp-json\/wp\/v2\/pages\/35\/revisions\/84"}],"wp:attachment":[{"href":"https:\/\/eventos.ifbaiano.edu.br\/portal\/arvorecer-negro-teixeira\/wp-json\/wp\/v2\/media?parent=35"}],"curies":[{"name":"wp","href":"https:\/\/api.w.org\/{rel}","templated":true}]}}