{"id":33,"date":"2018-11-05T21:58:34","date_gmt":"2018-11-05T23:58:34","guid":{"rendered":"http:\/\/eventos.ifbaiano.edu.br\/portal\/arvorecer-negro-teixeira\/?page_id=33"},"modified":"2019-04-15T14:29:09","modified_gmt":"2019-04-15T17:29:09","slug":"programacao","status":"publish","type":"page","link":"https:\/\/eventos.ifbaiano.edu.br\/portal\/arvorecer-negro-teixeira\/programacao\/","title":{"rendered":"PROGRAMA\u00c7\u00c3O"},"content":{"rendered":"<table border=\"1\" width=\"800\" cellspacing=\"1\" align=\"center\" bgcolor=\"#FF8000\">\n<tbody>\n<tr>\n<td style=\"text-align: center\" colspan=\"3\">\n<h5><span style=\"color: #000000\"><strong>SEXTA-FEIRA (23 de Novembro)<\/strong><\/span><\/h5>\n<\/td>\n<\/tr>\n<tr>\n<td style=\"text-align: center\"><span style=\"color: #000000\"><strong><em>Turno<\/em><\/strong><\/span><\/td>\n<td style=\"text-align: center\"><span style=\"color: #000000\"><strong><em>Hor\u00e1rio<\/em><\/strong><\/span><\/td>\n<td style=\"text-align: center\"><span style=\"color: #000000\"><strong><em>Atividade<\/em><\/strong><\/span><\/td>\n<\/tr>\n<tr bgcolor=\"#F5D0A9\">\n<td style=\"text-align: center\" rowspan=\"6\" valign=\"center\"><span style=\"color: #000000\"><strong>Manh\u00e3<\/strong><\/span><\/td>\n<td style=\"text-align: center\"><span style=\"color: #000000\">7:00<\/span><\/td>\n<td style=\"text-align: center\"><span style=\"color: #000000\"><strong>Credenciamento<\/strong><\/span><\/p>\n<p><span style=\"color: #000000\"><strong>Mesa de Abertura<\/strong> &#8211; Apresenta\u00e7\u00e3o do I Arvorecer Negro: Interfaces e Di\u00e1logos<\/span><\/td>\n<\/tr>\n<tr bgcolor=\"#F5D0A9\">\n<td style=\"text-align: center\"><span style=\"color: #000000\">7:15<\/span><\/td>\n<td style=\"text-align: center\"><span style=\"color: #000000\"><strong>Apresenta\u00e7\u00e3o de V\u00eddeo e Atividades Culturais<\/strong><\/span><\/td>\n<\/tr>\n<tr bgcolor=\"#F5D0A9\">\n<td style=\"text-align: center\"><span style=\"color: #000000\">7:40<\/span><\/td>\n<td style=\"text-align: center\"><span style=\"color: #000000\"><strong>Concurso<\/strong>: Logo do NEABI &#8211; <em>Campus<\/em> Teixeira de Freitas e premia\u00e7\u00e3o<\/span><\/td>\n<\/tr>\n<tr bgcolor=\"#F5D0A9\">\n<td style=\"text-align: center\"><span style=\"color: #000000\">8:00<\/span><\/td>\n<td style=\"text-align: center\"><span style=\"color: #000000\"><em>Intervalo<\/em><\/span><\/td>\n<\/tr>\n<tr bgcolor=\"#F5D0A9\">\n<td style=\"text-align: center\"><span style=\"color: #000000\">8:20<\/span><\/td>\n<td style=\"text-align: center\"><span style=\"color: #000000\"><strong>Oficinas\/ Minicursos<\/strong><\/span><\/p>\n<p><span style=\"color: #000000\"><strong>Minicurso<\/strong> &#8211; Sa\u00fade da Mulher Negra &#8211;\u00a0<strong>Ministrante<em>:<\/em><\/strong> Gabriela Prado (UFSB)<\/span><\/p>\n<p><span style=\"color: #000000\"><strong>Oficina<\/strong> &#8211; Capoeira &#8211;\u00a0<strong>Ministrante:<\/strong> Casa da Cultura<\/span><\/p>\n<p><span style=\"color: #000000\"><strong>Oficina<\/strong> &#8211; Pintura\u00a0(Participantes devem trazer uma camisa para ser pintada) &#8211;\u00a0\u00a0<\/span><span style=\"color: #000000\"><strong>Ministrante:<\/strong> Silas Caja Viturino (IFBaiano)<\/span><\/p>\n<p><span style=\"color: #000000\"><strong>Mosaico<\/strong> Cultural Malungos &#8211;\u00a0\u00a0<\/span><span style=\"color: #000000\"><strong>Ministrante:<\/strong>\u00a0Grupo Malungos (PPGER\/UFSB)<\/span><\/p>\n<p><span style=\"color: #000000\"><strong>Minicurso<\/strong> &#8211;\u00a0 Est\u00e9ticas Negras Diasp\u00f3rica (participantes devem trazer tecido &#8211; canga echarpe) &#8211;\u00a0<strong>Ministrante:<\/strong> J\u00e9ssica Silva Pereira (UFSB) e Itamar dos Anjos (UFSB)<\/span><\/p>\n<p><span style=\"color: #000000\"><strong>Minicurso<\/strong> &#8211; Leitura e Literatura: um passeio pelas literaturas infanto-juvenis afro &#8211;\u00a0<strong>Ministrante:<\/strong> Ananda Luz (UFSB)<\/span><\/p>\n<p><span style=\"color: #000000\"><strong>Minicurso<\/strong> &#8211; Povos tradicionais, Viola\u00e7\u00e3o e Direitos Humanos &#8211;\u00a0<strong>Ministrante:<\/strong> Cl\u00e1udia Mirella (UFBA)<\/span><\/p>\n<p><span style=\"color: #000000\"><strong>Minicurso<\/strong> &#8211;\u00a0<\/span><span style=\"color: #000000\">A lei 10.639 e a desconstru\u00e7\u00e3o do \u201cMito da Democracia Racial do Brasil\u201d &#8211;\u00a0<\/span><span style=\"color: #000000\"><strong>Ministrante:<\/strong> Andr\u00e9 Almeida (APLB); Jackeline Santana Gomes (Mestre-UESC)<\/span><\/td>\n<\/tr>\n<tr bgcolor=\"#F5D0A9\">\n<td style=\"text-align: center\"><span style=\"color: #000000\">11:30<\/span><\/td>\n<td style=\"text-align: center\"><span style=\"color: #000000\"><em>Intervalo<\/em><\/span><\/td>\n<\/tr>\n<tr bgcolor=\"#FAAC58\">\n<td style=\"text-align: center\" rowspan=\"2\"><span style=\"color: #000000\"><strong>Tarde<\/strong><\/span><\/td>\n<td style=\"text-align: center\" rowspan=\"1\"><span style=\"color: #000000\">13:30<\/span><\/td>\n<td style=\"text-align: center\"><span style=\"color: #000000\"><strong>GT&#8217;s &#8211; GRUPO DE TRABALHOS<\/strong><\/span><\/p>\n<p><span style=\"color: #000000\"><strong>GT01<\/strong> &#8211; <em>Conflitos, Direitos Humanos e Ra\u00e7a<\/em><\/span><\/p>\n<p><span style=\"color: #000000\">(Herbert Toledo \u2013UFSB; Dhanyane Castro \u2013 IF Baiano<strong>)<\/strong><\/span><\/p>\n<p><span style=\"color: #000000\"><strong>GT02<\/strong> &#8211; <em>Literatura e Rela\u00e7\u00f5es \u00c9tnico-raciais: viv\u00eancias, experi\u00eancias e resist\u00eancias<\/em><\/span><\/p>\n<p><span style=\"color: #000000\">(Rafael dos Prazeres \u2013 UFSB; Ananda Luz \u2013 UFSB)<\/span><\/p>\n<p><span style=\"color: #000000\"><strong>GT03<\/strong> &#8211;\u00a0<\/span><em><span style=\"color: #000000\">Escravid\u00e3o e Liberdade no Brasil<\/span><\/em><\/p>\n<p><span style=\"color: #000000\">(Ra\u00edza\u00a0Canuta \u2013 UNEB\/UFBA; Dimas Catai \u2013 IF Baiano)<\/span><\/p>\n<p><span style=\"color: #000000\"><strong>GT04<\/strong> &#8211;\u00a0<\/span><span style=\"color: #000000\"><em>Educa\u00e7\u00e3o, Rela\u00e7\u00f5es \u00c9tnico-raciais e Desigualdades<\/em><\/span><\/p>\n<p><span style=\"color: #000000\">(Alana Damasceno \u2013 IF Baiano; Victor Braga \u2013 IF Baiano; Sayonara Elias \u2013 UFSB) <em><strong>\u00a0<\/strong><\/em><\/span><\/p>\n<p><span style=\"color: #000000\"><strong>GT05<\/strong> &#8211; <em>M\u00fasica, Cultura e Ra\u00e7a<\/em><\/span><\/p>\n<p><span style=\"color: #000000\">(Philipe Moreira Sales \u2013 IF Baiano; Quedma Cristal \u2013 IF Baiano)<\/span><\/p>\n<p><span style=\"color: #000000\"><strong>GT06<\/strong> &#8211; <em>Popula\u00e7\u00e3o Negra e sua influ\u00eancia nos setores de educa\u00e7\u00e3o, ci\u00eancia e tecnologia<\/em><\/span><\/p>\n<p><span style=\"color: #000000\">(Priscila Ferreira de Oliveira \u2013 IF Baiano; Lorena Varj\u00e3o \u2013 IF Baiano; Nayara Souza \u2013 IF Baiano)<\/span><\/td>\n<\/tr>\n<tr bgcolor=\"#FAAC58\">\n<td style=\"text-align: center\"><span style=\"color: #000000\">17:00<\/span><\/td>\n<td style=\"text-align: center\"><span style=\"color: #000000\"><em>Encerramentos das atividades<\/em><\/span><\/td>\n<\/tr>\n<tr bgcolor=\"#F5D0A9\">\n<td style=\"text-align: center\" rowspan=\"6\"><span style=\"color: #000000\"><strong>Noite<\/strong><\/span><\/td>\n<td style=\"text-align: center\"><span style=\"color: #000000\">18:30<\/span><\/td>\n<td style=\"text-align: center\"><span style=\"color: #000000\"><strong>Credenciamento<\/strong><\/span><\/td>\n<\/tr>\n<tr bgcolor=\"#F5D0A9\">\n<td style=\"text-align: center\"><span style=\"color: #000000\">18:30<\/span><\/td>\n<td style=\"text-align: center\"><span style=\"color: #000000\"><strong>Mesa de Abertura<\/strong>\u00a0&#8211; Apresenta\u00e7\u00e3o do I Arvorecer Negro: Interfaces e Di\u00e1logos<br \/>\n<\/span><\/td>\n<\/tr>\n<tr bgcolor=\"#F5D0A9\">\n<td style=\"text-align: center\"><span style=\"color: #000000\">19:00<\/span><\/td>\n<td style=\"text-align: center\"><span style=\"color: #000000\"><strong>Atividades Culturais<\/strong><br \/>\n<\/span><\/td>\n<\/tr>\n<tr bgcolor=\"#F5D0A9\">\n<td style=\"text-align: center\"><span style=\"color: #000000\">19:10<\/span><\/td>\n<td style=\"text-align: center\"><span style=\"color: #000000\"><strong>Apresenta\u00e7\u00e3o de p\u00f4steres &#8211; Tem\u00e1ticas:<\/strong><br \/>\n<\/span><\/p>\n<ol>\n<li><span style=\"color: #000000\">Agricultura Familiar e popula\u00e7\u00f5es negras<\/span><\/li>\n<li><span style=\"color: #000000\">Afro-empreendedorismo<\/span><\/li>\n<li><span style=\"color: #000000\">Diversidade \u00e9tnico-racial no mundo do trabalho<\/span><\/li>\n<\/ol>\n<\/td>\n<\/tr>\n<tr bgcolor=\"#F5D0A9\">\n<td style=\"text-align: center\"><span style=\"color: #000000\">20:10<\/span><\/td>\n<td style=\"text-align: center\"><span style=\"color: #000000\"><strong>Minicursos e Oficinas:<\/strong><\/span><\/p>\n<p><span style=\"color: #000000\"><strong>Oficina<\/strong> &#8211; Dan\u00e7a &#8211;\u00a0<strong>Ministrante:<\/strong> Ranata Aparecida Rosa<\/span><\/p>\n<p><span style=\"color: #000000\"><strong>Minicurso<\/strong> &#8211; Indicadores Sociais e Gest\u00e3o P\u00fablica em Comunidades Tradicionais &#8211;\u00a0<strong>Ministrante:<\/strong> Cl\u00e1udia Mirela (UFBA)<\/span><\/p>\n<p><span style=\"color: #000000\"><strong>Oficina<\/strong> &#8211; Xadrez Africano NTxuva &#8211;\u00a0<\/span><\/p>\n<p><span style=\"color: #000000\"><strong>Ministrante:<\/strong> Aberto Chirinda (IF Baiano)<\/span><\/td>\n<\/tr>\n<tr bgcolor=\"#F5D0A9\">\n<td style=\"text-align: center\"><span style=\"color: #000000\">22:00<\/span><\/td>\n<td style=\"text-align: center\"><span style=\"color: #000000\"><em>Encerramento das atividades<\/em><br \/>\n<\/span><\/td>\n<\/tr>\n<\/tbody>\n<\/table>\n<hr \/>\n<table border=\"1\" width=\"800\" cellspacing=\"1\" align=\"center\" bgcolor=\"#FF8000\">\n<tbody>\n<tr>\n<td style=\"text-align: center\" colspan=\"3\">\n<h5><span style=\"color: #000000\"><strong>S\u00c1BADO (24 de Novembro)<\/strong><\/span><\/h5>\n<\/td>\n<\/tr>\n<tr>\n<td style=\"text-align: center\"><span style=\"color: #000000\"><strong><em>Turno<\/em><\/strong><\/span><\/td>\n<td style=\"text-align: center\"><span style=\"color: #000000\"><strong><em>Hor\u00e1rio<\/em><\/strong><\/span><\/td>\n<td style=\"text-align: center\"><span style=\"color: #000000\"><strong><em>Atividade<\/em><\/strong><\/span><\/td>\n<\/tr>\n<tr bgcolor=\"#F5D0A9\">\n<td style=\"text-align: center\" rowspan=\"4\" valign=\"center\"><span style=\"color: #000000\"><strong>Manh\u00e3<\/strong><\/span><\/td>\n<td style=\"text-align: center\"><span style=\"color: #000000\">7:30<\/span><\/td>\n<td style=\"text-align: center\"><span style=\"color: #000000\"><strong>Atividades Culturais:<\/strong>\u00a0<em>O Rio da Barrinha de Cumuruxatiba \u2013 Teatro Documental<\/em><\/span><\/td>\n<\/tr>\n<tr bgcolor=\"#FAAC58\">\n<td style=\"text-align: center\"><span style=\"color: #000000\">8:40<\/span><\/td>\n<td style=\"text-align: center\"><span style=\"color: #000000\"><em>Intervalo<\/em><\/span><\/td>\n<\/tr>\n<tr bgcolor=\"#FAAC58\">\n<td style=\"text-align: center\"><span style=\"color: #000000\">9:00<\/span><\/td>\n<td style=\"text-align: center\"><span style=\"color: #000000\"><strong>Mesa Redonda:<\/strong> Desafios da agricultura familiar em comunidades quilombolas no Extremo Sul da Bahia<\/span><\/p>\n<p><strong><span style=\"color: #000000\">Media\u00e7\u00e3o:<\/span><\/strong><\/p>\n<p><span style=\"color: #000000\">Ana Rosa Alves Oliveira (IFBaiano)<\/span><\/p>\n<p><span style=\"color: #000000\">N\u00fabia dos Santos Am\u00e9rico de Jesus (UNEB\/Comunidade Quilombola Vila Juazeiro)<\/span><\/p>\n<p><span style=\"color: #000000\">C\u00e9lio Pinheiro Leoc\u00e1dio (Comunidade Quilombola Volta Mi\u00fada)<\/span><\/p>\n<p><span style=\"color: #000000\">Benedito de Souza Santos (FASB\/UFBA)<\/span><\/td>\n<\/tr>\n<tr bgcolor=\"#FAAC58\">\n<td style=\"text-align: center\"><span style=\"color: #000000\">11:10<\/span><\/td>\n<td style=\"text-align: center\"><span style=\"color: #000000\"><strong>Encerramento do Evento &#8211;\u00a0 Atividades Culturais<\/strong><\/span><\/p>\n<p><span style=\"color: #000000\"><em>Apresenta\u00e7\u00e3o das atividades culturais<\/em><\/span><\/p>\n<p><span style=\"color: #000000\"><strong>Oficina:<\/strong> Samba de Roda Vila Juazeiro<\/span><\/td>\n<\/tr>\n<\/tbody>\n<\/table>\n<hr \/>\n","protected":false},"excerpt":{"rendered":"<p>SEXTA-FEIRA (23 de Novembro) Turno Hor\u00e1rio Atividade Manh\u00e3 7:00 Credenciamento Mesa de Abertura &#8211; Apresenta\u00e7\u00e3o do I Arvorecer Negro: Interfaces e Di\u00e1logos 7:15 Apresenta\u00e7\u00e3o de V\u00eddeo e Atividades Culturais 7:40 Concurso: Logo do NEABI &#8211; Campus Teixeira de Freitas e premia\u00e7\u00e3o 8:00 Intervalo 8:20 Oficinas\/ Minicursos Minicurso &#8211; Sa\u00fade da Mulher Negra &#8211;\u00a0Ministrante: Gabriela Prado [&hellip;]<\/p>\n","protected":false},"author":47,"featured_media":0,"parent":0,"menu_order":0,"comment_status":"closed","ping_status":"closed","template":"","meta":{"footnotes":""},"_links":{"self":[{"href":"https:\/\/eventos.ifbaiano.edu.br\/portal\/arvorecer-negro-teixeira\/wp-json\/wp\/v2\/pages\/33"}],"collection":[{"href":"https:\/\/eventos.ifbaiano.edu.br\/portal\/arvorecer-negro-teixeira\/wp-json\/wp\/v2\/pages"}],"about":[{"href":"https:\/\/eventos.ifbaiano.edu.br\/portal\/arvorecer-negro-teixeira\/wp-json\/wp\/v2\/types\/page"}],"author":[{"embeddable":true,"href":"https:\/\/eventos.ifbaiano.edu.br\/portal\/arvorecer-negro-teixeira\/wp-json\/wp\/v2\/users\/47"}],"replies":[{"embeddable":true,"href":"https:\/\/eventos.ifbaiano.edu.br\/portal\/arvorecer-negro-teixeira\/wp-json\/wp\/v2\/comments?post=33"}],"version-history":[{"count":7,"href":"https:\/\/eventos.ifbaiano.edu.br\/portal\/arvorecer-negro-teixeira\/wp-json\/wp\/v2\/pages\/33\/revisions"}],"predecessor-version":[{"id":100,"href":"https:\/\/eventos.ifbaiano.edu.br\/portal\/arvorecer-negro-teixeira\/wp-json\/wp\/v2\/pages\/33\/revisions\/100"}],"wp:attachment":[{"href":"https:\/\/eventos.ifbaiano.edu.br\/portal\/arvorecer-negro-teixeira\/wp-json\/wp\/v2\/media?parent=33"}],"curies":[{"name":"wp","href":"https:\/\/api.w.org\/{rel}","templated":true}]}}