{"id":30,"date":"2018-11-05T21:22:49","date_gmt":"2018-11-05T23:22:49","guid":{"rendered":"http:\/\/eventos.ifbaiano.edu.br\/portal\/arvorecer-negro-teixeira\/?page_id=30"},"modified":"2018-11-12T18:10:24","modified_gmt":"2018-11-12T20:10:24","slug":"inscricao","status":"publish","type":"page","link":"https:\/\/eventos.ifbaiano.edu.br\/portal\/arvorecer-negro-teixeira\/inscricao\/","title":{"rendered":"INSCRI\u00c7\u00c3O MINICURSOS"},"content":{"rendered":"<p><strong>INSTRU\u00c7\u00d5ES PARA INSCRI\u00c7\u00c3O NOS MINICURSOS<\/strong><\/p>\n<p>As inscri\u00e7\u00f5es v\u00e3o at\u00e9 dia 22 de Novembro de 2018.<\/p>\n<p>Acesse:\u00a0<strong><a href=\"http:\/\/soac.teixeira.ifbaiano.edu.br\/index.php\/ARVNEGROtdf\/IARVnegro\/schedConf\/registration\" target=\"_blank\">FA\u00c7A A SUA INSCRI\u00c7\u00c3O \u2013 ARVORECER NEGRO (Clique Aqui)<\/a><\/strong>\u00a0e fa\u00e7a sua inscri\u00e7\u00e3o.<\/p>\n<p><em>Para a realizar a Inscri\u00e7\u00e3o no Evento (<strong>I Arvorecer Negro<\/strong>) basta seguir as seguintes orienta\u00e7\u00f5es.<\/em><\/p>\n<ol>\n<li>Clique no link acima;<\/li>\n<li>Selecione uma op\u00e7\u00e3o de minicurso ou oficina;<\/li>\n<li>Selecione \u201cinscrever\u201d;<\/li>\n<li>Realize o cadastro;<\/li>\n<li>Click em \u201cinscrever\u201d.<\/li>\n<\/ol>\n<p><strong>Para qualquer d\u00favida, entre em contato no e-mail:<\/strong><\/p>\n<p>arvorecernegro@gmail.com<\/p>\n<hr \/>\n<p><strong>MINICURSOS\/ OFICINAS<\/strong><\/p>\n<p><strong>Minicurso<\/strong>\u00a0\u2013 Sa\u00fade da Mulher Negra<\/p>\n<p><strong>Oficina<\/strong>\u00a0\u2013 Capoeira<\/p>\n<p><strong>Oficina<\/strong>\u00a0\u2013 Pintura\u00a0(Participantes devem trazer uma camisa para ser pintada)<\/p>\n<p><strong>Mosaico<\/strong>\u00a0Cultural Malungos<\/p>\n<p><strong>Minicurso<\/strong>\u00a0\u2013\u00a0 Est\u00e9ticas Negras Diasp\u00f3rica (participantes devem trazer tecido \u2013 canga echarpe)<\/p>\n<p><strong>Minicurso<\/strong>\u00a0\u2013 Leitura e Literatura: um passeio pelas literaturas infanto-juvenis afro<\/p>\n<p><strong>Minicurso<\/strong>\u00a0\u2013 Povos tradicionais, Viola\u00e7\u00e3o e Direitos Humanos<\/p>\n<p><strong>Minicurso<\/strong>\u00a0\u2013 A lei 10.639 e a desconstru\u00e7\u00e3o do \u201cMito da Democracia Racial do Brasil\u201d<\/p>\n<p><strong>Oficina<\/strong>\u00a0\u2013 Dan\u00e7a<\/p>\n<p><strong>Minicurso<\/strong>\u00a0\u2013 Indicadores Sociais e Gest\u00e3o P\u00fablica em Comunidades Tradicionais<\/p>\n<p><strong>Oficina<\/strong>\u00a0\u2013 Xadrez Africano NTxuva<\/p>\n<p><strong>Oficina:<\/strong>\u00a0Samba de Roda Vila Juazeiro<\/p>\n<p><strong>CONFIRA A DESCRI\u00c7\u00c3O:<\/strong>\u00a0CLIQUE AQUI<\/p>\n","protected":false},"excerpt":{"rendered":"<p>INSTRU\u00c7\u00d5ES PARA INSCRI\u00c7\u00c3O NOS MINICURSOS As inscri\u00e7\u00f5es v\u00e3o at\u00e9 dia 22 de Novembro de 2018. Acesse:\u00a0FA\u00c7A A SUA INSCRI\u00c7\u00c3O \u2013 ARVORECER NEGRO (Clique Aqui)\u00a0e fa\u00e7a sua inscri\u00e7\u00e3o. Para a realizar a Inscri\u00e7\u00e3o no Evento (I Arvorecer Negro) basta seguir as seguintes orienta\u00e7\u00f5es. Clique no link acima; Selecione uma op\u00e7\u00e3o de minicurso ou oficina; Selecione \u201cinscrever\u201d; [&hellip;]<\/p>\n","protected":false},"author":47,"featured_media":0,"parent":0,"menu_order":0,"comment_status":"closed","ping_status":"closed","template":"","meta":{"footnotes":""},"_links":{"self":[{"href":"https:\/\/eventos.ifbaiano.edu.br\/portal\/arvorecer-negro-teixeira\/wp-json\/wp\/v2\/pages\/30"}],"collection":[{"href":"https:\/\/eventos.ifbaiano.edu.br\/portal\/arvorecer-negro-teixeira\/wp-json\/wp\/v2\/pages"}],"about":[{"href":"https:\/\/eventos.ifbaiano.edu.br\/portal\/arvorecer-negro-teixeira\/wp-json\/wp\/v2\/types\/page"}],"author":[{"embeddable":true,"href":"https:\/\/eventos.ifbaiano.edu.br\/portal\/arvorecer-negro-teixeira\/wp-json\/wp\/v2\/users\/47"}],"replies":[{"embeddable":true,"href":"https:\/\/eventos.ifbaiano.edu.br\/portal\/arvorecer-negro-teixeira\/wp-json\/wp\/v2\/comments?post=30"}],"version-history":[{"count":10,"href":"https:\/\/eventos.ifbaiano.edu.br\/portal\/arvorecer-negro-teixeira\/wp-json\/wp\/v2\/pages\/30\/revisions"}],"predecessor-version":[{"id":88,"href":"https:\/\/eventos.ifbaiano.edu.br\/portal\/arvorecer-negro-teixeira\/wp-json\/wp\/v2\/pages\/30\/revisions\/88"}],"wp:attachment":[{"href":"https:\/\/eventos.ifbaiano.edu.br\/portal\/arvorecer-negro-teixeira\/wp-json\/wp\/v2\/media?parent=30"}],"curies":[{"name":"wp","href":"https:\/\/api.w.org\/{rel}","templated":true}]}}