{"id":18,"date":"2018-11-05T21:14:26","date_gmt":"2018-11-05T23:14:26","guid":{"rendered":"http:\/\/eventos.ifbaiano.edu.br\/portal\/arvorecer-negro-teixeira\/?page_id=18"},"modified":"2018-11-13T17:05:34","modified_gmt":"2018-11-13T19:05:34","slug":"submissao-de-trabalhos","status":"publish","type":"page","link":"https:\/\/eventos.ifbaiano.edu.br\/portal\/arvorecer-negro-teixeira\/submissao-de-trabalhos\/","title":{"rendered":"SUBMISS\u00c3O DE TRABALHOS"},"content":{"rendered":"<p><strong>INSTRU\u00c7\u00d5ES PARA\u00a0SUBMISS\u00c3O<\/strong><\/p>\n<p><strong>A submiss\u00f5es de trabalhos v\u00e3o at\u00e9 dia 18 de\u00a0Novembro\u00a0de 2018.<\/strong><\/p>\n<p>Acesse:\u00a0<strong><a href=\"http:\/\/soac.teixeira.ifbaiano.edu.br\/index.php\/ARVNEGROtdf\/IARVnegro\/user\/account\" target=\"_blank\">SUBMISS\u00c3O DE TRABALHOS \u2013 ARVORECER NEGRO (Clique Aqui)<\/a><\/strong>\u00a0e fa\u00e7a seu cadastro para submeter seu trabalho.<\/p>\n<p><strong>Para o envio do resumo:<\/strong><\/p>\n<ol>\n<li>Para envio do resumo <a href=\"http:\/\/soac.teixeira.ifbaiano.edu.br\/index.php\/ARVNEGROtdf\/IARVnegro\/user\/account\" target=\"_blank\">clique no link de inscri\u00e7\u00e3o<\/a>;<\/li>\n<li>A submiss\u00e3o de trabalho (via envio de resumo simples) dever\u00e1 ser efetuada apenas para os participantes que far\u00e3o apresenta\u00e7\u00e3o oral nos GTs e apresenta\u00e7\u00e3o de Posteres;<\/li>\n<li>O texto do resumo ser\u00e1 inserido diretamente na plataforma de\u00a0submiss\u00e3o<em> (n\u00e3o haver\u00e1 recurso de anexar o arquivo).<\/em><\/li>\n<\/ol>\n<p><em>Obs.: O texto do resumo dever\u00e1 ter no m\u00ednimo 250 caracteres e no m\u00e1ximo 500 caracteres.<\/em><\/p>\n<p><strong>Para a elabora\u00e7\u00e3o do p\u00f4ster:<\/strong><\/p>\n<ol>\n<li>Fa\u00e7a o\u00a0<em>download<\/em>\u00a0em seu computador do arquivo <a href=\"http:\/\/eventos.ifbaiano.edu.br\/portal\/arvorecer-negro-teixeira\/files\/2018\/11\/modelo-poster-1arvorecer-negro.ppt\" target=\"_blank\">(MODELO DE POSTER)<\/a>;<\/li>\n<li>Edite o p\u00f4ster com os dados da sua pesquisa;<\/li>\n<li>Salve o seu p\u00f4ster em formato .pdf e imprimi-o.<\/li>\n<\/ol>\n<p><em>Obs: Medidas do p\u00f4ster: Largura: 90 cm e Altura 120 cm<\/em><\/p>\n<p><strong>Para a elabora\u00e7\u00e3o de apresenta\u00e7\u00e3o oral:<\/strong><\/p>\n<ol>\n<li>Fa\u00e7a o\u00a0<em>download<\/em>\u00a0em seu computador do arquivo <a href=\"http:\/\/eventos.ifbaiano.edu.br\/portal\/arvorecer-negro-teixeira\/files\/2018\/11\/modelo-apresentacao-1arvorecer-negro.ppt\" target=\"_blank\">(MODELO DE APRESENTA\u00c7\u00c3O)<\/a>;<\/li>\n<li>Edite a apresenta\u00e7\u00e3o com os dados da sua pesquisa;<\/li>\n<li>Salve a sua apresenta\u00e7\u00e3o em formato .pdf e .ppt .odp<\/li>\n<\/ol>\n<p><strong>Para qualquer d\u00favida, entre em contato no e-mail:<\/strong><\/p>\n<p>arvorecernegro@gmail.com<\/p>\n<hr \/>\n<p><strong>GT&#8217;s &#8211; GRUPOS DE TRABALHOS:<\/strong><\/p>\n<p><strong>GT01<\/strong>\u00a0\u2013\u00a0<em>Conflitos, Direitos Humanos e Ra\u00e7a<\/em><\/p>\n<p><strong>GT02<\/strong>\u00a0\u2013\u00a0<em>Literatura e Rela\u00e7\u00f5es \u00c9tnicos Raciais: viv\u00eancias, experi\u00eancias e resist\u00eancias<\/em><\/p>\n<p><strong>GT03<\/strong>\u00a0\u2013\u00a0<em>Escravid\u00e3o e Liberdade no Brasil<\/em><\/p>\n<p><strong>GT04<\/strong>\u00a0\u2013\u00a0<em>Educa\u00e7\u00e3o, Rela\u00e7\u00f5es \u00c9tnico-Raciais e Desigualdades<\/em><\/p>\n<p><strong>GT05<\/strong>\u00a0\u2013\u00a0<em>M\u00fasica, Cultura e Ra\u00e7a<\/em><\/p>\n<p><strong>GT06<\/strong>\u00a0\u2013\u00a0<em>Popula\u00e7\u00e3o Negra e sua influ\u00eancia nos setores de educa\u00e7\u00e3o, ci\u00eancia e tecnologia<\/em><\/p>\n<p><strong>CONFIRA AS EMENTAS<\/strong>: <a href=\"http:\/\/eventos.ifbaiano.edu.br\/portal\/arvorecer-negro-teixeira\/files\/2018\/11\/Ementas-dos-Grupos-de-Trabalhos.pdf\" target=\"_blank\">CLIQUE AQUI<\/a><\/p>\n<hr \/>\n<p><strong>TEM\u00c1TICAS PARA A APRESENTA\u00c7\u00c3O DOS P\u00d4STERES:<\/strong><\/p>\n<p><strong>PT01<\/strong>: Agricultura Familiar e popula\u00e7\u00f5es negras<\/p>\n<p><strong>PT02<\/strong>: Afro-empreendedorismo<\/p>\n<p><strong>PT03<\/strong>: Diversidade \u00e9tnico-racial no mundo do trabalho<\/p>\n<p><strong>CONFIRA AS EMENTAS: <\/strong><em>(em constru\u00e7\u00e3o)<\/em><\/p>\n","protected":false},"excerpt":{"rendered":"<p>INSTRU\u00c7\u00d5ES PARA\u00a0SUBMISS\u00c3O A submiss\u00f5es de trabalhos v\u00e3o at\u00e9 dia 18 de\u00a0Novembro\u00a0de 2018. Acesse:\u00a0SUBMISS\u00c3O DE TRABALHOS \u2013 ARVORECER NEGRO (Clique Aqui)\u00a0e fa\u00e7a seu cadastro para submeter seu trabalho. Para o envio do resumo: Para envio do resumo clique no link de inscri\u00e7\u00e3o; A submiss\u00e3o de trabalho (via envio de resumo simples) dever\u00e1 ser efetuada apenas para [&hellip;]<\/p>\n","protected":false},"author":47,"featured_media":0,"parent":0,"menu_order":0,"comment_status":"closed","ping_status":"closed","template":"","meta":{"footnotes":""},"_links":{"self":[{"href":"https:\/\/eventos.ifbaiano.edu.br\/portal\/arvorecer-negro-teixeira\/wp-json\/wp\/v2\/pages\/18"}],"collection":[{"href":"https:\/\/eventos.ifbaiano.edu.br\/portal\/arvorecer-negro-teixeira\/wp-json\/wp\/v2\/pages"}],"about":[{"href":"https:\/\/eventos.ifbaiano.edu.br\/portal\/arvorecer-negro-teixeira\/wp-json\/wp\/v2\/types\/page"}],"author":[{"embeddable":true,"href":"https:\/\/eventos.ifbaiano.edu.br\/portal\/arvorecer-negro-teixeira\/wp-json\/wp\/v2\/users\/47"}],"replies":[{"embeddable":true,"href":"https:\/\/eventos.ifbaiano.edu.br\/portal\/arvorecer-negro-teixeira\/wp-json\/wp\/v2\/comments?post=18"}],"version-history":[{"count":26,"href":"https:\/\/eventos.ifbaiano.edu.br\/portal\/arvorecer-negro-teixeira\/wp-json\/wp\/v2\/pages\/18\/revisions"}],"predecessor-version":[{"id":91,"href":"https:\/\/eventos.ifbaiano.edu.br\/portal\/arvorecer-negro-teixeira\/wp-json\/wp\/v2\/pages\/18\/revisions\/91"}],"wp:attachment":[{"href":"https:\/\/eventos.ifbaiano.edu.br\/portal\/arvorecer-negro-teixeira\/wp-json\/wp\/v2\/media?parent=18"}],"curies":[{"name":"wp","href":"https:\/\/api.w.org\/{rel}","templated":true}]}}