{"id":16,"date":"2018-11-05T20:57:42","date_gmt":"2018-11-05T22:57:42","guid":{"rendered":"http:\/\/eventos.ifbaiano.edu.br\/portal\/arvorecer-negro-teixeira\/?page_id=16"},"modified":"2018-11-09T17:37:30","modified_gmt":"2018-11-09T19:37:30","slug":"informacoes","status":"publish","type":"page","link":"https:\/\/eventos.ifbaiano.edu.br\/portal\/arvorecer-negro-teixeira\/informacoes\/","title":{"rendered":"INFORMA\u00c7\u00d5ES"},"content":{"rendered":"<p><strong>I ARVORECER NEGRO: INTERFACES E DI\u00c1LOGOS<\/strong><\/p>\n<p><strong>Data:<\/strong> 23 e 24 de novembro de 2018.<br \/>\n<strong>Local:<\/strong> IF Baiano <em>Campus<\/em> Teixeira de Freitas,<br \/>\nRodovia Br 101, km 882, Teixeira de Freitas \u2013BA.<br \/>\n<strong>Tel:<\/strong> 73 3665-1031\/ 3665-1032<br \/>\n<strong>E-mail: <\/strong>arvorecernegro@gmail.com<\/p>\n<p>As\u00a0<a href=\"http:\/\/eventos.ifbaiano.edu.br\/portal\/arvorecer-negro-teixeira\/inscricao\/\" target=\"_blank\"><strong>Inscri\u00e7\u00f5es<\/strong><\/a>\u00a0para\u00a0os minicursos e oficinas podem ser realizadas at\u00e9 o dia\u00a0<strong>22 de novembro de 2018.<\/strong><\/p>\n<p>As\u00a0<a href=\"http:\/\/eventos.ifbaiano.edu.br\/portal\/arvorecer-negro-teixeira\/submissao-de-trabalhos\/\" target=\"_blank\"><strong>Submiss\u00f5es de Trabalhos<\/strong><\/a>\u00a0para apresenta\u00e7\u00f5es orais podem ser realizadas at\u00e9 o dia\u00a0<strong><span id=\"OBJ_PREFIX_DWT1563_com_zimbra_date\" class=\"Object\"><span id=\"OBJ_PREFIX_DWT1582_com_zimbra_date\" class=\"Object\">18 de novembro<\/span><\/span>\u00a0de 2018.<\/strong><\/p>\n","protected":false},"excerpt":{"rendered":"<p>I ARVORECER NEGRO: INTERFACES E DI\u00c1LOGOS Data: 23 e 24 de novembro de 2018. Local: IF Baiano Campus Teixeira de Freitas, Rodovia Br 101, km 882, Teixeira de Freitas \u2013BA. Tel: 73 3665-1031\/ 3665-1032 E-mail: arvorecernegro@gmail.com As\u00a0Inscri\u00e7\u00f5es\u00a0para\u00a0os minicursos e oficinas podem ser realizadas at\u00e9 o dia\u00a022 de novembro de 2018. As\u00a0Submiss\u00f5es de Trabalhos\u00a0para apresenta\u00e7\u00f5es orais [&hellip;]<\/p>\n","protected":false},"author":47,"featured_media":0,"parent":0,"menu_order":0,"comment_status":"closed","ping_status":"closed","template":"","meta":{"footnotes":""},"_links":{"self":[{"href":"https:\/\/eventos.ifbaiano.edu.br\/portal\/arvorecer-negro-teixeira\/wp-json\/wp\/v2\/pages\/16"}],"collection":[{"href":"https:\/\/eventos.ifbaiano.edu.br\/portal\/arvorecer-negro-teixeira\/wp-json\/wp\/v2\/pages"}],"about":[{"href":"https:\/\/eventos.ifbaiano.edu.br\/portal\/arvorecer-negro-teixeira\/wp-json\/wp\/v2\/types\/page"}],"author":[{"embeddable":true,"href":"https:\/\/eventos.ifbaiano.edu.br\/portal\/arvorecer-negro-teixeira\/wp-json\/wp\/v2\/users\/47"}],"replies":[{"embeddable":true,"href":"https:\/\/eventos.ifbaiano.edu.br\/portal\/arvorecer-negro-teixeira\/wp-json\/wp\/v2\/comments?post=16"}],"version-history":[{"count":3,"href":"https:\/\/eventos.ifbaiano.edu.br\/portal\/arvorecer-negro-teixeira\/wp-json\/wp\/v2\/pages\/16\/revisions"}],"predecessor-version":[{"id":76,"href":"https:\/\/eventos.ifbaiano.edu.br\/portal\/arvorecer-negro-teixeira\/wp-json\/wp\/v2\/pages\/16\/revisions\/76"}],"wp:attachment":[{"href":"https:\/\/eventos.ifbaiano.edu.br\/portal\/arvorecer-negro-teixeira\/wp-json\/wp\/v2\/media?parent=16"}],"curies":[{"name":"wp","href":"https:\/\/api.w.org\/{rel}","templated":true}]}}