{"id":66,"date":"2025-04-08T14:41:39","date_gmt":"2025-04-08T17:41:39","guid":{"rendered":"https:\/\/eventos.ifbaiano.edu.br\/portal\/5-reneabi\/?page_id=66"},"modified":"2025-04-14T15:28:11","modified_gmt":"2025-04-14T18:28:11","slug":"certificados","status":"publish","type":"page","link":"https:\/\/eventos.ifbaiano.edu.br\/portal\/5-reneabi\/certificados\/","title":{"rendered":"Certificados"},"content":{"rendered":"\n<p>O certificado do V RENEABI ser\u00e3o <strong>emitidos pelo SUAP, <\/strong>conforme os seguintes crit\u00e9rios:<\/p>\n\n\n\n<ul>\n<li><strong>Ouvinte<\/strong>: o certificado de ouvinte ser\u00e1 entregue a quem comparecer \u00e0s atividades, incluindo as transmiss\u00f5es online, oficinas e sess\u00f5es tem\u00e1ticas. A Comiss\u00e3o Organizadora Local, far\u00e1 o controle da frequ\u00eancia para a certifica\u00e7\u00e3o.<\/li>\n\n\n\n<li><strong>Participa\u00e7\u00e3o nas Oficinas<\/strong>: O certificado de participa\u00e7\u00e3o dever\u00e1 ser&nbsp; entregue apenas para aqueles que compareceram a <strong>100% da oficina. <\/strong>A Comiss\u00e3o Organizadora Local, associada ao\/a ministrante da oficina, far\u00e1 o controle da frequ\u00eancia para a certifica\u00e7\u00e3o.<\/li>\n\n\n\n<li><strong>Apresenta\u00e7\u00e3o nas Sess\u00f5es Tem\u00e1ticas<\/strong>: O certificado de participa\u00e7\u00e3o dever\u00e1 ser entregue apenas para aqueles que apresentarem seus trabalhos nas sess\u00f5es tem\u00e1ticas. A Comiss\u00e3o Organizadora Local, associada ao\/a coordenador\/a da sess\u00e3o tem\u00e1tica, far\u00e1 o controle da frequ\u00eancia para a certifica\u00e7\u00e3o.<\/li>\n<\/ul>\n","protected":false},"excerpt":{"rendered":"<p>O certificado do V RENEABI ser\u00e3o emitidos pelo SUAP, conforme os seguintes crit\u00e9rios:<\/p>\n","protected":false},"author":20,"featured_media":0,"parent":0,"menu_order":0,"comment_status":"closed","ping_status":"closed","template":"","meta":{"footnotes":""},"_links":{"self":[{"href":"https:\/\/eventos.ifbaiano.edu.br\/portal\/5-reneabi\/wp-json\/wp\/v2\/pages\/66"}],"collection":[{"href":"https:\/\/eventos.ifbaiano.edu.br\/portal\/5-reneabi\/wp-json\/wp\/v2\/pages"}],"about":[{"href":"https:\/\/eventos.ifbaiano.edu.br\/portal\/5-reneabi\/wp-json\/wp\/v2\/types\/page"}],"author":[{"embeddable":true,"href":"https:\/\/eventos.ifbaiano.edu.br\/portal\/5-reneabi\/wp-json\/wp\/v2\/users\/20"}],"replies":[{"embeddable":true,"href":"https:\/\/eventos.ifbaiano.edu.br\/portal\/5-reneabi\/wp-json\/wp\/v2\/comments?post=66"}],"version-history":[{"count":2,"href":"https:\/\/eventos.ifbaiano.edu.br\/portal\/5-reneabi\/wp-json\/wp\/v2\/pages\/66\/revisions"}],"predecessor-version":[{"id":170,"href":"https:\/\/eventos.ifbaiano.edu.br\/portal\/5-reneabi\/wp-json\/wp\/v2\/pages\/66\/revisions\/170"}],"wp:attachment":[{"href":"https:\/\/eventos.ifbaiano.edu.br\/portal\/5-reneabi\/wp-json\/wp\/v2\/media?parent=66"}],"curies":[{"name":"wp","href":"https:\/\/api.w.org\/{rel}","templated":true}]}}