{"id":62,"date":"2025-04-08T14:39:42","date_gmt":"2025-04-08T17:39:42","guid":{"rendered":"https:\/\/eventos.ifbaiano.edu.br\/portal\/5-reneabi\/?page_id=62"},"modified":"2025-05-14T15:25:10","modified_gmt":"2025-05-14T18:25:10","slug":"organizacao-e-apoio","status":"publish","type":"page","link":"https:\/\/eventos.ifbaiano.edu.br\/portal\/5-reneabi\/organizacao-e-apoio\/","title":{"rendered":"Organiza\u00e7\u00e3o e Apoio"},"content":{"rendered":"\n<p>A organiza\u00e7\u00e3o do V RENEABI possui uma comiss\u00e3o geral e comiss\u00f5es locais em cada campus da institui\u00e7\u00e3o. O evento teve seu financiamento aprovado por meio da Chamada <strong>CNPq\/MIR n\u00ba 02\/2024<\/strong>, que apoiou a eventos cient\u00edficos relacionados \u00e0 quest\u00e3o racial e a suas pol\u00edticas p\u00fablicas. Al\u00e9m de contar com contrapartidas do IF Baiano, suporte da Coordena\u00e7\u00e3o de Pol\u00edticas de A\u00e7\u00f5es Afirmativas, Equidade e Diversidade (CPAAED) e da Pr\u00f3-Reitoria de Ensino (PROEN).<\/p>\n\n\n\n<h2 class=\"wp-block-heading\"><strong>Composi\u00e7\u00e3o da Comiss\u00e3o Organizadora Geral<\/strong><\/h2>\n\n\n\n<ul>\n<li><strong>Rosane Santos &#8211; Teixeira de Freitas\/NEABI: <\/strong>Proponente e Coordenadora Geral<\/li>\n\n\n\n<li><strong>Chintamani Alves &#8211; Reitoria\/CPAAED\/NEABI: <\/strong>Articula\u00e7\u00e3o e Planejamento (Programa\u00e7\u00e3o e Conte\u00fado Acad\u00eamico)<\/li>\n\n\n\n<li><strong>D\u00e9bora Sim\u00f5es Mendel &#8211; Guanambi\/NEABI: <\/strong>Planejamento e Log\u00edstica Multicampi<\/li>\n\n\n\n<li><strong>Rafaela Melo Magalh\u00e3es &#8211; Reitoria\/CPAAED: <\/strong>Acessibilidade e Diversidade<\/li>\n\n\n\n<li><strong>Cassia Maria Santana &#8211; Reitoria\/CPAAED\/DICOM: <\/strong>Rela\u00e7\u00f5es P\u00fablicas<\/li>\n<\/ul>\n\n\n\n<p><a href=\"https:\/\/eventos.ifbaiano.edu.br\/portal\/5-reneabi\/files\/2025\/04\/Portaria-60-2025-Constitui-comissao-para-organizar-o-V-RENEABI.pdf\">Portaria n\u00ba 60\/2025 &#8211; Constitui comiss\u00e3o para organizar o V RENEABI<\/a><\/p>\n\n\n\n<h2 class=\"wp-block-heading\"><strong>Composi\u00e7\u00e3o das Comiss\u00f5es Organizadoras Locais<\/strong><\/h2>\n\n\n\n<ul>\n<li><a href=\"https:\/\/eventos.ifbaiano.edu.br\/portal\/5-reneabi\/comissao-organizadora-local-campus-alagoinhas\/\">Campus Alagoinhas<\/a><\/li>\n\n\n\n<li><a href=\"https:\/\/eventos.ifbaiano.edu.br\/portal\/5-reneabi\/comissao-organizadora-local-campus-bom-jesus-da-lapa\/\">Campus Bom Jesus da Lapa<\/a><\/li>\n\n\n\n<li><a href=\"https:\/\/eventos.ifbaiano.edu.br\/portal\/5-reneabi\/comissao-organizadora-local-campus-catu\/\">Campus Catu<\/a><\/li>\n\n\n\n<li><a href=\"https:\/\/eventos.ifbaiano.edu.br\/portal\/5-reneabi\/comissao-organizadora-local-campus-governador-mangabeira\/\">Campus Governador Mangabeira<\/a><\/li>\n\n\n\n<li><a href=\"https:\/\/eventos.ifbaiano.edu.br\/portal\/5-reneabi\/comissao-organizadora-local-campus-guanambi\/\">Campus Guanambi<\/a><\/li>\n\n\n\n<li><a href=\"https:\/\/eventos.ifbaiano.edu.br\/portal\/5-reneabi\/comissao-organizadora-local-campus-itaberaba\/\">Campus Itaberaba<\/a><\/li>\n\n\n\n<li>Campus Itapetinga<\/li>\n\n\n\n<li><a href=\"https:\/\/eventos.ifbaiano.edu.br\/portal\/5-reneabi\/comissao-organizadora-local-campus-santa-ines\/\">Campus Santa In\u00eas<\/a><\/li>\n\n\n\n<li><a href=\"https:\/\/eventos.ifbaiano.edu.br\/portal\/5-reneabi\/comissao-organizadora-local-campus-senhor-do-bonfim\/\">Campus Senhor do Bonfim<\/a><\/li>\n\n\n\n<li><a href=\"https:\/\/eventos.ifbaiano.edu.br\/portal\/5-reneabi\/comissao-organizadora-local-campus-serrinha\/\">Campus Serrinha<\/a><\/li>\n\n\n\n<li><a href=\"https:\/\/eventos.ifbaiano.edu.br\/portal\/5-reneabi\/comissao-organizadora-local-campus-teixeira-de-freitas\/\">Campus Teixeira de Freitas<\/a><\/li>\n\n\n\n<li><a href=\"https:\/\/eventos.ifbaiano.edu.br\/portal\/5-reneabi\/comissao-organizadora-local-campus-urucuca\/\">Campus Uru\u00e7uca<\/a><\/li>\n\n\n\n<li><a href=\"https:\/\/eventos.ifbaiano.edu.br\/portal\/5-reneabi\/comissao-organizadora-local-campus-valenca\/\">Campus Valen\u00e7a<\/a><\/li>\n\n\n\n<li><a href=\"https:\/\/eventos.ifbaiano.edu.br\/portal\/5-reneabi\/comissao-organizadora-local-campus-xique-xique\/\">Campus Xique-Xique<\/a><\/li>\n<\/ul>\n","protected":false},"excerpt":{"rendered":"<p>A organiza\u00e7\u00e3o do V RENEABI possui uma comiss\u00e3o geral e comiss\u00f5es locais em cada campus da institui\u00e7\u00e3o. O evento teve seu financiamento aprovado por meio da Chamada CNPq\/MIR n\u00ba 02\/2024, que apoiou a eventos cient\u00edficos relacionados \u00e0 quest\u00e3o racial e a suas pol\u00edticas p\u00fablicas. Al\u00e9m de contar com contrapartidas do IF Baiano, suporte da Coordena\u00e7\u00e3o &#8230; <a title=\"Organiza\u00e7\u00e3o e Apoio\" class=\"read-more\" href=\"https:\/\/eventos.ifbaiano.edu.br\/portal\/5-reneabi\/organizacao-e-apoio\/\" aria-label=\"Read more about Organiza\u00e7\u00e3o e Apoio\">Ler mais<\/a><\/p>\n","protected":false},"author":20,"featured_media":0,"parent":0,"menu_order":0,"comment_status":"closed","ping_status":"closed","template":"","meta":{"footnotes":""},"_links":{"self":[{"href":"https:\/\/eventos.ifbaiano.edu.br\/portal\/5-reneabi\/wp-json\/wp\/v2\/pages\/62"}],"collection":[{"href":"https:\/\/eventos.ifbaiano.edu.br\/portal\/5-reneabi\/wp-json\/wp\/v2\/pages"}],"about":[{"href":"https:\/\/eventos.ifbaiano.edu.br\/portal\/5-reneabi\/wp-json\/wp\/v2\/types\/page"}],"author":[{"embeddable":true,"href":"https:\/\/eventos.ifbaiano.edu.br\/portal\/5-reneabi\/wp-json\/wp\/v2\/users\/20"}],"replies":[{"embeddable":true,"href":"https:\/\/eventos.ifbaiano.edu.br\/portal\/5-reneabi\/wp-json\/wp\/v2\/comments?post=62"}],"version-history":[{"count":12,"href":"https:\/\/eventos.ifbaiano.edu.br\/portal\/5-reneabi\/wp-json\/wp\/v2\/pages\/62\/revisions"}],"predecessor-version":[{"id":346,"href":"https:\/\/eventos.ifbaiano.edu.br\/portal\/5-reneabi\/wp-json\/wp\/v2\/pages\/62\/revisions\/346"}],"wp:attachment":[{"href":"https:\/\/eventos.ifbaiano.edu.br\/portal\/5-reneabi\/wp-json\/wp\/v2\/media?parent=62"}],"curies":[{"name":"wp","href":"https:\/\/api.w.org\/{rel}","templated":true}]}}