{"id":48,"date":"2025-04-08T14:01:01","date_gmt":"2025-04-08T17:01:01","guid":{"rendered":"https:\/\/eventos.ifbaiano.edu.br\/portal\/5-reneabi\/?page_id=48"},"modified":"2025-05-16T10:03:53","modified_gmt":"2025-05-16T13:03:53","slug":"inscricao","status":"publish","type":"page","link":"https:\/\/eventos.ifbaiano.edu.br\/portal\/5-reneabi\/inscricao\/","title":{"rendered":"Inscri\u00e7\u00e3o"},"content":{"rendered":"\n<div class=\"custom-css-block\"><style>.aagb_accordion_fd7bbf55_0 { \n.aagb__accordion_body{\n  padding-top:5px !important;\n} }<\/style><\/div><div class=\"wp-block-aab-group-accordion searchable aagb_accordion_fd7bbf55_0 click false\" id=\"group-accordion-fd7bbf55_0\">\n<style>.aagb__accordion_container.no-pro-plan .aagb__accordion_body { padding:  10px !important; }<\/style><div class=\"wp-block-aab-accordion-item aagb__accordion_container panel  sanfona-inscricao\" style=\"border:1px solid #036f4b;margin-top:0px;margin-bottom:22px;border-radius:8px\"><div class=\"aagb__accordion_head aab_right_icon  \" data-active=\"false\" style=\"padding:25px 45px 25px 45px;border-top:none;border-right:none;border-bottom:none;border-left:none\"><div class=\"aagb__accordion_heading aab_right_icon aagb_right_link\"><div class=\"head_content_wrapper\"><div class=\"title_wrapper\"><h2 class=\"aagb__accordion_title\" style=\"margin:0;color:#00483d\">Inscri\u00e7\u00e3o como Ouvinte<\/h2><\/div><\/div><\/div><div class=\"aagb__accordion_icon\" style=\"color:#00483d\"><div class=\"aagb__icon_dashicons_box\"><span class=\"aagb__icon dashicons dashicons-arrow-down-alt2\"><\/span><\/div><\/div><\/div><div class=\"aagb__accordion_body   \" role=\"region\" style=\"border-top:0px none undefined;border-right:none;border-bottom:none;border-left:none;padding:25px 45px 25px 45px\"><div class=\"aagb__accordion_component \">\n<p>A participa\u00e7\u00e3o como ouvinte no V RENEABI est\u00e1 aberta a todos\/as membros\/as da comunidade acad\u00eamica do IF Baiano. As inscri\u00e7\u00f5es poder\u00e3o ser feitas de <strong>12 a 27 de maio<\/strong><strong>.<\/strong><\/p>\n\n\n\n<p><a href=\"https:\/\/suap.ifbaiano.edu.br\/eventos\/inscricao\/2284\/\">Clique aqui<\/a> para realizar sua inscri\u00e7\u00e3o.<\/p>\n\n\n\n<p><strong>Campus Teixeira de Freitas<\/strong> &#8211; para inscri\u00e7\u00f5es dos participantes de Teixeira de Freitas nas mesas, <a href=\"https:\/\/suap.ifbaiano.edu.br\/eventos\/inscricao\/2361\/\">clique aqui<\/a>.<\/p>\n\n\n\n<ul>\n<li>Caso tenha d\u00favidas, entre em contato com a organiza\u00e7\u00e3o atrav\u00e9s do e-mail <a href=\"mailto:reneabi@reitoria.ifbaiano.edu.br\">reneabi@reitoria.ifbaiano.edu.br<\/a>.<\/li>\n<\/ul>\n<\/div><\/div><\/div>\n<\/div>\n\n\n\n<div class=\"custom-css-block\"><style>.aagb_accordion_fd7bbf55_0 { \n.aagb__accordion_body{\n  padding-top:5px !important;\n} }<\/style><\/div><div class=\"wp-block-aab-group-accordion searchable aagb_accordion_fd7bbf55_0 click false\" id=\"group-accordion-fd7bbf55_0\">\n<style>.aagb__accordion_container.no-pro-plan .aagb__accordion_body { padding:  10px !important; }<\/style><div class=\"wp-block-aab-accordion-item aagb__accordion_container panel  sanfona-inscricao\" style=\"border:1px solid #036f4b;margin-top:0px;margin-bottom:22px;border-radius:8px\"><div class=\"aagb__accordion_head aab_right_icon  \" data-active=\"false\" style=\"padding:25px 45px 25px 45px;border-top:none;border-right:none;border-bottom:none;border-left:none\"><div class=\"aagb__accordion_heading aab_right_icon aagb_right_link\"><div class=\"head_content_wrapper\"><div class=\"title_wrapper\"><h2 class=\"aagb__accordion_title\" style=\"margin:0;color:#00483d\">Inscri\u00e7\u00e3o nas Oficinas presenciais<\/h2><\/div><\/div><\/div><div class=\"aagb__accordion_icon\" style=\"color:#00483d\"><div class=\"aagb__icon_dashicons_box\"><span class=\"aagb__icon dashicons dashicons-arrow-down-alt2\"><\/span><\/div><\/div><\/div><div class=\"aagb__accordion_body   \" role=\"region\" style=\"border-top:0px none undefined;border-right:none;border-bottom:none;border-left:none;padding:25px 45px 25px 45px\"><div class=\"aagb__accordion_component \">\n<p>As inscri\u00e7\u00f5es para participar dessa atividade est\u00e3o abertas de <strong>12 a 27 de maio de 2025, <\/strong>com limite de 20 (vinte) vagas por oficina<strong>. <\/strong>Os\/As interessados\/as poder\u00e3o escolher apenas uma oficina entre as dispon\u00edveis em seu campus. Para finalidade do evento, oficinas s\u00e3o atividades gratuitas, abertas a diferentes \u00e1reas do saber, de car\u00e1cter pr\u00e1tico e interativo, focadas no tema das rela\u00e7\u00f5es \u00e9tnico-raciais, contando com dura\u00e7\u00e3o de at\u00e9 quatro horas aulas e ofertadas <strong>presencialmente nos campi<\/strong> do IF Baiano, exceto a oficina ofertada pelo Campus Bom Jesus da Lapa.<\/p>\n\n\n\n<p>Acesse o formul\u00e1rio de inscri\u00e7\u00e3o do seu campus:<\/p>\n\n\n\n<figure class=\"wp-block-table\"><table><tbody><tr><td><a href=\"https:\/\/suap.ifbaiano.edu.br\/eventos\/inscricao\/2352\/\">Campus Alagoinhas<\/a><\/td><td><a href=\"https:\/\/suap.ifbaiano.edu.br\/eventos\/inscricao\/2359\/\">Campus Santa In\u00eas<\/a><\/td><\/tr><tr><td><a href=\"https:\/\/suap.ifbaiano.edu.br\/eventos\/inscricao\/2354\/\">Campus Bom Jesus da Lapa<\/a><\/td><td><a href=\"https:\/\/suap.ifbaiano.edu.br\/eventos\/inscricao\/2360\/\">Campus Senhor do Bonfim<\/a><\/td><\/tr><tr><td><a href=\"https:\/\/suap.ifbaiano.edu.br\/eventos\/inscricao\/2353\/\">Campus Catu<\/a><\/td><td><a href=\"https:\/\/suap.ifbaiano.edu.br\/eventos\/inscricao\/2383\/\">Campus Serrinha<\/a><\/td><\/tr><tr><td><a href=\"https:\/\/suap.ifbaiano.edu.br\/eventos\/inscricao\/2355\/\">Campus Governador Mangabeira<\/a><\/td><td><a href=\"https:\/\/suap.ifbaiano.edu.br\/eventos\/inscricao\/2361\/\">Campus Teixeira de Freitas<\/a><\/td><\/tr><tr><td><a href=\"https:\/\/suap.ifbaiano.edu.br\/eventos\/inscricao\/2370\/\">Campus Guanambi<\/a><\/td><td><a href=\"https:\/\/suap.ifbaiano.edu.br\/eventos\/inscricao\/2363\/\">Campus Uru\u00e7uca<\/a><\/td><\/tr><tr><td><a href=\"https:\/\/suap.ifbaiano.edu.br\/eventos\/inscricao\/2357\/\">Campus Itaberaba<\/a><\/td><td>Campus Valen\u00e7a<\/td><\/tr><tr><td><a href=\"https:\/\/suap.ifbaiano.edu.br\/eventos\/inscricao\/2376\/\">Campus Itapetinga<\/a><\/td><td><a href=\"https:\/\/suap.ifbaiano.edu.br\/eventos\/inscricao\/2364\/\">Campus Xique-Xique<\/a><\/td><\/tr><\/tbody><\/table><\/figure>\n<\/div><\/div><\/div>\n\n\n\n<style>.aagb__accordion_container.no-pro-plan .aagb__accordion_body { padding:  10px !important; }<\/style><div class=\"wp-block-aab-accordion-item aagb__accordion_container panel  sanfona-inscricao\" style=\"border:1px solid #036f4b;margin-top:0px;margin-bottom:22px;border-radius:8px\"><div class=\"aagb__accordion_head aab_right_icon  \" data-active=\"false\" style=\"padding:25px 45px 25px 45px;border-top:none;border-right:none;border-bottom:none;border-left:none\"><div class=\"aagb__accordion_heading aab_right_icon aagb_right_link\"><div class=\"head_content_wrapper\"><div class=\"title_wrapper\"><h2 class=\"aagb__accordion_title\" style=\"margin:0;color:#00483d\">Submiss\u00e3o nas Sess\u00f5es Tem\u00e1ticas<\/h2><\/div><\/div><\/div><div class=\"aagb__accordion_icon\" style=\"color:#00483d\"><div class=\"aagb__icon_dashicons_box\"><span class=\"aagb__icon dashicons dashicons-arrow-down-alt2\"><\/span><\/div><\/div><\/div><div class=\"aagb__accordion_body   \" role=\"region\" style=\"border-top:0px none undefined;border-right:none;border-bottom:none;border-left:none;padding:25px 45px 25px 45px\"><div class=\"aagb__accordion_component \">\n<p>As submiss\u00f5es poder\u00e3o ser realizadas de<strong> 22 de abril a 23 de maio de 2025, <\/strong>com limite de 15 participantes por sess\u00e3o. Para finalidade do evento, as sess\u00f5es tem\u00e1ticas s\u00e3o espa\u00e7os presenciais, abertos para discuss\u00f5es de pesquisas, projetos, iniciativas culturais e relatos de experi\u00eancias, a exemplo de viv\u00eancias institucionais, casos de racismo e a\u00e7\u00f5es inovadoras.<\/p>\n\n\n\n<p>Antes de submeter, consulte as <a href=\"https:\/\/eventos.ifbaiano.edu.br\/portal\/5-reneabi\/normas-para-submissao-nas-sessoes-tematicas\/\">normas para submiss\u00e3o<\/a> e utilize o <a href=\"https:\/\/eventos.ifbaiano.edu.br\/portal\/5-reneabi\/files\/2025\/04\/Template-STs.docx\">modelo de resumo<\/a>.<\/p>\n\n\n\n<p>Acesse o formul\u00e1rio de submiss\u00e3o do seu campus:<\/p>\n\n\n\n<figure class=\"wp-block-table\"><table><tbody><tr><td>Campus Alagoinhas<\/td><td><a href=\"https:\/\/docs.google.com\/forms\/d\/e\/1FAIpQLScjAZV_pn0ZfLYo65jFIM3ts_2omMEEiLy3iWrSr75naf0hSA\/viewform?usp=header\">Campus Santa In\u00eas<\/a><\/td><\/tr><tr><td><a href=\"https:\/\/docs.google.com\/forms\/d\/e\/1FAIpQLSffLLw7sBzYQGKSZsLGwOEXyaDATur_I506ffLHtaJ8ooQ_pw\/viewform?usp=header\">Campus Bom Jesus da Lapa<\/a><\/td><td><a href=\"https:\/\/docs.google.com\/forms\/d\/e\/1FAIpQLSffglIAwY8Hdl-z3CpW50_8MIAQ9TO-M8HlCc-qnqTkngjxsA\/viewform?usp=header\">Campus Senhor do Bonfim<\/a><\/td><\/tr><tr><td><a href=\"https:\/\/docs.google.com\/forms\/d\/e\/1FAIpQLSd2t-iGZqHthUQ6MIuw21Vq2PDSRgE-lQrT6h_mgwUmMrUMhQ\/viewform?usp=header\">Campus Catu<\/a><\/td><td><a href=\"https:\/\/docs.google.com\/forms\/d\/e\/1FAIpQLSf08FJ_KBMRaUFr5S-VDk_mV1unVBhLYwKiOL-bY3yB4309PQ\/viewform?usp=header\">Campus Serrinha<\/a><\/td><\/tr><tr><td><a href=\"https:\/\/docs.google.com\/forms\/d\/e\/1FAIpQLSfLYOvXFp92Xd0PF9ILJg8slUukvRahQ8MVfEUWhw88W5mgWg\/viewform?usp=header\">Campus Governador Mangabeira<\/a><\/td><td><a href=\"https:\/\/docs.google.com\/forms\/d\/e\/1FAIpQLScdehChB0jb4NBdjjSRP0Td0ymLPE2VdS1hwEUkA_VX0fRzyA\/viewform?usp=header\">Campus Teixeira de Freitas<\/a><\/td><\/tr><tr><td><a href=\"https:\/\/docs.google.com\/forms\/d\/e\/1FAIpQLSd4ra_qKgDbkkux6r5Ta4EFcC7baYh1eLzfYH-GzErCiLXeYQ\/viewform?usp=header\">Campus Guanambi<\/a><\/td><td><a href=\"https:\/\/docs.google.com\/forms\/d\/e\/1FAIpQLSf0zr5cyCLz89UZ2n12G0J4iV_mujlczT99dm1wFtwLf7ArMA\/viewform?usp=header\">Campus Uru\u00e7uca<\/a><\/td><\/tr><tr><td>Campus Itaberaba<\/td><td>Campus Valen\u00e7a<\/td><\/tr><tr><td>Campus Itapetinga<\/td><td><a href=\"https:\/\/docs.google.com\/forms\/d\/e\/1FAIpQLSd87oQ0c1hLtTJjsgA7_Jb455aZeRTCNPDrKC3JI2tICuLfYg\/viewform?usp=header\">Campus Xique-Xique<\/a><\/td><\/tr><\/tbody><\/table><\/figure>\n<\/div><\/div><\/div>\n<\/div>\n","protected":false},"excerpt":{"rendered":"","protected":false},"author":20,"featured_media":0,"parent":0,"menu_order":0,"comment_status":"closed","ping_status":"closed","template":"","meta":{"footnotes":""},"_links":{"self":[{"href":"https:\/\/eventos.ifbaiano.edu.br\/portal\/5-reneabi\/wp-json\/wp\/v2\/pages\/48"}],"collection":[{"href":"https:\/\/eventos.ifbaiano.edu.br\/portal\/5-reneabi\/wp-json\/wp\/v2\/pages"}],"about":[{"href":"https:\/\/eventos.ifbaiano.edu.br\/portal\/5-reneabi\/wp-json\/wp\/v2\/types\/page"}],"author":[{"embeddable":true,"href":"https:\/\/eventos.ifbaiano.edu.br\/portal\/5-reneabi\/wp-json\/wp\/v2\/users\/20"}],"replies":[{"embeddable":true,"href":"https:\/\/eventos.ifbaiano.edu.br\/portal\/5-reneabi\/wp-json\/wp\/v2\/comments?post=48"}],"version-history":[{"count":37,"href":"https:\/\/eventos.ifbaiano.edu.br\/portal\/5-reneabi\/wp-json\/wp\/v2\/pages\/48\/revisions"}],"predecessor-version":[{"id":367,"href":"https:\/\/eventos.ifbaiano.edu.br\/portal\/5-reneabi\/wp-json\/wp\/v2\/pages\/48\/revisions\/367"}],"wp:attachment":[{"href":"https:\/\/eventos.ifbaiano.edu.br\/portal\/5-reneabi\/wp-json\/wp\/v2\/media?parent=48"}],"curies":[{"name":"wp","href":"https:\/\/api.w.org\/{rel}","templated":true}]}}