{"id":41,"date":"2025-04-08T13:48:04","date_gmt":"2025-04-08T16:48:04","guid":{"rendered":"https:\/\/eventos.ifbaiano.edu.br\/portal\/5-reneabi\/?page_id=41"},"modified":"2025-05-27T15:03:46","modified_gmt":"2025-05-27T18:03:46","slug":"27-de-maio","status":"publish","type":"page","link":"https:\/\/eventos.ifbaiano.edu.br\/portal\/5-reneabi\/programacao\/27-de-maio\/","title":{"rendered":"27 de maio"},"content":{"rendered":"\n<figure class=\"wp-block-table is-style-regular has-medium-font-size\"><table class=\"has-contrast-color has-text-color has-background has-link-color\" style=\"background-color:#fffaf0\"><thead><tr><th><strong>HOR\u00c1RIO<\/strong><\/th><th><strong>ATIVIDADE<\/strong><\/th><th><strong>LOCAL<\/strong><\/th><\/tr><\/thead><tbody><tr><td>10 \u00e0s 16h<\/td><td>Credenciamento<\/td><td><em>No pr\u00e9dio administrativo &#8211; JB (Salvador)<\/em><\/td><\/tr><tr><td>13h<\/td><td>Momento Cultural: Performance art\u00edstica Renata Alves &#8211; Campus Xique-Xique.<\/td><td><em>No pr\u00e9dio administrativo -JB (Salvador) &#8211; Com Transmiss\u00e3o para todos os campi<\/em><\/td><\/tr><tr><td>13h30 \u00e0s 14h<\/td><td><strong>MESA OFICIAL DE ABERTURA<\/strong> Composi\u00e7\u00e3o da mesa: Profa. K\u00e1tia Vilela (Pr\u00f3-reitora de Ensino), Profa. Fernanda Santana (Representando o Pr\u00f3-reitor de Pesquisa) e Prof. Luis de Gomes (Pr\u00f3-reitor de Extens\u00e3o) e Prof. Chintamani Alves (Coordena\u00e7\u00e3o Geral do NEABI).<\/td><td><em>No pr\u00e9dio administrativo -JB (Salvador) &#8211; Com Transmiss\u00e3o para todos os campi<\/em><\/td><\/tr><tr><td>14h30 \u00e0s 15h30<\/td><td><strong>CONFER\u00caNCIA DE ABERTURA<\/strong> Tema: Ensino, Pesquisa e Extens\u00e3o como instrumentos de cidadania plena e enfrentamento ao racismo. Prof. Dr. Roberto Carlos Oliveira dos Santos.<\/td><td><em>No pr\u00e9dio administrativo -JB (Salvador) &#8211; Com Transmiss\u00e3o para todos os campi<\/em><\/td><\/tr><tr><td>15h30 \u00e0s 16h<\/td><td><strong>Intervalo para <em>coffee break<\/em><\/strong><\/td><td>No pr\u00e9dio <em>administrativo -JB (Salvador)<\/em><\/td><\/tr><tr><td>16h \u00e0s 17h30<\/td><td><strong>MESA REDONDA 1\u00a0\u00a0\u00a0\u00a0\u00a0\u00a0\u00a0<\/strong> Tema: Panorama das pol\u00edticas afirmativas \u00e9tnico-raciais no Brasil.\u00b7 Composi\u00e7\u00e3o da mesa: Profa Izanete Marques (NEABI\/ IF Baiano); representa\u00e7\u00e3o da ABNP \u2013 Associa\u00e7\u00e3o de pesquisadores\/as negros\/as do Brasil &#8211; Profa. Iraneide Soares da Silva. Moderadora: Leonice Souza.<\/td><td><em>No pr\u00e9dio administrativo -JB (Salvador) &#8211; Com Transmiss\u00e3o para todos os campi<\/em><\/td><\/tr><tr><td>18h30 \u00e0s 20h30<\/td><td><strong>Oficinas multicampi (cursos de Gradua\u00e7\u00e3o)<\/strong><\/td><td><em>Em breve a programa\u00e7\u00e3o por unidade ser\u00e1 disponibilizada<\/em><\/td><\/tr><\/tbody><\/table><\/figure>\n\n\n\n<h2 class=\"wp-block-heading\">Programa\u00e7\u00e3o por Campus<\/h2>\n\n\n\n<p><a href=\"#bom-jesus-da-lapa\">Bom Jesus da Lapa<\/a> | <a href=\"#governador-mangabeira\">Governador Mangabeira<\/a> | <a href=\"#itapetinga\">Itapetinga<\/a> | <a href=\"#santa-ines\">Santa In\u00eas<\/a> |<a href=\"#senhor-do-bonfim\"> Senhor do Bonfim<\/a><\/p>\n\n\n\n<div id=\"bom-jesus-da-lapa\" class=\"wp-block-group\"><div class=\"wp-block-group__inner-container is-layout-constrained wp-block-group-is-layout-constrained\">\n<h3 class=\"wp-block-heading\">Campus Bom Jesus da Lapa<\/h3>\n\n\n\n<p>Programa\u00e7\u00e3o da oficina no campus.<\/p>\n\n\n\n<figure class=\"wp-block-table\"><table><tbody><tr><td>19h<\/td><td>[Online] Educa\u00e7\u00e3o antirracista e cidadania: desafios e possibilidades.<\/td><td>Rubens Celestino<\/td><\/tr><\/tbody><\/table><\/figure>\n<\/div><\/div>\n\n\n\n<div id=\"governador-mangabeira\" class=\"wp-block-group\"><div class=\"wp-block-group__inner-container is-layout-constrained wp-block-group-is-layout-constrained\">\n<h3 class=\"wp-block-heading\">Campus Governador Mangabeira<\/h3>\n\n\n\n<p>Programa\u00e7\u00e3o da oficina no campus.<\/p>\n\n\n\n<figure class=\"wp-block-table\"><table><tbody><tr><td>13h \u00e0s 16h<\/td><td>A Cartografia Social Enquanto Antirracista<\/td><td>Ariomar da Luz Oliveira<\/td><\/tr><\/tbody><\/table><\/figure>\n<\/div><\/div>\n\n\n\n<div id=\"itapetinga\" class=\"wp-block-group\"><div class=\"wp-block-group__inner-container is-layout-constrained wp-block-group-is-layout-constrained\">\n<h3 class=\"wp-block-heading\">Campus Itapetinga<\/h3>\n\n\n\n<p>Programa\u00e7\u00e3o da oficina no campus.<\/p>\n\n\n\n<figure class=\"wp-block-table\"><table><tbody><tr><td>18h30 \u00e0s 20h30<\/td><td>Racismo Estrutural<\/td><td>Janine Couto<\/td><\/tr><\/tbody><\/table><\/figure>\n<\/div><\/div>\n\n\n\n<div id=\"santa-ines\" class=\"wp-block-group\"><div class=\"wp-block-group__inner-container is-layout-constrained wp-block-group-is-layout-constrained\">\n<h3 class=\"wp-block-heading\">Campus Santa In\u00eas<\/h3>\n\n\n\n<p>Programa\u00e7\u00e3o das oficinas no campus.<\/p>\n\n\n\n<figure class=\"wp-block-table\"><table><tbody><tr><td>19h30 \u00e0s 22h30<\/td><td>Oficina de cria\u00e7\u00e3o liter\u00e1ria com protagonismo negro<\/td><td>Ivo Ferreira de Jesus<\/td><\/tr><tr><td>19h30 \u00e0s 22h30<\/td><td>Literatura de Mulheres Pretas: Insurg\u00eancias, Desobedi\u00eancia e Outros Arrombamentos<\/td><td>Jos\u00e9 Rosa dos Santos Junior<\/td><\/tr><\/tbody><\/table><\/figure>\n<\/div><\/div>\n\n\n\n<div id=\"senhor-do-bonfim\" class=\"wp-block-group\"><div class=\"wp-block-group__inner-container is-layout-constrained wp-block-group-is-layout-constrained\">\n<h3 class=\"wp-block-heading\">Campus Senhor do Bonfim<\/h3>\n\n\n\n<p>Programa\u00e7\u00e3o das oficinas no campus.<\/p>\n\n\n\n<figure class=\"wp-block-table\"><table><tbody><tr><td>18h30 \u00e0s 20h30<\/td><td>Pr\u00e1ticas Antirracistas no ambiente escolar: Di\u00e1logos e A\u00e7\u00f5es para a Transforma\u00e7\u00e3o Social<\/td><td>Ala\u00e9cio Santos Ribeiro e Rita Martins<\/td><\/tr><tr><td>18h30 \u00e0s 20h30<\/td><td>Oficina de educa\u00e7\u00e3o ind\u00edgena e valoriza\u00e7\u00e3o dos saberes tradicionais<\/td><td>Jailson Silva de Oliveira<\/td><\/tr><tr><td>18h30 \u00e0s 20h30<\/td><td>A pertin\u00eancia de uma educa\u00e7\u00e3o antirracista para a conscientiza\u00e7\u00e3o e combate ao racismo no Brasil<\/td><td>Vanessa Gomes Lopes Angelim, Leonice Francisca de Souza<\/td><\/tr><tr><td>18h30 \u00e0s 20h30<\/td><td>Literatura afro-Brasileira, a\u00e7\u00f5es antirracistas e cidadania: tudo a ver<\/td><td>Edna Maria de Oliveira Ferreira<\/td><\/tr><\/tbody><\/table><\/figure>\n<\/div><\/div>\n\n\n\n<script>\ndocument.querySelectorAll('a[href^=\"#\"]').forEach(anchor => {\n  anchor.addEventListener('click', function(e) {\n    e.preventDefault();\n    const target = document.querySelector(this.getAttribute('href'));\n    if (target) {\n      target.scrollIntoView({ behavior: 'smooth' });\n    }\n  });\n});\n<\/script>\n","protected":false},"excerpt":{"rendered":"<p>HOR\u00c1RIO ATIVIDADE LOCAL 10 \u00e0s 16h Credenciamento No pr\u00e9dio administrativo &#8211; JB (Salvador) 13h Momento Cultural: Performance art\u00edstica Renata Alves &#8211; Campus Xique-Xique. No pr\u00e9dio administrativo -JB (Salvador) &#8211; Com Transmiss\u00e3o para todos os campi 13h30 \u00e0s 14h MESA OFICIAL DE ABERTURA Composi\u00e7\u00e3o da mesa: Profa. K\u00e1tia Vilela (Pr\u00f3-reitora de Ensino), Profa. Fernanda Santana (Representando &#8230; <a title=\"27 de maio\" class=\"read-more\" href=\"https:\/\/eventos.ifbaiano.edu.br\/portal\/5-reneabi\/programacao\/27-de-maio\/\" aria-label=\"Read more about 27 de maio\">Ler mais<\/a><\/p>\n","protected":false},"author":20,"featured_media":0,"parent":38,"menu_order":0,"comment_status":"closed","ping_status":"closed","template":"","meta":{"footnotes":""},"_links":{"self":[{"href":"https:\/\/eventos.ifbaiano.edu.br\/portal\/5-reneabi\/wp-json\/wp\/v2\/pages\/41"}],"collection":[{"href":"https:\/\/eventos.ifbaiano.edu.br\/portal\/5-reneabi\/wp-json\/wp\/v2\/pages"}],"about":[{"href":"https:\/\/eventos.ifbaiano.edu.br\/portal\/5-reneabi\/wp-json\/wp\/v2\/types\/page"}],"author":[{"embeddable":true,"href":"https:\/\/eventos.ifbaiano.edu.br\/portal\/5-reneabi\/wp-json\/wp\/v2\/users\/20"}],"replies":[{"embeddable":true,"href":"https:\/\/eventos.ifbaiano.edu.br\/portal\/5-reneabi\/wp-json\/wp\/v2\/comments?post=41"}],"version-history":[{"count":28,"href":"https:\/\/eventos.ifbaiano.edu.br\/portal\/5-reneabi\/wp-json\/wp\/v2\/pages\/41\/revisions"}],"predecessor-version":[{"id":391,"href":"https:\/\/eventos.ifbaiano.edu.br\/portal\/5-reneabi\/wp-json\/wp\/v2\/pages\/41\/revisions\/391"}],"up":[{"embeddable":true,"href":"https:\/\/eventos.ifbaiano.edu.br\/portal\/5-reneabi\/wp-json\/wp\/v2\/pages\/38"}],"wp:attachment":[{"href":"https:\/\/eventos.ifbaiano.edu.br\/portal\/5-reneabi\/wp-json\/wp\/v2\/media?parent=41"}],"curies":[{"name":"wp","href":"https:\/\/api.w.org\/{rel}","templated":true}]}}