{"id":254,"date":"2025-04-30T12:05:45","date_gmt":"2025-04-30T15:05:45","guid":{"rendered":"https:\/\/eventos.ifbaiano.edu.br\/portal\/5-reneabi\/?page_id=254"},"modified":"2025-04-30T12:10:23","modified_gmt":"2025-04-30T15:10:23","slug":"normas-para-submissao-nas-sessoes-tematicas","status":"publish","type":"page","link":"https:\/\/eventos.ifbaiano.edu.br\/portal\/5-reneabi\/normas-para-submissao-nas-sessoes-tematicas\/","title":{"rendered":"Normas para submiss\u00e3o nas Sess\u00f5es Tem\u00e1ticas"},"content":{"rendered":"\n<p>As&nbsp; <strong>sess\u00f5es tem\u00e1ticas<\/strong>, para a finalidade do V RENEABI, s\u00e3o atividades<strong> gratuitas<\/strong>, focadas no tema das rela\u00e7\u00f5es \u00e9tnico-raciais, organizadas em cada campus pelas <strong>Comiss\u00f5es Organizadoras Locais<\/strong>.<strong>&nbsp;<\/strong>As&nbsp; <strong>sess\u00f5es tem\u00e1ticas<\/strong> s\u00e3o definidas como um espa\u00e7o destinado \u00e0 apresenta\u00e7\u00e3o e <strong>discuss\u00e3o de pesquisas<\/strong>, propostas e\/ou projetos de interven\u00e7\u00e3o, iniciativas art\u00edsticas e culturais, bem como&nbsp; <strong>relatos de experi\u00eancias variadas, <\/strong>a exemplo de: viv\u00eancias escolares e institucionais, casos de racismo, a\u00e7\u00f5es exitosas, projetos e a\u00e7\u00f5es em fase de idea\u00e7\u00e3o.&nbsp; Durante essas atividades, pretende-se reunir pesquisadores\/as, ativistas antirracistas,  comunidade acad\u00eamica do IF Baiano e demais pessoas interessadas nesse tipo de reflex\u00e3o.&nbsp;<\/p>\n\n\n\n<p>Cada sess\u00e3o contar\u00e1 com um\/uma coordenador\/a, definido pela <strong>Comiss\u00e3o Organizadora Local<\/strong>, respons\u00e1vel por mediar os debates, garantindo ampla participa\u00e7\u00e3o, o tempo necess\u00e1rio para as apresenta\u00e7\u00f5es, discuss\u00e3o e aprofundamento das quest\u00f5es levantadas.&nbsp;<\/p>\n\n\n\n<p>As propostas submetidas devem conter:&nbsp;<\/p>\n\n\n\n<ul>\n<li>T\u00edtulo (com m\u00e1ximo de 200 caracteres com espa\u00e7os);&nbsp;<\/li>\n\n\n\n<li>A sess\u00e3o tem\u00e1tica que se destina;<\/li>\n\n\n\n<li>Nome completo&nbsp;do\/a autor\/a;<\/li>\n\n\n\n<li>E-mail;<\/li>\n\n\n\n<li>Resumo simples (1.100 a 2.100 caracteres com espa\u00e7o).<\/li>\n<\/ul>\n\n\n\n<p>A sele\u00e7\u00e3o das propostas ser\u00e1 realizada pelos\/as seguintes crit\u00e9rios:<\/p>\n\n\n\n<ul>\n<li>Di\u00e1logo entre a proposta e o tema do evento;<\/li>\n\n\n\n<li>Adequa\u00e7\u00e3o da tem\u00e1tica da sess\u00e3o escolhida;<\/li>\n\n\n\n<li>Relev\u00e2ncia da tem\u00e1tica abordada.<\/li>\n<\/ul>\n\n\n\n<p>Cada apresentador\/a ter\u00e1 at\u00e9 <strong>10 minutos<\/strong> para exposi\u00e7\u00e3o. Para tanto, caso seja necess\u00e1rio, estar\u00e3o dispon\u00edveis um computador e um datashow.<\/p>\n\n\n\n<p>As Sess\u00f5es Tem\u00e1ticas ser\u00e3o realizadas<strong> presencialmente<\/strong> em cada campus do IF Baiano, conforme programa\u00e7\u00e3o do evento, <strong>ocorrendo simultaneamente<\/strong>, mas organizadas de forma alternada, respeitando os diferentes turnos e a estrutura espec\u00edfica de cada unidade.&nbsp;<\/p>\n\n\n\n<p><\/p>\n","protected":false},"excerpt":{"rendered":"<p>As&nbsp; sess\u00f5es tem\u00e1ticas, para a finalidade do V RENEABI, s\u00e3o atividades gratuitas, focadas no tema das rela\u00e7\u00f5es \u00e9tnico-raciais, organizadas em cada campus pelas Comiss\u00f5es Organizadoras Locais.&nbsp;As&nbsp; sess\u00f5es tem\u00e1ticas s\u00e3o definidas como um espa\u00e7o destinado \u00e0 apresenta\u00e7\u00e3o e discuss\u00e3o de pesquisas, propostas e\/ou projetos de interven\u00e7\u00e3o, iniciativas art\u00edsticas e culturais, bem como&nbsp; relatos de experi\u00eancias variadas, &#8230; <a title=\"Normas para submiss\u00e3o nas Sess\u00f5es Tem\u00e1ticas\" class=\"read-more\" href=\"https:\/\/eventos.ifbaiano.edu.br\/portal\/5-reneabi\/normas-para-submissao-nas-sessoes-tematicas\/\" aria-label=\"Read more about Normas para submiss\u00e3o nas Sess\u00f5es Tem\u00e1ticas\">Ler mais<\/a><\/p>\n","protected":false},"author":43,"featured_media":0,"parent":0,"menu_order":0,"comment_status":"closed","ping_status":"closed","template":"","meta":{"footnotes":""},"_links":{"self":[{"href":"https:\/\/eventos.ifbaiano.edu.br\/portal\/5-reneabi\/wp-json\/wp\/v2\/pages\/254"}],"collection":[{"href":"https:\/\/eventos.ifbaiano.edu.br\/portal\/5-reneabi\/wp-json\/wp\/v2\/pages"}],"about":[{"href":"https:\/\/eventos.ifbaiano.edu.br\/portal\/5-reneabi\/wp-json\/wp\/v2\/types\/page"}],"author":[{"embeddable":true,"href":"https:\/\/eventos.ifbaiano.edu.br\/portal\/5-reneabi\/wp-json\/wp\/v2\/users\/43"}],"replies":[{"embeddable":true,"href":"https:\/\/eventos.ifbaiano.edu.br\/portal\/5-reneabi\/wp-json\/wp\/v2\/comments?post=254"}],"version-history":[{"count":3,"href":"https:\/\/eventos.ifbaiano.edu.br\/portal\/5-reneabi\/wp-json\/wp\/v2\/pages\/254\/revisions"}],"predecessor-version":[{"id":258,"href":"https:\/\/eventos.ifbaiano.edu.br\/portal\/5-reneabi\/wp-json\/wp\/v2\/pages\/254\/revisions\/258"}],"wp:attachment":[{"href":"https:\/\/eventos.ifbaiano.edu.br\/portal\/5-reneabi\/wp-json\/wp\/v2\/media?parent=254"}],"curies":[{"name":"wp","href":"https:\/\/api.w.org\/{rel}","templated":true}]}}