{"id":231,"date":"2025-04-15T13:57:04","date_gmt":"2025-04-15T16:57:04","guid":{"rendered":"https:\/\/eventos.ifbaiano.edu.br\/portal\/5-reneabi\/?page_id=231"},"modified":"2025-04-15T13:57:05","modified_gmt":"2025-04-15T16:57:05","slug":"comissao-organizadora-local-campus-senhor-do-bonfim","status":"publish","type":"page","link":"https:\/\/eventos.ifbaiano.edu.br\/portal\/5-reneabi\/comissao-organizadora-local-campus-senhor-do-bonfim\/","title":{"rendered":"Comiss\u00e3o Organizadora Local \u2013 Campus Senhor do Bonfim"},"content":{"rendered":"\n<p>Composi\u00e7\u00e3o da comiss\u00e3o:<\/p>\n\n\n\n<figure class=\"wp-block-table\"><table><tbody><tr><td>Leonice Francisca de Souza<\/td><td>Presidente (Pedag\u00f3gico)<\/td><\/tr><tr><td>Izabela Lorena Azevedo<\/td><td>GENI<\/td><\/tr><tr><td>Tatiane da Silva Lima<\/td><td>NAPNE<\/td><\/tr><tr><td>Ala\u00e9cio dos Santos Ribeiro<\/td><td>NEABI<\/td><\/tr><tr><td>Vanessa Gomes Lopes Angelim Jambeiro<\/td><td>NEABI<\/td><\/tr><tr><td>Catiane Santos de Almeida Bittencourt <\/td><td>Biblioteca<\/td><\/tr><tr><td>Rita de C\u00e1ssia Souza Martins<\/td><td>Docente<\/td><\/tr><tr><td>Airam Oliveira Santos<\/td><td>Coordena\u00e7\u00e3o de Pesquisa<\/td><\/tr><tr><td>Juracir Silva Santos<\/td><td>Coordena\u00e7\u00e3o de Extens\u00e3o<\/td><\/tr><tr><td>Jailson Silva de Oliveira<\/td><td>Estudantil<\/td><\/tr><\/tbody><\/table><figcaption class=\"wp-element-caption\"><a href=\"https:\/\/eventos.ifbaiano.edu.br\/portal\/5-reneabi\/files\/2025\/04\/Senhor-do-Bonfim.pdf\">Portaria de composi\u00e7\u00e3o da Comiss\u00e3o interna para organizar o V RENEABI no Campus Senhor do Bonfim<\/a><\/figcaption><\/figure>\n","protected":false},"excerpt":{"rendered":"<p>Composi\u00e7\u00e3o da comiss\u00e3o: Leonice Francisca de Souza Presidente (Pedag\u00f3gico) Izabela Lorena Azevedo GENI Tatiane da Silva Lima NAPNE Ala\u00e9cio dos Santos Ribeiro NEABI Vanessa Gomes Lopes Angelim Jambeiro NEABI Catiane Santos de Almeida Bittencourt Biblioteca Rita de C\u00e1ssia Souza Martins Docente Airam Oliveira Santos Coordena\u00e7\u00e3o de Pesquisa Juracir Silva Santos Coordena\u00e7\u00e3o de Extens\u00e3o Jailson Silva &#8230; <a title=\"Comiss\u00e3o Organizadora Local \u2013 Campus Senhor do Bonfim\" class=\"read-more\" href=\"https:\/\/eventos.ifbaiano.edu.br\/portal\/5-reneabi\/comissao-organizadora-local-campus-senhor-do-bonfim\/\" aria-label=\"Read more about Comiss\u00e3o Organizadora Local \u2013 Campus Senhor do Bonfim\">Ler mais<\/a><\/p>\n","protected":false},"author":43,"featured_media":0,"parent":0,"menu_order":0,"comment_status":"closed","ping_status":"closed","template":"","meta":{"footnotes":""},"_links":{"self":[{"href":"https:\/\/eventos.ifbaiano.edu.br\/portal\/5-reneabi\/wp-json\/wp\/v2\/pages\/231"}],"collection":[{"href":"https:\/\/eventos.ifbaiano.edu.br\/portal\/5-reneabi\/wp-json\/wp\/v2\/pages"}],"about":[{"href":"https:\/\/eventos.ifbaiano.edu.br\/portal\/5-reneabi\/wp-json\/wp\/v2\/types\/page"}],"author":[{"embeddable":true,"href":"https:\/\/eventos.ifbaiano.edu.br\/portal\/5-reneabi\/wp-json\/wp\/v2\/users\/43"}],"replies":[{"embeddable":true,"href":"https:\/\/eventos.ifbaiano.edu.br\/portal\/5-reneabi\/wp-json\/wp\/v2\/comments?post=231"}],"version-history":[{"count":1,"href":"https:\/\/eventos.ifbaiano.edu.br\/portal\/5-reneabi\/wp-json\/wp\/v2\/pages\/231\/revisions"}],"predecessor-version":[{"id":232,"href":"https:\/\/eventos.ifbaiano.edu.br\/portal\/5-reneabi\/wp-json\/wp\/v2\/pages\/231\/revisions\/232"}],"wp:attachment":[{"href":"https:\/\/eventos.ifbaiano.edu.br\/portal\/5-reneabi\/wp-json\/wp\/v2\/media?parent=231"}],"curies":[{"name":"wp","href":"https:\/\/api.w.org\/{rel}","templated":true}]}}