{"id":227,"date":"2025-04-15T13:45:22","date_gmt":"2025-04-15T16:45:22","guid":{"rendered":"https:\/\/eventos.ifbaiano.edu.br\/portal\/5-reneabi\/?page_id=227"},"modified":"2025-04-15T13:45:22","modified_gmt":"2025-04-15T16:45:22","slug":"comissao-organizadora-local-campus-serrinha","status":"publish","type":"page","link":"https:\/\/eventos.ifbaiano.edu.br\/portal\/5-reneabi\/comissao-organizadora-local-campus-serrinha\/","title":{"rendered":"Comiss\u00e3o Organizadora Local \u2013 Campus Serrinha"},"content":{"rendered":"\n<p>Composi\u00e7\u00e3o da comiss\u00e3o: <\/p>\n\n\n\n<figure class=\"wp-block-table\"><table><tbody><tr><td>Camila Lima Santana e Santana<\/td><td>Presidente<\/td><\/tr><tr><td>Geovanio Silva do Nascimento<\/td><td>Membro<\/td><\/tr><tr><td>Thiago Alberto Alves dos Santos<\/td><td>Membro<\/td><\/tr><tr><td>Erasto Viana Silva Gama<\/td><td>Membro<\/td><\/tr><tr><td>Maria Auxiliadora Freitas dos Santos<\/td><td>Membro<\/td><\/tr><tr><td>Ricardo Santos do Carmo Reis<\/td><td>Membro<\/td><\/tr><tr><td>Bruno Henrique Pereira da Silva<\/td><td>Membro<\/td><\/tr><tr><td>Bruna Ramos de Queiroz<\/td><td>Membro<\/td><\/tr><\/tbody><\/table><figcaption class=\"wp-element-caption\"><a href=\"https:\/\/eventos.ifbaiano.edu.br\/portal\/5-reneabi\/files\/2025\/04\/Serrinha.pdf\">Portaria de composi\u00e7\u00e3o da Comiss\u00e3o interna para organizar o V RENEABI no Campus Serrinha<\/a><\/figcaption><\/figure>\n","protected":false},"excerpt":{"rendered":"<p>Composi\u00e7\u00e3o da comiss\u00e3o: Camila Lima Santana e Santana Presidente Geovanio Silva do Nascimento Membro Thiago Alberto Alves dos Santos Membro Erasto Viana Silva Gama Membro Maria Auxiliadora Freitas dos Santos Membro Ricardo Santos do Carmo Reis Membro Bruno Henrique Pereira da Silva Membro Bruna Ramos de Queiroz Membro Portaria de composi\u00e7\u00e3o da Comiss\u00e3o interna para &#8230; <a title=\"Comiss\u00e3o Organizadora Local \u2013 Campus Serrinha\" class=\"read-more\" href=\"https:\/\/eventos.ifbaiano.edu.br\/portal\/5-reneabi\/comissao-organizadora-local-campus-serrinha\/\" aria-label=\"Read more about Comiss\u00e3o Organizadora Local \u2013 Campus Serrinha\">Ler mais<\/a><\/p>\n","protected":false},"author":43,"featured_media":0,"parent":0,"menu_order":0,"comment_status":"closed","ping_status":"closed","template":"","meta":{"footnotes":""},"_links":{"self":[{"href":"https:\/\/eventos.ifbaiano.edu.br\/portal\/5-reneabi\/wp-json\/wp\/v2\/pages\/227"}],"collection":[{"href":"https:\/\/eventos.ifbaiano.edu.br\/portal\/5-reneabi\/wp-json\/wp\/v2\/pages"}],"about":[{"href":"https:\/\/eventos.ifbaiano.edu.br\/portal\/5-reneabi\/wp-json\/wp\/v2\/types\/page"}],"author":[{"embeddable":true,"href":"https:\/\/eventos.ifbaiano.edu.br\/portal\/5-reneabi\/wp-json\/wp\/v2\/users\/43"}],"replies":[{"embeddable":true,"href":"https:\/\/eventos.ifbaiano.edu.br\/portal\/5-reneabi\/wp-json\/wp\/v2\/comments?post=227"}],"version-history":[{"count":1,"href":"https:\/\/eventos.ifbaiano.edu.br\/portal\/5-reneabi\/wp-json\/wp\/v2\/pages\/227\/revisions"}],"predecessor-version":[{"id":228,"href":"https:\/\/eventos.ifbaiano.edu.br\/portal\/5-reneabi\/wp-json\/wp\/v2\/pages\/227\/revisions\/228"}],"wp:attachment":[{"href":"https:\/\/eventos.ifbaiano.edu.br\/portal\/5-reneabi\/wp-json\/wp\/v2\/media?parent=227"}],"curies":[{"name":"wp","href":"https:\/\/api.w.org\/{rel}","templated":true}]}}