{"id":222,"date":"2025-04-15T13:24:03","date_gmt":"2025-04-15T16:24:03","guid":{"rendered":"https:\/\/eventos.ifbaiano.edu.br\/portal\/5-reneabi\/?page_id=222"},"modified":"2025-04-15T13:24:03","modified_gmt":"2025-04-15T16:24:03","slug":"comissao-organizadora-local-campus-urucuca","status":"publish","type":"page","link":"https:\/\/eventos.ifbaiano.edu.br\/portal\/5-reneabi\/comissao-organizadora-local-campus-urucuca\/","title":{"rendered":"Comiss\u00e3o Organizadora Local \u2013 Campus Uru\u00e7uca"},"content":{"rendered":"\n<p>Composi\u00e7\u00e3o da comiss\u00e3o:<\/p>\n\n\n\n<figure class=\"wp-block-table\"><table><tbody><tr><td>Carlos Alberto Machado Noronha<\/td><td>Presidente<\/td><\/tr><tr><td>Livia Santana dos Santos<\/td><td>Presidente substituta<\/td><\/tr><tr><td>Igor Silva dos Santos<\/td><td>Membro<\/td><\/tr><tr><td>Maria Elia dos Santos Teixeira de Carvalho<\/td><td>Membro<\/td><\/tr><tr><td>Alzira Gabrielle Soares Saraiva Souza<\/td><td>Membro<\/td><\/tr><tr><td>Julia Cerqueira Morais<\/td><td>Membro<\/td><\/tr><tr><td>Yvete dos Santos Souza<\/td><td>Membro<\/td><\/tr><tr><td>Rosenildo dos Santos Rodrigues Junior<\/td><td>Membro<\/td><\/tr><tr><td>Luiz Antonio Castro Gonzaga<\/td><td>Membro<\/td><\/tr><tr><td>Rebeca Silva<\/td><td>Membro<\/td><\/tr><\/tbody><\/table><figcaption class=\"wp-element-caption\"><a href=\"https:\/\/eventos.ifbaiano.edu.br\/portal\/5-reneabi\/files\/2025\/04\/Urucuca.pdf\">Portaria de composi\u00e7\u00e3o da Comiss\u00e3o interna para organizar o V RENEABI no Campus Uru\u00e7uca<\/a><\/figcaption><\/figure>\n","protected":false},"excerpt":{"rendered":"<p>Composi\u00e7\u00e3o da comiss\u00e3o: Carlos Alberto Machado Noronha Presidente Livia Santana dos Santos Presidente substituta Igor Silva dos Santos Membro Maria Elia dos Santos Teixeira de Carvalho Membro Alzira Gabrielle Soares Saraiva Souza Membro Julia Cerqueira Morais Membro Yvete dos Santos Souza Membro Rosenildo dos Santos Rodrigues Junior Membro Luiz Antonio Castro Gonzaga Membro Rebeca Silva &#8230; <a title=\"Comiss\u00e3o Organizadora Local \u2013 Campus Uru\u00e7uca\" class=\"read-more\" href=\"https:\/\/eventos.ifbaiano.edu.br\/portal\/5-reneabi\/comissao-organizadora-local-campus-urucuca\/\" aria-label=\"Read more about Comiss\u00e3o Organizadora Local \u2013 Campus Uru\u00e7uca\">Ler mais<\/a><\/p>\n","protected":false},"author":43,"featured_media":0,"parent":0,"menu_order":0,"comment_status":"closed","ping_status":"closed","template":"","meta":{"footnotes":""},"_links":{"self":[{"href":"https:\/\/eventos.ifbaiano.edu.br\/portal\/5-reneabi\/wp-json\/wp\/v2\/pages\/222"}],"collection":[{"href":"https:\/\/eventos.ifbaiano.edu.br\/portal\/5-reneabi\/wp-json\/wp\/v2\/pages"}],"about":[{"href":"https:\/\/eventos.ifbaiano.edu.br\/portal\/5-reneabi\/wp-json\/wp\/v2\/types\/page"}],"author":[{"embeddable":true,"href":"https:\/\/eventos.ifbaiano.edu.br\/portal\/5-reneabi\/wp-json\/wp\/v2\/users\/43"}],"replies":[{"embeddable":true,"href":"https:\/\/eventos.ifbaiano.edu.br\/portal\/5-reneabi\/wp-json\/wp\/v2\/comments?post=222"}],"version-history":[{"count":1,"href":"https:\/\/eventos.ifbaiano.edu.br\/portal\/5-reneabi\/wp-json\/wp\/v2\/pages\/222\/revisions"}],"predecessor-version":[{"id":223,"href":"https:\/\/eventos.ifbaiano.edu.br\/portal\/5-reneabi\/wp-json\/wp\/v2\/pages\/222\/revisions\/223"}],"wp:attachment":[{"href":"https:\/\/eventos.ifbaiano.edu.br\/portal\/5-reneabi\/wp-json\/wp\/v2\/media?parent=222"}],"curies":[{"name":"wp","href":"https:\/\/api.w.org\/{rel}","templated":true}]}}