{"id":218,"date":"2025-04-15T13:12:42","date_gmt":"2025-04-15T16:12:42","guid":{"rendered":"https:\/\/eventos.ifbaiano.edu.br\/portal\/5-reneabi\/?page_id=218"},"modified":"2025-04-15T13:12:42","modified_gmt":"2025-04-15T16:12:42","slug":"comissao-organizadora-local-campus-valenca","status":"publish","type":"page","link":"https:\/\/eventos.ifbaiano.edu.br\/portal\/5-reneabi\/comissao-organizadora-local-campus-valenca\/","title":{"rendered":"Comiss\u00e3o Organizadora Local \u2013 Campus Valen\u00e7a"},"content":{"rendered":"\n<p>Composi\u00e7\u00e3o da comiss\u00e3o:<\/p>\n\n\n\n<figure class=\"wp-block-table\"><table><tbody><tr><td>Nelma Cristina Silva Barbosa de Matos<\/td><td>Presidente<\/td><\/tr><tr><td>Scyla Pinto Costa Pimenta<\/td><td>Membro<\/td><\/tr><tr><td>Cecilia Nunes da Silva<\/td><td>Membro<\/td><\/tr><tr><td>Quezia dos Santos Lima<\/td><td>Membro<\/td><\/tr><tr><td>Diogo Fonseca Borsoi<\/td><td>Membro<\/td><\/tr><tr><td>Joseane Costa Santana<\/td><td>Membro<\/td><\/tr><tr><td>Gabriela Belo da Silva<\/td><td>Membro<\/td><\/tr><tr><td>Indineia Ramos Paix\u00e3o<\/td><td>Membro<\/td><\/tr><tr><td>Perimar Esp\u00edrito Santo de Moura<\/td><td>Membro<\/td><\/tr><tr><td>Anderson Gomes da Epifania<\/td><td>Membro<\/td><\/tr><tr><td>Natanael Costa da Silva<\/td><td>Membro<\/td><\/tr><tr><td>Maillany Santos Valentim<\/td><td>Membro<\/td><\/tr><tr><td>Emilly Elisabeth dos Santos Ramos<\/td><td>Membro<\/td><\/tr><tr><td>Kevilly Bianca da Concei\u00e7\u00e3o Sousa<\/td><td>Membro<\/td><\/tr><tr><td>Yasmin Sousa dos Santos<\/td><td>Membro<\/td><\/tr><tr><td>Julia de Araujo Menezes<\/td><td>Membro<\/td><\/tr><tr><td>Kau\u00e3 Neris de Matos<\/td><td>Membro<\/td><\/tr><tr><td>Jhenifer Campos Silva<\/td><td>Membro<\/td><\/tr><tr><td>Renata Amparo Ara\u00fajo<\/td><td>Membro<\/td><\/tr><\/tbody><\/table><figcaption class=\"wp-element-caption\"><a href=\"https:\/\/eventos.ifbaiano.edu.br\/portal\/5-reneabi\/files\/2025\/04\/Valenca.pdf\">Portaria de composi\u00e7\u00e3o da Comiss\u00e3o interna para organizar o V RENEABI no <em>Campus<\/em> Valen\u00e7a<\/a><\/figcaption><\/figure>\n","protected":false},"excerpt":{"rendered":"<p>Composi\u00e7\u00e3o da comiss\u00e3o: Nelma Cristina Silva Barbosa de Matos Presidente Scyla Pinto Costa Pimenta Membro Cecilia Nunes da Silva Membro Quezia dos Santos Lima Membro Diogo Fonseca Borsoi Membro Joseane Costa Santana Membro Gabriela Belo da Silva Membro Indineia Ramos Paix\u00e3o Membro Perimar Esp\u00edrito Santo de Moura Membro Anderson Gomes da Epifania Membro Natanael Costa &#8230; <a title=\"Comiss\u00e3o Organizadora Local \u2013 Campus Valen\u00e7a\" class=\"read-more\" href=\"https:\/\/eventos.ifbaiano.edu.br\/portal\/5-reneabi\/comissao-organizadora-local-campus-valenca\/\" aria-label=\"Read more about Comiss\u00e3o Organizadora Local \u2013 Campus Valen\u00e7a\">Ler mais<\/a><\/p>\n","protected":false},"author":43,"featured_media":0,"parent":0,"menu_order":0,"comment_status":"closed","ping_status":"closed","template":"","meta":{"footnotes":""},"_links":{"self":[{"href":"https:\/\/eventos.ifbaiano.edu.br\/portal\/5-reneabi\/wp-json\/wp\/v2\/pages\/218"}],"collection":[{"href":"https:\/\/eventos.ifbaiano.edu.br\/portal\/5-reneabi\/wp-json\/wp\/v2\/pages"}],"about":[{"href":"https:\/\/eventos.ifbaiano.edu.br\/portal\/5-reneabi\/wp-json\/wp\/v2\/types\/page"}],"author":[{"embeddable":true,"href":"https:\/\/eventos.ifbaiano.edu.br\/portal\/5-reneabi\/wp-json\/wp\/v2\/users\/43"}],"replies":[{"embeddable":true,"href":"https:\/\/eventos.ifbaiano.edu.br\/portal\/5-reneabi\/wp-json\/wp\/v2\/comments?post=218"}],"version-history":[{"count":1,"href":"https:\/\/eventos.ifbaiano.edu.br\/portal\/5-reneabi\/wp-json\/wp\/v2\/pages\/218\/revisions"}],"predecessor-version":[{"id":219,"href":"https:\/\/eventos.ifbaiano.edu.br\/portal\/5-reneabi\/wp-json\/wp\/v2\/pages\/218\/revisions\/219"}],"wp:attachment":[{"href":"https:\/\/eventos.ifbaiano.edu.br\/portal\/5-reneabi\/wp-json\/wp\/v2\/media?parent=218"}],"curies":[{"name":"wp","href":"https:\/\/api.w.org\/{rel}","templated":true}]}}