{"id":214,"date":"2025-04-15T12:49:24","date_gmt":"2025-04-15T15:49:24","guid":{"rendered":"https:\/\/eventos.ifbaiano.edu.br\/portal\/5-reneabi\/?page_id=214"},"modified":"2025-04-15T12:49:24","modified_gmt":"2025-04-15T15:49:24","slug":"comissao-organizadora-local-campus-xique-xique","status":"publish","type":"page","link":"https:\/\/eventos.ifbaiano.edu.br\/portal\/5-reneabi\/comissao-organizadora-local-campus-xique-xique\/","title":{"rendered":"Comiss\u00e3o Organizadora Local \u2013 Campus Xique-Xique"},"content":{"rendered":"\n<p>Composi\u00e7\u00e3o da comiss\u00e3o:<\/p>\n\n\n\n<figure class=\"wp-block-table\"><table><tbody><tr><td>Eduardo Machado de Santana<\/td><td>Presidente<\/td><\/tr><tr><td>Heber Guerreiro da Hora<\/td><td>Presidente Substituto<\/td><\/tr><tr><td>Carolina Antonia Silva Trindade<\/td><td>Membra<\/td><\/tr><tr><td>Carolina Gonzales da Silva<\/td><td>Membra<\/td><\/tr><tr><td>Caroline Ribeiro dos Santos<\/td><td>Membra<\/td><\/tr><tr><td>Camila da Silva e Silva<\/td><td>Membra<\/td><\/tr><tr><td>Eder Carlos Cardoso Diniz<\/td><td>Membro<\/td><\/tr><tr><td>F\u00e1tima Luiza da Silva Santos<\/td><td>Membra<\/td><\/tr><tr><td>Igor de Carvalho Goncalves da Costa<\/td><td>Membro<\/td><\/tr><tr><td>Marcos Paulo Leite da Silva<\/td><td>Membro<\/td><\/tr><tr><td>Renata Cristina Alves<\/td><td>Membra<\/td><\/tr><tr><td>Rita de Cassia Ramos Queiroz de Freitas<\/td><td>Membra<\/td><\/tr><tr><td>Shauane Itainhara Freire Nunes<\/td><td>Membra<\/td><\/tr><tr><td>Adriele Oliveira Souza<\/td><td>Membra<\/td><\/tr><tr><td>Rafael dos Santos Souza<\/td><td>Membro<\/td><\/tr><\/tbody><\/table><figcaption class=\"wp-element-caption\"><a href=\"https:\/\/eventos.ifbaiano.edu.br\/portal\/5-reneabi\/files\/2025\/04\/Xique-xique.pdf\">Portaria de composi\u00e7\u00e3o da Comiss\u00e3o interna para organizar o V RENEABI no Campus Xique-Xique<\/a><\/figcaption><\/figure>\n","protected":false},"excerpt":{"rendered":"<p>Composi\u00e7\u00e3o da comiss\u00e3o: Eduardo Machado de Santana Presidente Heber Guerreiro da Hora Presidente Substituto Carolina Antonia Silva Trindade Membra Carolina Gonzales da Silva Membra Caroline Ribeiro dos Santos Membra Camila da Silva e Silva Membra Eder Carlos Cardoso Diniz Membro F\u00e1tima Luiza da Silva Santos Membra Igor de Carvalho Goncalves da Costa Membro Marcos Paulo &#8230; <a title=\"Comiss\u00e3o Organizadora Local \u2013 Campus Xique-Xique\" class=\"read-more\" href=\"https:\/\/eventos.ifbaiano.edu.br\/portal\/5-reneabi\/comissao-organizadora-local-campus-xique-xique\/\" aria-label=\"Read more about Comiss\u00e3o Organizadora Local \u2013 Campus Xique-Xique\">Ler mais<\/a><\/p>\n","protected":false},"author":43,"featured_media":0,"parent":0,"menu_order":0,"comment_status":"closed","ping_status":"closed","template":"","meta":{"footnotes":""},"_links":{"self":[{"href":"https:\/\/eventos.ifbaiano.edu.br\/portal\/5-reneabi\/wp-json\/wp\/v2\/pages\/214"}],"collection":[{"href":"https:\/\/eventos.ifbaiano.edu.br\/portal\/5-reneabi\/wp-json\/wp\/v2\/pages"}],"about":[{"href":"https:\/\/eventos.ifbaiano.edu.br\/portal\/5-reneabi\/wp-json\/wp\/v2\/types\/page"}],"author":[{"embeddable":true,"href":"https:\/\/eventos.ifbaiano.edu.br\/portal\/5-reneabi\/wp-json\/wp\/v2\/users\/43"}],"replies":[{"embeddable":true,"href":"https:\/\/eventos.ifbaiano.edu.br\/portal\/5-reneabi\/wp-json\/wp\/v2\/comments?post=214"}],"version-history":[{"count":1,"href":"https:\/\/eventos.ifbaiano.edu.br\/portal\/5-reneabi\/wp-json\/wp\/v2\/pages\/214\/revisions"}],"predecessor-version":[{"id":215,"href":"https:\/\/eventos.ifbaiano.edu.br\/portal\/5-reneabi\/wp-json\/wp\/v2\/pages\/214\/revisions\/215"}],"wp:attachment":[{"href":"https:\/\/eventos.ifbaiano.edu.br\/portal\/5-reneabi\/wp-json\/wp\/v2\/media?parent=214"}],"curies":[{"name":"wp","href":"https:\/\/api.w.org\/{rel}","templated":true}]}}