{"id":206,"date":"2025-04-15T12:23:56","date_gmt":"2025-04-15T15:23:56","guid":{"rendered":"https:\/\/eventos.ifbaiano.edu.br\/portal\/5-reneabi\/?page_id=206"},"modified":"2025-04-15T12:28:24","modified_gmt":"2025-04-15T15:28:24","slug":"comissao-organizadora-local-campus-itaberaba","status":"publish","type":"page","link":"https:\/\/eventos.ifbaiano.edu.br\/portal\/5-reneabi\/comissao-organizadora-local-campus-itaberaba\/","title":{"rendered":"Comiss\u00e3o Organizadora Local \u2013 Campus Itaberaba"},"content":{"rendered":"\n<p>Composi\u00e7\u00e3o da comiss\u00e3o:<\/p>\n\n\n\n<figure class=\"wp-block-table\"><table><tbody><tr><td>Su\u00eade Santos Barbosa<\/td><td>Presidente<\/td><\/tr><tr><td>Ana Catarina Magalh\u00e3es dos Santos<\/td><td>Membro<\/td><\/tr><tr><td>Iana de Oliveira Soares<\/td><td>Membro<\/td><\/tr><tr><td>Livia Tavares Mendes Froes<\/td><td>Membro<\/td><\/tr><tr><td>Luciana Soares Ramos Edu\u00e3o<\/td><td>Membro<\/td><\/tr><tr><td>Maria Auric\u00e9lia Ferreira Marques da Silva<\/td><td>Membro<\/td><\/tr><tr><td>Vera L\u00facia Carneiro de Almeida<\/td><td>Membro<\/td><\/tr><tr><td>Ana Lu\u00edsa de Almeida Costa<\/td><td>Membro<\/td><\/tr><tr><td>Juan Matos de Oliveira Santos<\/td><td>Membro<\/td><\/tr><\/tbody><\/table><figcaption class=\"wp-element-caption\"><a href=\"https:\/\/eventos.ifbaiano.edu.br\/portal\/5-reneabi\/files\/2025\/04\/Itaberaba.pdf\">Portaria de composi\u00e7\u00e3o da Comiss\u00e3o interna para organizar o V RENEABI no Campus Itaberaba<\/a><\/figcaption><\/figure>\n","protected":false},"excerpt":{"rendered":"<p>Composi\u00e7\u00e3o da comiss\u00e3o: Su\u00eade Santos Barbosa Presidente Ana Catarina Magalh\u00e3es dos Santos Membro Iana de Oliveira Soares Membro Livia Tavares Mendes Froes Membro Luciana Soares Ramos Edu\u00e3o Membro Maria Auric\u00e9lia Ferreira Marques da Silva Membro Vera L\u00facia Carneiro de Almeida Membro Ana Lu\u00edsa de Almeida Costa Membro Juan Matos de Oliveira Santos Membro Portaria de &#8230; <a title=\"Comiss\u00e3o Organizadora Local \u2013 Campus Itaberaba\" class=\"read-more\" href=\"https:\/\/eventos.ifbaiano.edu.br\/portal\/5-reneabi\/comissao-organizadora-local-campus-itaberaba\/\" aria-label=\"Read more about Comiss\u00e3o Organizadora Local \u2013 Campus Itaberaba\">Ler mais<\/a><\/p>\n","protected":false},"author":43,"featured_media":0,"parent":0,"menu_order":0,"comment_status":"closed","ping_status":"closed","template":"","meta":{"footnotes":""},"_links":{"self":[{"href":"https:\/\/eventos.ifbaiano.edu.br\/portal\/5-reneabi\/wp-json\/wp\/v2\/pages\/206"}],"collection":[{"href":"https:\/\/eventos.ifbaiano.edu.br\/portal\/5-reneabi\/wp-json\/wp\/v2\/pages"}],"about":[{"href":"https:\/\/eventos.ifbaiano.edu.br\/portal\/5-reneabi\/wp-json\/wp\/v2\/types\/page"}],"author":[{"embeddable":true,"href":"https:\/\/eventos.ifbaiano.edu.br\/portal\/5-reneabi\/wp-json\/wp\/v2\/users\/43"}],"replies":[{"embeddable":true,"href":"https:\/\/eventos.ifbaiano.edu.br\/portal\/5-reneabi\/wp-json\/wp\/v2\/comments?post=206"}],"version-history":[{"count":2,"href":"https:\/\/eventos.ifbaiano.edu.br\/portal\/5-reneabi\/wp-json\/wp\/v2\/pages\/206\/revisions"}],"predecessor-version":[{"id":208,"href":"https:\/\/eventos.ifbaiano.edu.br\/portal\/5-reneabi\/wp-json\/wp\/v2\/pages\/206\/revisions\/208"}],"wp:attachment":[{"href":"https:\/\/eventos.ifbaiano.edu.br\/portal\/5-reneabi\/wp-json\/wp\/v2\/media?parent=206"}],"curies":[{"name":"wp","href":"https:\/\/api.w.org\/{rel}","templated":true}]}}