{"id":196,"date":"2025-04-15T11:29:30","date_gmt":"2025-04-15T14:29:30","guid":{"rendered":"https:\/\/eventos.ifbaiano.edu.br\/portal\/5-reneabi\/?page_id=196"},"modified":"2025-04-15T11:29:53","modified_gmt":"2025-04-15T14:29:53","slug":"comissao-organizadora-local-campus-governador-mangabeira","status":"publish","type":"page","link":"https:\/\/eventos.ifbaiano.edu.br\/portal\/5-reneabi\/comissao-organizadora-local-campus-governador-mangabeira\/","title":{"rendered":"Comiss\u00e3o Organizadora Local \u2013 Campus Governador Mangabeira"},"content":{"rendered":"\n<p>Composi\u00e7\u00e3o da comiss\u00e3o:<\/p>\n\n\n\n<figure class=\"wp-block-table\"><table><tbody><tr><td>Maria Asenate Concei\u00e7\u00e3o Franco<\/td><td>Representante do NEABI<\/td><\/tr><tr><td>Luciene da Silva Santos<\/td><td>Representante do GENI<\/td><\/tr><tr><td>Sara Soares Costa<\/td><td>Equipe Pedag\u00f3gica<\/td><\/tr><tr><td>Daniela Garcia Silveira<\/td><td>Coordena\u00e7\u00e3o de Pesquisa<\/td><\/tr><tr><td>Moacir Andrade dos Santos<\/td><td>Coordena\u00e7\u00e3o de Extens\u00e3o<\/td><\/tr><tr><td>Renata Dias Costa S\u00e1<\/td><td>Docente<\/td><\/tr><tr><td>Cristiane Santos de Jesus<\/td><td>Docente\/Dire\u00e7\u00e3o Acad\u00eamica<\/td><\/tr><tr><td>Jeniffer Mary Costa Concei\u00e7\u00e3o<\/td><td>Discente<\/td><\/tr><\/tbody><\/table><figcaption class=\"wp-element-caption\"><a href=\"https:\/\/eventos.ifbaiano.edu.br\/portal\/5-reneabi\/files\/2025\/04\/Governador-Mangabeira.pdf\">Portaria de composi\u00e7\u00e3o da Comiss\u00e3o interna para organizar o V RENEABI no Campus Governador Mangabeira<\/a><\/figcaption><\/figure>\n","protected":false},"excerpt":{"rendered":"<p>Composi\u00e7\u00e3o da comiss\u00e3o: Maria Asenate Concei\u00e7\u00e3o Franco Representante do NEABI Luciene da Silva Santos Representante do GENI Sara Soares Costa Equipe Pedag\u00f3gica Daniela Garcia Silveira Coordena\u00e7\u00e3o de Pesquisa Moacir Andrade dos Santos Coordena\u00e7\u00e3o de Extens\u00e3o Renata Dias Costa S\u00e1 Docente Cristiane Santos de Jesus Docente\/Dire\u00e7\u00e3o Acad\u00eamica Jeniffer Mary Costa Concei\u00e7\u00e3o Discente Portaria de composi\u00e7\u00e3o da &#8230; <a title=\"Comiss\u00e3o Organizadora Local \u2013 Campus Governador Mangabeira\" class=\"read-more\" href=\"https:\/\/eventos.ifbaiano.edu.br\/portal\/5-reneabi\/comissao-organizadora-local-campus-governador-mangabeira\/\" aria-label=\"Read more about Comiss\u00e3o Organizadora Local \u2013 Campus Governador Mangabeira\">Ler mais<\/a><\/p>\n","protected":false},"author":43,"featured_media":0,"parent":0,"menu_order":0,"comment_status":"closed","ping_status":"closed","template":"","meta":{"footnotes":""},"_links":{"self":[{"href":"https:\/\/eventos.ifbaiano.edu.br\/portal\/5-reneabi\/wp-json\/wp\/v2\/pages\/196"}],"collection":[{"href":"https:\/\/eventos.ifbaiano.edu.br\/portal\/5-reneabi\/wp-json\/wp\/v2\/pages"}],"about":[{"href":"https:\/\/eventos.ifbaiano.edu.br\/portal\/5-reneabi\/wp-json\/wp\/v2\/types\/page"}],"author":[{"embeddable":true,"href":"https:\/\/eventos.ifbaiano.edu.br\/portal\/5-reneabi\/wp-json\/wp\/v2\/users\/43"}],"replies":[{"embeddable":true,"href":"https:\/\/eventos.ifbaiano.edu.br\/portal\/5-reneabi\/wp-json\/wp\/v2\/comments?post=196"}],"version-history":[{"count":1,"href":"https:\/\/eventos.ifbaiano.edu.br\/portal\/5-reneabi\/wp-json\/wp\/v2\/pages\/196\/revisions"}],"predecessor-version":[{"id":198,"href":"https:\/\/eventos.ifbaiano.edu.br\/portal\/5-reneabi\/wp-json\/wp\/v2\/pages\/196\/revisions\/198"}],"wp:attachment":[{"href":"https:\/\/eventos.ifbaiano.edu.br\/portal\/5-reneabi\/wp-json\/wp\/v2\/media?parent=196"}],"curies":[{"name":"wp","href":"https:\/\/api.w.org\/{rel}","templated":true}]}}