{"id":193,"date":"2025-04-15T11:13:10","date_gmt":"2025-04-15T14:13:10","guid":{"rendered":"https:\/\/eventos.ifbaiano.edu.br\/portal\/5-reneabi\/?page_id=193"},"modified":"2025-04-15T11:14:26","modified_gmt":"2025-04-15T14:14:26","slug":"comissao-organizadora-local-campus-catu","status":"publish","type":"page","link":"https:\/\/eventos.ifbaiano.edu.br\/portal\/5-reneabi\/comissao-organizadora-local-campus-catu\/","title":{"rendered":"Comiss\u00e3o Organizadora Local \u2013 Campus Catu"},"content":{"rendered":"\n<p>Composi\u00e7\u00e3o da comiss\u00e3o:<\/p>\n\n\n\n<figure class=\"wp-block-table\"><table><tbody><tr><td>Celio Jose dos Santos<\/td><td>Presidente<\/td><\/tr><tr><td>Patr\u00edcia de Oliveira<\/td><td>Membro<\/td><\/tr><tr><td>Rafael Rosa da Rocha<\/td><td>Membro<\/td><\/tr><tr><td>Davi Silva da Costa<\/td><td>Membro<\/td><\/tr><tr><td>Gilvan Martins Duraes<\/td><td>Membro<\/td><\/tr><tr><td>Emerson de Santana Oliveira<\/td><td>Membro<\/td><\/tr><tr><td>Luiza Isabelly Ferreira dos Santos<\/td><td>Membro<\/td><\/tr><tr><td>Esdras Nat\u00e3 Adelino Santos Silva<\/td><td>Membro<\/td><\/tr><\/tbody><\/table><figcaption class=\"wp-element-caption\"><a href=\"https:\/\/eventos.ifbaiano.edu.br\/portal\/5-reneabi\/files\/2025\/04\/Catu.pdf\">Portaria de composi\u00e7\u00e3o da Comiss\u00e3o interna para organizar o V RENEABI no Campus Catu<\/a><\/figcaption><\/figure>\n","protected":false},"excerpt":{"rendered":"<p>Composi\u00e7\u00e3o da comiss\u00e3o: Celio Jose dos Santos Presidente Patr\u00edcia de Oliveira Membro Rafael Rosa da Rocha Membro Davi Silva da Costa Membro Gilvan Martins Duraes Membro Emerson de Santana Oliveira Membro Luiza Isabelly Ferreira dos Santos Membro Esdras Nat\u00e3 Adelino Santos Silva Membro Portaria de composi\u00e7\u00e3o da Comiss\u00e3o interna para organizar o V RENEABI no &#8230; <a title=\"Comiss\u00e3o Organizadora Local \u2013 Campus Catu\" class=\"read-more\" href=\"https:\/\/eventos.ifbaiano.edu.br\/portal\/5-reneabi\/comissao-organizadora-local-campus-catu\/\" aria-label=\"Read more about Comiss\u00e3o Organizadora Local \u2013 Campus Catu\">Ler mais<\/a><\/p>\n","protected":false},"author":43,"featured_media":0,"parent":0,"menu_order":0,"comment_status":"closed","ping_status":"closed","template":"","meta":{"footnotes":""},"_links":{"self":[{"href":"https:\/\/eventos.ifbaiano.edu.br\/portal\/5-reneabi\/wp-json\/wp\/v2\/pages\/193"}],"collection":[{"href":"https:\/\/eventos.ifbaiano.edu.br\/portal\/5-reneabi\/wp-json\/wp\/v2\/pages"}],"about":[{"href":"https:\/\/eventos.ifbaiano.edu.br\/portal\/5-reneabi\/wp-json\/wp\/v2\/types\/page"}],"author":[{"embeddable":true,"href":"https:\/\/eventos.ifbaiano.edu.br\/portal\/5-reneabi\/wp-json\/wp\/v2\/users\/43"}],"replies":[{"embeddable":true,"href":"https:\/\/eventos.ifbaiano.edu.br\/portal\/5-reneabi\/wp-json\/wp\/v2\/comments?post=193"}],"version-history":[{"count":1,"href":"https:\/\/eventos.ifbaiano.edu.br\/portal\/5-reneabi\/wp-json\/wp\/v2\/pages\/193\/revisions"}],"predecessor-version":[{"id":194,"href":"https:\/\/eventos.ifbaiano.edu.br\/portal\/5-reneabi\/wp-json\/wp\/v2\/pages\/193\/revisions\/194"}],"wp:attachment":[{"href":"https:\/\/eventos.ifbaiano.edu.br\/portal\/5-reneabi\/wp-json\/wp\/v2\/media?parent=193"}],"curies":[{"name":"wp","href":"https:\/\/api.w.org\/{rel}","templated":true}]}}