{"id":190,"date":"2025-04-15T10:53:19","date_gmt":"2025-04-15T13:53:19","guid":{"rendered":"https:\/\/eventos.ifbaiano.edu.br\/portal\/5-reneabi\/?page_id=190"},"modified":"2025-04-15T10:53:20","modified_gmt":"2025-04-15T13:53:20","slug":"comissao-organizadora-local-campus-alagoinhas","status":"publish","type":"page","link":"https:\/\/eventos.ifbaiano.edu.br\/portal\/5-reneabi\/comissao-organizadora-local-campus-alagoinhas\/","title":{"rendered":"Comiss\u00e3o Organizadora Local &#8211; Campus Alagoinhas"},"content":{"rendered":"\n<p>Composi\u00e7\u00e3o da comiss\u00e3o:<\/p>\n\n\n\n<figure class=\"wp-block-table\"><table><tbody><tr><td>Amanda Assis dos Santos<\/td><td>Presidente<\/td><\/tr><tr><td>Rodrigo Teixeira da Silva Santos<\/td><td>Presidente Substituto<\/td><\/tr><tr><td>Carla da Silva Sousa<\/td><td>Membro<\/td><\/tr><tr><td>Gleice Valeria Pacheco Gomes<\/td><td>Membro<\/td><\/tr><tr><td>Graziele Quintela de Carvalho<\/td><td>Membro<\/td><\/tr><tr><td>Jose Honorato Ferreira Nunes<\/td><td>Membro<\/td><\/tr><tr><td>Maria Arlinda de Assis Menezes<\/td><td>Membro<\/td><\/tr><tr><td>Rodrigo Oliveira Lessa<\/td><td>Membro<\/td><\/tr><tr><td>Gerson Palmeira Nascimento<\/td><td>Membro<\/td><\/tr><tr><td>Douglas Monteiro dos Santos da Silva<\/td><td>Membro<\/td><\/tr><\/tbody><\/table><\/figure>\n\n\n\n<p><a href=\"https:\/\/eventos.ifbaiano.edu.br\/portal\/5-reneabi\/files\/2025\/04\/Alagoinhas.pdf\">Portaria de composi\u00e7\u00e3o da Comiss\u00e3o interna para organizar o V RENEABI no Campus Alagoinhas<\/a><\/p>\n","protected":false},"excerpt":{"rendered":"<p>Composi\u00e7\u00e3o da comiss\u00e3o: Amanda Assis dos Santos Presidente Rodrigo Teixeira da Silva Santos Presidente Substituto Carla da Silva Sousa Membro Gleice Valeria Pacheco Gomes Membro Graziele Quintela de Carvalho Membro Jose Honorato Ferreira Nunes Membro Maria Arlinda de Assis Menezes Membro Rodrigo Oliveira Lessa Membro Gerson Palmeira Nascimento Membro Douglas Monteiro dos Santos da Silva &#8230; <a title=\"Comiss\u00e3o Organizadora Local &#8211; Campus Alagoinhas\" class=\"read-more\" href=\"https:\/\/eventos.ifbaiano.edu.br\/portal\/5-reneabi\/comissao-organizadora-local-campus-alagoinhas\/\" aria-label=\"Read more about Comiss\u00e3o Organizadora Local &#8211; Campus Alagoinhas\">Ler mais<\/a><\/p>\n","protected":false},"author":43,"featured_media":0,"parent":0,"menu_order":0,"comment_status":"closed","ping_status":"closed","template":"","meta":{"footnotes":""},"_links":{"self":[{"href":"https:\/\/eventos.ifbaiano.edu.br\/portal\/5-reneabi\/wp-json\/wp\/v2\/pages\/190"}],"collection":[{"href":"https:\/\/eventos.ifbaiano.edu.br\/portal\/5-reneabi\/wp-json\/wp\/v2\/pages"}],"about":[{"href":"https:\/\/eventos.ifbaiano.edu.br\/portal\/5-reneabi\/wp-json\/wp\/v2\/types\/page"}],"author":[{"embeddable":true,"href":"https:\/\/eventos.ifbaiano.edu.br\/portal\/5-reneabi\/wp-json\/wp\/v2\/users\/43"}],"replies":[{"embeddable":true,"href":"https:\/\/eventos.ifbaiano.edu.br\/portal\/5-reneabi\/wp-json\/wp\/v2\/comments?post=190"}],"version-history":[{"count":1,"href":"https:\/\/eventos.ifbaiano.edu.br\/portal\/5-reneabi\/wp-json\/wp\/v2\/pages\/190\/revisions"}],"predecessor-version":[{"id":191,"href":"https:\/\/eventos.ifbaiano.edu.br\/portal\/5-reneabi\/wp-json\/wp\/v2\/pages\/190\/revisions\/191"}],"wp:attachment":[{"href":"https:\/\/eventos.ifbaiano.edu.br\/portal\/5-reneabi\/wp-json\/wp\/v2\/media?parent=190"}],"curies":[{"name":"wp","href":"https:\/\/api.w.org\/{rel}","templated":true}]}}