{"id":120,"date":"2025-04-14T14:57:01","date_gmt":"2025-04-14T17:57:01","guid":{"rendered":"https:\/\/eventos.ifbaiano.edu.br\/portal\/5-reneabi\/?page_id=120"},"modified":"2025-05-07T14:28:43","modified_gmt":"2025-05-07T17:28:43","slug":"apresentacao-do-evento","status":"publish","type":"page","link":"https:\/\/eventos.ifbaiano.edu.br\/portal\/5-reneabi\/apresentacao-do-evento\/","title":{"rendered":"O evento"},"content":{"rendered":"\n<p>O Encontro da Rede de NEABIs do IF Baiano (RENEABI) \u00e9 um encontro criado para fortalecer os N\u00facleos de Estudos Afro-brasileiros e Ind\u00edgenas (NEABIs) dentro da institui\u00e7\u00e3o. Concebido para ser um espa\u00e7o de articula\u00e7\u00e3o, discuss\u00e3o, capacita\u00e7\u00e3o e levantamento de demandas, divulga\u00e7\u00e3o de saberes, compartilhamento de a\u00e7\u00f5es, trocas de experi\u00eancias e integra\u00e7\u00e3o com a comunidade externa. Desde sua primeira edi\u00e7\u00e3o, em 2017, tem se consolidado como uma iniciativa fundamental na promo\u00e7\u00e3o de uma educa\u00e7\u00e3o antirracista e na formula\u00e7\u00e3o de pol\u00edticas p\u00fablicas voltadas para equidade racial, sempre alicer\u00e7ado no trip\u00e9, ensino, pesquisa e extens\u00e3o.<\/p>\n\n\n\n<p>Em 2025, o encontro chega \u00e0 sua quinta edi\u00e7\u00e3o, trazendo o tema \u201cEnsino, Pesquisa e Extens\u00e3o como Instrumentos de Cidadania Plena e Enfrentamento ao Racismo\u201d. Essa discuss\u00e3o, responde a necessidade de discutirmos a persistente lacuna entre as pol\u00edticas educacionais antirracistas formalmente institu\u00eddas e sua efetiva implementa\u00e7\u00e3o no cotidiano das institui\u00e7\u00f5es de ensino. Apesar dos avan\u00e7os legislativos, a exemplo das Leis 10.639\/03 e 11.645\/08, que instituem a obrigatoriedade da inclus\u00e3o da Hist\u00f3ria e cultura afro-brasileira e ind\u00edgena nos curr\u00edculos, existe significativa dist\u00e2ncia entre teoria e pr\u00e1tica.&nbsp; Deste modo, o evento pretende ser um espa\u00e7o de di\u00e1logo, reflex\u00e3o e a\u00e7\u00e3o que envolva toda a comunidade acad\u00eamica na busca de solu\u00e7\u00f5es para essa desconex\u00e3o.<\/p>\n\n\n\n<p>Para tanto, al\u00e9m de discutir as barreiras existentes, o evento incentiva o compartilhamento de experi\u00eancias exitosas, o desenvolvimento de novas estrat\u00e9gias pedag\u00f3gicas e o fortalecimento das redes de apoio entre os NEABIs. Igualmente, busca-se aprofundar a integra\u00e7\u00e3o entre ensino, pesquisa e extens\u00e3o no contexto das discuss\u00f5es raciais, ser um espa\u00e7o de forma\u00e7\u00e3o continuada, oferecendo ferramentas te\u00f3ricas e pr\u00e1ticas que contribuam para o desenvolvimento de uma educa\u00e7\u00e3o comprometida com o enfrentamento ao racismo.<\/p>\n\n\n\n<p>Objetivando assegurar a participa\u00e7\u00e3o da comunidade acad\u00eamica do instituto, esta edi\u00e7\u00e3o do RENEABI adotou um formato inovador, h\u00edbrido e multicampi. O evento ir\u00e1 acontecer simultaneamente nos 14(quatorze) campi, combinando atividades presenciais e transmiss\u00f5es ao vivo diretamente do pr\u00e9dio administrativo Jo\u00e3o Batista (JB), em Salvador\/BA. Al\u00e9m disso, cada campus oferecer\u00e1&nbsp; oficinas e sess\u00f5es tem\u00e1ticas presenciais, garantindo um evento acess\u00edvel para toda a comunidade do IF Baiano. Com essa proposta, o RENEABI reafirma seu compromisso com o enfrentamento ao racismo e a promo\u00e7\u00e3o de uma educa\u00e7\u00e3o antirracista, colaborativa e transformadora, consolidando-se como um marco no fortalecimento das pol\u00edticas p\u00fablicas de equidade racial dentro do IF Baiano.<\/p>\n","protected":false},"excerpt":{"rendered":"<p>O Encontro da Rede de NEABIs do IF Baiano (RENEABI) \u00e9 um encontro criado para fortalecer os N\u00facleos de Estudos Afro-brasileiros e Ind\u00edgenas (NEABIs) dentro da institui\u00e7\u00e3o. Concebido para ser um espa\u00e7o de articula\u00e7\u00e3o, discuss\u00e3o, capacita\u00e7\u00e3o e levantamento de demandas, divulga\u00e7\u00e3o de saberes, compartilhamento de a\u00e7\u00f5es, trocas de experi\u00eancias e integra\u00e7\u00e3o com a comunidade externa. &#8230; <a title=\"O evento\" class=\"read-more\" href=\"https:\/\/eventos.ifbaiano.edu.br\/portal\/5-reneabi\/apresentacao-do-evento\/\" aria-label=\"Read more about O evento\">Ler mais<\/a><\/p>\n","protected":false},"author":43,"featured_media":0,"parent":0,"menu_order":0,"comment_status":"closed","ping_status":"closed","template":"","meta":{"footnotes":""},"_links":{"self":[{"href":"https:\/\/eventos.ifbaiano.edu.br\/portal\/5-reneabi\/wp-json\/wp\/v2\/pages\/120"}],"collection":[{"href":"https:\/\/eventos.ifbaiano.edu.br\/portal\/5-reneabi\/wp-json\/wp\/v2\/pages"}],"about":[{"href":"https:\/\/eventos.ifbaiano.edu.br\/portal\/5-reneabi\/wp-json\/wp\/v2\/types\/page"}],"author":[{"embeddable":true,"href":"https:\/\/eventos.ifbaiano.edu.br\/portal\/5-reneabi\/wp-json\/wp\/v2\/users\/43"}],"replies":[{"embeddable":true,"href":"https:\/\/eventos.ifbaiano.edu.br\/portal\/5-reneabi\/wp-json\/wp\/v2\/comments?post=120"}],"version-history":[{"count":5,"href":"https:\/\/eventos.ifbaiano.edu.br\/portal\/5-reneabi\/wp-json\/wp\/v2\/pages\/120\/revisions"}],"predecessor-version":[{"id":268,"href":"https:\/\/eventos.ifbaiano.edu.br\/portal\/5-reneabi\/wp-json\/wp\/v2\/pages\/120\/revisions\/268"}],"wp:attachment":[{"href":"https:\/\/eventos.ifbaiano.edu.br\/portal\/5-reneabi\/wp-json\/wp\/v2\/media?parent=120"}],"curies":[{"name":"wp","href":"https:\/\/api.w.org\/{rel}","templated":true}]}}