{"id":11,"date":"2025-04-08T11:46:20","date_gmt":"2025-04-08T14:46:20","guid":{"rendered":"https:\/\/eventos.ifbaiano.edu.br\/portal\/5-reneabi\/?page_id=11"},"modified":"2025-05-07T14:30:10","modified_gmt":"2025-05-07T17:30:10","slug":"inicio","status":"publish","type":"page","link":"https:\/\/eventos.ifbaiano.edu.br\/portal\/5-reneabi\/","title":{"rendered":"In\u00edcio"},"content":{"rendered":"\n<p class=\"has-background has-medium-font-size\" style=\"background-color:#ebd3b5\">Tema: <strong>Ensino, Pesquisa e Extens\u00e3o como Instrumentos de Cidadania Plena e Enfrentamento ao Racismo<\/strong><\/p>\n\n\n\n<div class=\"wp-block-columns is-not-stacked-on-mobile align-center is-layout-flex wp-container-core-columns-is-layout-1 wp-block-columns-is-layout-flex\">\n<div class=\"wp-block-column is-vertically-aligned-center is-layout-flow wp-block-column-is-layout-flow\" style=\"flex-basis:7%\">\n<div class=\"wp-block-outermost-icon-block items-justified-center\"><div class=\"icon-container\" style=\"width:50px;transform:rotate(0deg) scaleX(1) scaleY(1)\"><svg data-slot=\"icon\" fill=\"none\" stroke-width=\"1.5\" stroke=\"#b42729\" viewBox=\"0 0 24 24\" xmlns=\"http:\/\/www.w3.org\/2000\/svg\" aria-hidden=\"true\"><path stroke-linecap=\"round\" stroke-linejoin=\"round\" d=\"M6.75 3v2.25M17.25 3v2.25M3 18.75V7.5a2.25 2.25 0 0 1 2.25-2.25h13.5A2.25 2.25 0 0 1 21 7.5v11.25m-18 0A2.25 2.25 0 0 0 5.25 21h13.5A2.25 2.25 0 0 0 21 18.75m-18 0v-7.5A2.25 2.25 0 0 1 5.25 9h13.5A2.25 2.25 0 0 1 21 11.25v7.5m-9-6h.008v.008H12v-.008ZM12 15h.008v.008H12V15Zm0 2.25h.008v.008H12v-.008ZM9.75 15h.008v.008H9.75V15Zm0 2.25h.008v.008H9.75v-.008ZM7.5 15h.008v.008H7.5V15Zm0 2.25h.008v.008H7.5v-.008Zm6.75-4.5h.008v.008h-.008v-.008Zm0 2.25h.008v.008h-.008V15Zm0 2.25h.008v.008h-.008v-.008Zm2.25-4.5h.008v.008H16.5v-.008Zm0 2.25h.008v.008H16.5V15Z\"><\/path><\/svg><\/div><\/div>\n<\/div>\n\n\n\n<div class=\"wp-block-column is-vertically-aligned-center is-layout-flow wp-block-column-is-layout-flow\" style=\"flex-basis:90%\">\n<p class=\"has-medium-font-size\"><strong>De 27 a 29 de maio de 2025<\/strong><\/p>\n<\/div>\n<\/div>\n\n\n\n<div class=\"wp-block-columns is-not-stacked-on-mobile align-center is-layout-flex wp-container-core-columns-is-layout-2 wp-block-columns-is-layout-flex\">\n<div class=\"wp-block-column is-vertically-aligned-center is-layout-flow wp-block-column-is-layout-flow\" style=\"flex-basis:7%\">\n<div class=\"wp-block-outermost-icon-block items-justified-center\"><div class=\"icon-container\" style=\"width:50px;transform:rotate(0deg) scaleX(1) scaleY(1)\"><svg data-slot=\"icon\" fill=\"none\" stroke-width=\"1.5\" stroke=\"#b42729\" viewBox=\"0 0 24 24\" xmlns=\"http:\/\/www.w3.org\/2000\/svg\" aria-hidden=\"true\"><path stroke-linecap=\"round\" stroke-linejoin=\"round\" d=\"M15 10.5a3 3 0 1 1-6 0 3 3 0 0 1 6 0Z\"><\/path><path stroke-linecap=\"round\" stroke-linejoin=\"round\" d=\"M19.5 10.5c0 7.142-7.5 11.25-7.5 11.25S4.5 17.642 4.5 10.5a7.5 7.5 0 1 1 15 0Z\"><\/path><\/svg><\/div><\/div>\n<\/div>\n\n\n\n<div class=\"wp-block-column is-vertically-aligned-center is-layout-flow wp-block-column-is-layout-flow\" style=\"flex-basis:90%\">\n<p class=\"has-medium-font-size\"><strong>IF Baiano &#8211; Unidade Administrativa Jo\u00e3o Batista<\/strong> <strong>e nos <em>Campi<\/em><\/strong><\/p>\n<\/div>\n<\/div>\n\n\n\n<p>O <strong>V Encontro da Rede dos NEABIs<\/strong> do IF Baiano ser\u00e1 realizada em formato h\u00edbrido e multicampi, com programa\u00e7\u00e3o centralizada no pr\u00e9dio administrativo Jo\u00e3o Batista (JB), em Salvador\/BA, transmiss\u00e3o simult\u00e2nea e atividades presenciais distribu\u00eddas em todos os campi.<\/p>\n\n\n\n<p><strong>Acessibilidade:<\/strong> O evento contar\u00e1 com int\u00e9rpretes de Libras nas mesas e confer\u00eancias, garantindo acessibilidade para surdos, e audiodescri\u00e7\u00e3o, para atender pessoas com defici\u00eancias visual.<\/p>\n\n\n\n<p><strong>Apoio: <\/strong>O encontro teve seu financiamento aprovado por meio da Chamada CNPq\/MIR n\u00ba 02\/2024,que apoiou a eventos cient\u00edficos relacionados \u00e0 quest\u00e3o racial e a suas pol\u00edticas p\u00fablicas. Al\u00e9m de contar com contrapartidas do IF Baiano, suporte da Coordena\u00e7\u00e3o de Pol\u00edticas de A\u00e7\u00f5es Afirmativas, Equidade e Diversidade (CPAAED) e da Pr\u00f3-Reitoria de Ensino (PROEN).<\/p>\n\n\n\n<p><strong>Programa\u00e7\u00e3o e inscri\u00e7\u00f5es:<\/strong> Aqui no site,  voc\u00ea encontra a <strong><a href=\"https:\/\/eventos.ifbaiano.edu.br\/portal\/5-reneabi\/programacao\/\" data-type=\"page\" data-id=\"38\">programa\u00e7\u00e3o completa<\/a><\/strong>, realiza sua <strong><a href=\"https:\/\/eventos.ifbaiano.edu.br\/portal\/5-reneabi\/inscricao\/\">inscri\u00e7\u00e3o<\/a><\/strong> e confere as normas para participa\u00e7\u00e3o nas <strong>oficinas<\/strong> e <strong>sess\u00f5es tem\u00e1ticas<\/strong>.<\/p>\n\n\n\n<p><strong><a href=\"https:\/\/eventos.ifbaiano.edu.br\/portal\/5-reneabi\/apresentacao-do-evento\/\">Clique aqui para saber mais sobre o V RENEABI<\/a>.<\/strong> <\/p>\n\n\n\n<p><\/p>\n","protected":false},"excerpt":{"rendered":"<p>Tema: Ensino, Pesquisa e Extens\u00e3o como Instrumentos de Cidadania Plena e Enfrentamento ao Racismo De 27 a 29 de maio de 2025 IF Baiano &#8211; Unidade Administrativa Jo\u00e3o Batista e nos Campi O V Encontro da Rede dos NEABIs do IF Baiano ser\u00e1 realizada em formato h\u00edbrido e multicampi, com programa\u00e7\u00e3o centralizada no pr\u00e9dio administrativo &#8230; <a title=\"In\u00edcio\" class=\"read-more\" href=\"https:\/\/eventos.ifbaiano.edu.br\/portal\/5-reneabi\/\" aria-label=\"Read more about In\u00edcio\">Ler mais<\/a><\/p>\n","protected":false},"author":20,"featured_media":0,"parent":0,"menu_order":0,"comment_status":"closed","ping_status":"closed","template":"","meta":{"footnotes":""},"_links":{"self":[{"href":"https:\/\/eventos.ifbaiano.edu.br\/portal\/5-reneabi\/wp-json\/wp\/v2\/pages\/11"}],"collection":[{"href":"https:\/\/eventos.ifbaiano.edu.br\/portal\/5-reneabi\/wp-json\/wp\/v2\/pages"}],"about":[{"href":"https:\/\/eventos.ifbaiano.edu.br\/portal\/5-reneabi\/wp-json\/wp\/v2\/types\/page"}],"author":[{"embeddable":true,"href":"https:\/\/eventos.ifbaiano.edu.br\/portal\/5-reneabi\/wp-json\/wp\/v2\/users\/20"}],"replies":[{"embeddable":true,"href":"https:\/\/eventos.ifbaiano.edu.br\/portal\/5-reneabi\/wp-json\/wp\/v2\/comments?post=11"}],"version-history":[{"count":22,"href":"https:\/\/eventos.ifbaiano.edu.br\/portal\/5-reneabi\/wp-json\/wp\/v2\/pages\/11\/revisions"}],"predecessor-version":[{"id":269,"href":"https:\/\/eventos.ifbaiano.edu.br\/portal\/5-reneabi\/wp-json\/wp\/v2\/pages\/11\/revisions\/269"}],"wp:attachment":[{"href":"https:\/\/eventos.ifbaiano.edu.br\/portal\/5-reneabi\/wp-json\/wp\/v2\/media?parent=11"}],"curies":[{"name":"wp","href":"https:\/\/api.w.org\/{rel}","templated":true}]}}