{"id":109,"date":"2025-04-14T14:10:46","date_gmt":"2025-04-14T17:10:46","guid":{"rendered":"https:\/\/eventos.ifbaiano.edu.br\/portal\/5-reneabi\/?page_id=109"},"modified":"2025-05-20T16:35:25","modified_gmt":"2025-05-20T19:35:25","slug":"29-de-maio","status":"publish","type":"page","link":"https:\/\/eventos.ifbaiano.edu.br\/portal\/5-reneabi\/programacao\/29-de-maio\/","title":{"rendered":"29 de maio"},"content":{"rendered":"\n<figure class=\"wp-block-table is-style-regular has-medium-font-size\"><table class=\"has-contrast-color has-text-color has-background has-link-color\" style=\"background-color:#fffaf0\"><thead><tr><th><strong>HOR\u00c1RIO<\/strong><\/th><th><strong>ATIVIDADE<\/strong><\/th><th><strong>LOCAL<\/strong><\/th><\/tr><\/thead><tbody><tr><td>08 \u00e0s 09h30<\/td><td><strong>Sess\u00f5es tem\u00e1ticas &#8211; Multicampi<\/strong><br>Sess\u00e3o Tem\u00e1tica 1 &#8211; Racismo Institucional e Estrat\u00e9gias de Enfrentamento<br>Sess\u00e3o Tem\u00e1tica 2 &#8211; Interseccionalidade e Pol\u00edticas Afirmativas no Ensino T\u00e9cnico<\/td><td><em><em>Em todos os campi<\/em><\/em><\/td><\/tr><tr><td>10h \u00e0s 11h30<\/td><td><strong>Sess\u00f5es tem\u00e1ticas &#8211; Multicampi<br><\/strong>Sess\u00e3o Tem\u00e1tica 3 &#8211; Inova\u00e7\u00e3o e Tecnologias usos para uma Educa\u00e7\u00e3o Antirracista<br>Sess\u00e3o Tem\u00e1tica 4 &#8211; Educa\u00e7\u00e3o Antirracista: Pr\u00e1ticas Pedag\u00f3gicas e Curr\u00edculo<\/td><td><em><em><em>Em todos os campi<\/em><\/em> <\/em><\/td><\/tr><tr><td>09h \u00e0s 11h30<\/td><td><strong>Reuni\u00e3o das coordena\u00e7\u00f5es locais do NEABIs &#8211; Momento II<\/strong><\/td><td><em>No pr\u00e9dio administrativo -JB (Salvador) <\/em><\/td><\/tr><tr><td>12h \u00e0s 13h30<\/td><td>Intervalo para almo\u00e7o<\/td><td><\/td><\/tr><tr><td>14h \u00e0s 15h30<\/td><td><strong>MESA DE ENCERRAMENTO<\/strong>: Desafios para consolida\u00e7\u00e3o de uma educa\u00e7\u00e3o antirracista na Bahia.<br>Composi\u00e7\u00e3o da mesa: Prof. Dr. Chintamani Alves (NEABI IF Baiano); Priscila Uzeda (NEABI IFBA); Val\u00e9ria Catarina Lima (Instituto da Mulher Negra M\u00e3e Hilda Jitolu), Anderson Oliveira (representa\u00e7\u00e3o discente &#8211; DCE),  SEPROMI \/Bahia. Moderadora: Dra. Rosane Santos.<\/td><td><em>No pr\u00e9dio administrativo -JB (Salvador)<\/em>. <em>Com transmiss\u00e3o para todos os campi<\/em><\/td><\/tr><tr><td>15h30 \u00e0s 17h<\/td><td><strong><strong>Momento cultural e encerramento<\/strong><\/strong><\/td><td><em>No pr\u00e9dio administrativo -JB (Salvador) <\/em><\/td><\/tr><\/tbody><\/table><\/figure>\n\n\n\n<h2 class=\"wp-block-heading\">Programa\u00e7\u00e3o por Campus<\/h2>\n\n\n\n<p><a href=\"#governador-mangabeira\">Governador Mangabeira<\/a> | <a href=\"#itapetinga\">Itapetinga<\/a> | <a href=\"#xique-xique\">Xique-Xique<\/a><\/p>\n\n\n\n<div id=\"governador-mangabeira\" class=\"wp-block-group\"><div class=\"wp-block-group__inner-container is-layout-constrained wp-block-group-is-layout-constrained\">\n<h3 class=\"wp-block-heading\">Campus Governador Mangabeira<\/h3>\n\n\n\n<p>Programa\u00e7\u00e3o da oficina no campus.<\/p>\n\n\n\n<figure class=\"wp-block-table\"><table><tbody><tr><td>14h \u00e0s 16h<\/td><td>Pensamento Ubuntu e o Projeto de Vida<br>da(o) Estudante<\/td><td>S\u00edlvia Fernanda Sales dos Santos<\/td><\/tr><\/tbody><\/table><\/figure>\n<\/div><\/div>\n\n\n\n<div id=\"itapetinga\" class=\"wp-block-group\"><div class=\"wp-block-group__inner-container is-layout-constrained wp-block-group-is-layout-constrained\">\n<h3 class=\"wp-block-heading\">Campus Itapetinga<\/h3>\n\n\n\n<p>Programa\u00e7\u00e3o da oficina no campus.<\/p>\n\n\n\n<figure class=\"wp-block-table\"><table><tbody><tr><td>10h30 \u00e0s 11h30<\/td><td>Capoeira: ra\u00edzes quilombo<\/td><td>Mestre Val\u00e9rio do Nascimento e Prof. Vagner Saiajin<\/td><\/tr><\/tbody><\/table><\/figure>\n<\/div><\/div>\n\n\n\n<div id=\"xique-xique\" class=\"wp-block-group\"><div class=\"wp-block-group__inner-container is-layout-constrained wp-block-group-is-layout-constrained\">\n<h3 class=\"wp-block-heading\">Campus Xique-Xique<\/h3>\n\n\n\n<p>Programa\u00e7\u00e3o da oficina no campus.<\/p>\n\n\n\n<figure class=\"wp-block-table\"><table><tbody><tr><td>11h \u00e0s 12h<\/td><td>Territ\u00f3rios do Corpo: Dan\u00e7as afro-brasileiras e<br> saberes ancestrais<\/td><td>Milena Sampaio Nascimento<\/td><\/tr><\/tbody><\/table><\/figure>\n<\/div><\/div>\n\n\n\n<script>\r\ndocument.querySelectorAll('a[href^=\"#\"]').forEach(anchor => {\r\n  anchor.addEventListener('click', function(e) {\r\n    e.preventDefault();\r\n    const target = document.querySelector(this.getAttribute('href'));\r\n    if (target) {\r\n      target.scrollIntoView({ behavior: 'smooth' });\r\n    }\r\n  });\r\n});\r\n<\/script>\n","protected":false},"excerpt":{"rendered":"<p>HOR\u00c1RIO ATIVIDADE LOCAL 08 \u00e0s 09h30 Sess\u00f5es tem\u00e1ticas &#8211; MulticampiSess\u00e3o Tem\u00e1tica 1 &#8211; Racismo Institucional e Estrat\u00e9gias de EnfrentamentoSess\u00e3o Tem\u00e1tica 2 &#8211; Interseccionalidade e Pol\u00edticas Afirmativas no Ensino T\u00e9cnico Em todos os campi 10h \u00e0s 11h30 Sess\u00f5es tem\u00e1ticas &#8211; MulticampiSess\u00e3o Tem\u00e1tica 3 &#8211; Inova\u00e7\u00e3o e Tecnologias usos para uma Educa\u00e7\u00e3o AntirracistaSess\u00e3o Tem\u00e1tica 4 &#8211; Educa\u00e7\u00e3o &#8230; <a title=\"29 de maio\" class=\"read-more\" href=\"https:\/\/eventos.ifbaiano.edu.br\/portal\/5-reneabi\/programacao\/29-de-maio\/\" aria-label=\"Read more about 29 de maio\">Ler mais<\/a><\/p>\n","protected":false},"author":43,"featured_media":0,"parent":38,"menu_order":0,"comment_status":"closed","ping_status":"closed","template":"","meta":{"footnotes":""},"_links":{"self":[{"href":"https:\/\/eventos.ifbaiano.edu.br\/portal\/5-reneabi\/wp-json\/wp\/v2\/pages\/109"}],"collection":[{"href":"https:\/\/eventos.ifbaiano.edu.br\/portal\/5-reneabi\/wp-json\/wp\/v2\/pages"}],"about":[{"href":"https:\/\/eventos.ifbaiano.edu.br\/portal\/5-reneabi\/wp-json\/wp\/v2\/types\/page"}],"author":[{"embeddable":true,"href":"https:\/\/eventos.ifbaiano.edu.br\/portal\/5-reneabi\/wp-json\/wp\/v2\/users\/43"}],"replies":[{"embeddable":true,"href":"https:\/\/eventos.ifbaiano.edu.br\/portal\/5-reneabi\/wp-json\/wp\/v2\/comments?post=109"}],"version-history":[{"count":8,"href":"https:\/\/eventos.ifbaiano.edu.br\/portal\/5-reneabi\/wp-json\/wp\/v2\/pages\/109\/revisions"}],"predecessor-version":[{"id":387,"href":"https:\/\/eventos.ifbaiano.edu.br\/portal\/5-reneabi\/wp-json\/wp\/v2\/pages\/109\/revisions\/387"}],"up":[{"embeddable":true,"href":"https:\/\/eventos.ifbaiano.edu.br\/portal\/5-reneabi\/wp-json\/wp\/v2\/pages\/38"}],"wp:attachment":[{"href":"https:\/\/eventos.ifbaiano.edu.br\/portal\/5-reneabi\/wp-json\/wp\/v2\/media?parent=109"}],"curies":[{"name":"wp","href":"https:\/\/api.w.org\/{rel}","templated":true}]}}