{"id":25,"date":"2021-09-02T17:08:17","date_gmt":"2021-09-02T20:08:17","guid":{"rendered":"https:\/\/eventos.ifbaiano.edu.br\/portal\/4-seminario-sisal-serrinha\/?page_id=25"},"modified":"2023-11-13T09:54:02","modified_gmt":"2023-11-13T12:54:02","slug":"submissao-de-trabalhos","status":"publish","type":"page","link":"https:\/\/eventos.ifbaiano.edu.br\/portal\/4-seminario-sisal-serrinha\/submissao-de-trabalhos\/","title":{"rendered":"Submiss\u00e3o de trabalhos"},"content":{"rendered":"\n<h3 class=\"wp-block-heading\">Per\u00edodo de submiss\u00e3o: 27 de Setembro a 20 de Novembro 2023<\/h3>\n\n\n\n<div style=\"margin-top: 8px;padding: 10px 10px;background: #f3a51f;color: #1e241a;font-size: medium;font-weight: bold;text-align: center\"><a style=\"text-decoration: none;color: #1e241a\" href=\"https:\/\/www.revista.lapprudes.net\/index.php\/CM\" target=\"_blank\" rel=\"noopener\">SUBMETER TRABALHO<\/a><\/div>\n\n\n\n<hr class=\"wp-block-separator has-text-color has-css-opacity has-background\" style=\"background-color:#ffdfdf;color:#ffdfdf\" \/>\n\n\n\n<p>Est\u00e1 aberta a submiss\u00e3o de trabalhos para o <strong>VI Semin\u00e1rio do Sisal <\/strong>de <strong>27\/09 a 12\/11<\/strong>, em duas modalidades: <strong>Resumos Expandidos<\/strong> e <strong>Relatos de Experi\u00eancias<\/strong>, ligados as seguintes \u00e1reas tem\u00e1ticas:<\/p>\n\n\n\n<ul>\n<li>Ci\u00eancias biol\u00f3gicas, Agroecologia e Meio ambiente;<\/li>\n\n\n\n<li>Educa\u00e7\u00e3o, cultura e sociedade;<\/li>\n\n\n\n<li>Agroind\u00fastria e alimentos;<\/li>\n\n\n\n<li>Cooperativismo e Economia Solid\u00e1ria;<\/li>\n\n\n\n<li>Ci\u00eancias Agr\u00e1rias;<\/li>\n\n\n\n<li>Gest\u00e3o, tecnologias e processos;<\/li>\n\n\n\n<li>Linguagens, alfabetiza\u00e7\u00e3o e inclus\u00e3o; e<\/li>\n\n\n\n<li>Ci\u00eancias exatas e da terra.<\/li>\n<\/ul>\n\n\n\n<p>As submiss\u00f5es devem ser realizadas na plataforma da revista <a href=\"https:\/\/www.revista.lapprudes.net\/index.php\/CM\" target=\"_blank\" rel=\"noreferrer noopener\"><strong>CADERNOS MACAMBIRA<\/strong><\/a>, que ficar\u00e1 respons\u00e1vel pela publica\u00e7\u00e3o dos anais.<\/p>\n\n\n\n<p>As apresenta\u00e7\u00f5es ocorrer\u00e3o presencialmente nos dias de realiza\u00e7\u00e3o do evento (27 a 29 de novembro de 2023) no IF Baiano Campus Serrinha.<\/p>\n\n\n\n<p>Recomendamos aos\/as interessados a baixarem os <strong>templates<\/strong> de submiss\u00e3o disponibilizados abaixo, verificarem as orienta\u00e7\u00f5es de formata\u00e7\u00e3o e as normas de submiss\u00e3o.<\/p>\n\n\n\n<p>Aguardamos a submiss\u00e3o dos seus trabalhos.<\/p>\n\n\n\n<div class=\"wp-block-file\"><a id=\"wp-block-file--media-94459043-3e53-467b-b3d9-d63a57a87227\" href=\"https:\/\/eventos.ifbaiano.edu.br\/portal\/4-seminario-sisal-serrinha\/files\/2023\/09\/VI-SeminariodoSisal-Modelo-Resumo-expandido.docx\" target=\"_blank\" rel=\"noreferrer noopener\">VI Semin\u00e1rio do Sisal &#8211; Modelo Resumo expandido<\/a><\/div>\n\n\n\n<div class=\"wp-block-file\"><a id=\"wp-block-file--media-8eefc7fa-2bde-4dca-8ef4-f65ec542aa07\" href=\"https:\/\/eventos.ifbaiano.edu.br\/portal\/4-seminario-sisal-serrinha\/files\/2023\/09\/VI-SeminariodoSisal-Modelo-Relatos-de-experiencias.docx\" target=\"_blank\" rel=\"noreferrer noopener\">VI Semin\u00e1rio do Sisal &#8211; Modelo Relatos de experi\u00eancias<\/a><\/div>\n\n\n\n<div class=\"wp-block-file\"><a id=\"wp-block-file--media-0ea87f9b-c956-478d-bbb2-1ac59fdb1948\" href=\"https:\/\/eventos.ifbaiano.edu.br\/portal\/4-seminario-sisal-serrinha\/files\/2023\/09\/Modelo-Banner-VIseminariodosisal.pptx\" target=\"_blank\" rel=\"noreferrer noopener\">VI Semin\u00e1rio do Sisal &#8211; Modelo Banner<\/a><\/div>\n\n\n\n<div class=\"wp-block-file\"><a id=\"wp-block-file--media-7530b897-169e-4a6a-a80d-8b827220cee8\" href=\"https:\/\/eventos.ifbaiano.edu.br\/portal\/4-seminario-sisal-serrinha\/files\/2023\/09\/Modelo-Apresentacao-oral-VIseminario-sisal-1.pptx\" target=\"_blank\" rel=\"noreferrer noopener\">VI Semin\u00e1rio do Sisal &#8211; Modelo Apresenta\u00e7\u00e3o Oral<\/a><\/div>\n\n\n\n<div class=\"wp-block-file\"><a id=\"wp-block-file--media-55540f74-e74e-4678-94c6-09981e6b3d4a\" href=\"https:\/\/eventos.ifbaiano.edu.br\/portal\/4-seminario-sisal-serrinha\/files\/2023\/09\/Tutorial-de-submissao-novo.pdf\" target=\"_blank\" rel=\"noreferrer noopener\">Tutorial de Submiss\u00e3o de Trabalho em PDF<\/a><\/div>\n\n\n\n<p><a rel=\"noreferrer noopener\" href=\"https:\/\/www.youtube.com\/watch?v=An9ir57quyQ\" target=\"_blank\">Tutorial em <a rel=\"noreferrer noopener\" href=\"https:\/\/www.youtube.com\/watch?v=An9ir57quyQ\" target=\"_blank\">V\u00eddeo<\/a><\/a><\/p>\n","protected":false},"excerpt":{"rendered":"<p>Per\u00edodo de submiss\u00e3o: 27 de Setembro a 20 de Novembro 2023 SUBMETER TRABALHO Est\u00e1 aberta a submiss\u00e3o de trabalhos para o VI Semin\u00e1rio do Sisal de 27\/09 a 12\/11, em duas modalidades: Resumos Expandidos e Relatos de Experi\u00eancias, ligados as seguintes \u00e1reas tem\u00e1ticas: As submiss\u00f5es devem ser realizadas na plataforma da revista CADERNOS MACAMBIRA, que&hellip;&nbsp;<a href=\"https:\/\/eventos.ifbaiano.edu.br\/portal\/4-seminario-sisal-serrinha\/submissao-de-trabalhos\/\" rel=\"bookmark\">Continue a ler &raquo;<span class=\"screen-reader-text\">Submiss\u00e3o de trabalhos<\/span><\/a><\/p>\n","protected":false},"author":20,"featured_media":0,"parent":0,"menu_order":0,"comment_status":"closed","ping_status":"closed","template":"","meta":{"neve_meta_sidebar":"","neve_meta_container":"","neve_meta_enable_content_width":"","neve_meta_content_width":0,"neve_meta_title_alignment":"","neve_meta_author_avatar":"","neve_post_elements_order":"","neve_meta_disable_header":"","neve_meta_disable_footer":"","neve_meta_disable_title":"","footnotes":""},"_links":{"self":[{"href":"https:\/\/eventos.ifbaiano.edu.br\/portal\/4-seminario-sisal-serrinha\/wp-json\/wp\/v2\/pages\/25"}],"collection":[{"href":"https:\/\/eventos.ifbaiano.edu.br\/portal\/4-seminario-sisal-serrinha\/wp-json\/wp\/v2\/pages"}],"about":[{"href":"https:\/\/eventos.ifbaiano.edu.br\/portal\/4-seminario-sisal-serrinha\/wp-json\/wp\/v2\/types\/page"}],"author":[{"embeddable":true,"href":"https:\/\/eventos.ifbaiano.edu.br\/portal\/4-seminario-sisal-serrinha\/wp-json\/wp\/v2\/users\/20"}],"replies":[{"embeddable":true,"href":"https:\/\/eventos.ifbaiano.edu.br\/portal\/4-seminario-sisal-serrinha\/wp-json\/wp\/v2\/comments?post=25"}],"version-history":[{"count":23,"href":"https:\/\/eventos.ifbaiano.edu.br\/portal\/4-seminario-sisal-serrinha\/wp-json\/wp\/v2\/pages\/25\/revisions"}],"predecessor-version":[{"id":165,"href":"https:\/\/eventos.ifbaiano.edu.br\/portal\/4-seminario-sisal-serrinha\/wp-json\/wp\/v2\/pages\/25\/revisions\/165"}],"wp:attachment":[{"href":"https:\/\/eventos.ifbaiano.edu.br\/portal\/4-seminario-sisal-serrinha\/wp-json\/wp\/v2\/media?parent=25"}],"curies":[{"name":"wp","href":"https:\/\/api.w.org\/{rel}","templated":true}]}}