{"id":23,"date":"2021-09-02T17:04:32","date_gmt":"2021-09-02T20:04:32","guid":{"rendered":"https:\/\/eventos.ifbaiano.edu.br\/portal\/4-seminario-sisal-serrinha\/?page_id=23"},"modified":"2023-11-21T15:40:05","modified_gmt":"2023-11-21T18:40:05","slug":"programacao","status":"publish","type":"page","link":"https:\/\/eventos.ifbaiano.edu.br\/portal\/4-seminario-sisal-serrinha\/programacao\/","title":{"rendered":"Programa\u00e7\u00e3o"},"content":{"rendered":"\n<div class=\"wp-block-file\"><a id=\"wp-block-file--media-6575a59a-3f19-407a-81fc-1bc3b675bd29\" href=\"https:\/\/eventos.ifbaiano.edu.br\/portal\/4-seminario-sisal-serrinha\/files\/2023\/11\/Nova-Programacao-VI-Seminario-Sisal-A4.pdf\" target=\"_blank\" rel=\"noreferrer noopener\">Programa\u00e7\u00e3o &#8211; VI Semin\u00e1rio Sisal <\/a><\/div>\n","protected":false},"excerpt":{"rendered":"","protected":false},"author":20,"featured_media":0,"parent":0,"menu_order":0,"comment_status":"closed","ping_status":"closed","template":"","meta":{"neve_meta_sidebar":"","neve_meta_container":"","neve_meta_enable_content_width":"","neve_meta_content_width":0,"neve_meta_title_alignment":"","neve_meta_author_avatar":"","neve_post_elements_order":"","neve_meta_disable_header":"","neve_meta_disable_footer":"","neve_meta_disable_title":"","footnotes":""},"_links":{"self":[{"href":"https:\/\/eventos.ifbaiano.edu.br\/portal\/4-seminario-sisal-serrinha\/wp-json\/wp\/v2\/pages\/23"}],"collection":[{"href":"https:\/\/eventos.ifbaiano.edu.br\/portal\/4-seminario-sisal-serrinha\/wp-json\/wp\/v2\/pages"}],"about":[{"href":"https:\/\/eventos.ifbaiano.edu.br\/portal\/4-seminario-sisal-serrinha\/wp-json\/wp\/v2\/types\/page"}],"author":[{"embeddable":true,"href":"https:\/\/eventos.ifbaiano.edu.br\/portal\/4-seminario-sisal-serrinha\/wp-json\/wp\/v2\/users\/20"}],"replies":[{"embeddable":true,"href":"https:\/\/eventos.ifbaiano.edu.br\/portal\/4-seminario-sisal-serrinha\/wp-json\/wp\/v2\/comments?post=23"}],"version-history":[{"count":8,"href":"https:\/\/eventos.ifbaiano.edu.br\/portal\/4-seminario-sisal-serrinha\/wp-json\/wp\/v2\/pages\/23\/revisions"}],"predecessor-version":[{"id":168,"href":"https:\/\/eventos.ifbaiano.edu.br\/portal\/4-seminario-sisal-serrinha\/wp-json\/wp\/v2\/pages\/23\/revisions\/168"}],"wp:attachment":[{"href":"https:\/\/eventos.ifbaiano.edu.br\/portal\/4-seminario-sisal-serrinha\/wp-json\/wp\/v2\/media?parent=23"}],"curies":[{"name":"wp","href":"https:\/\/api.w.org\/{rel}","templated":true}]}}