{"id":19,"date":"2021-09-02T16:54:26","date_gmt":"2021-09-02T19:54:26","guid":{"rendered":"https:\/\/eventos.ifbaiano.edu.br\/portal\/4-seminario-sisal-serrinha\/?page_id=19"},"modified":"2023-11-29T10:58:41","modified_gmt":"2023-11-29T13:58:41","slug":"apresentacao","status":"publish","type":"page","link":"https:\/\/eventos.ifbaiano.edu.br\/portal\/4-seminario-sisal-serrinha\/","title":{"rendered":"Apresenta\u00e7\u00e3o"},"content":{"rendered":"\n<p align=\"justify\">O VI Semin\u00e1rio de Pesquisa, Extens\u00e3o, Inova\u00e7\u00e3o e Cultura do Territ\u00f3rio do Sisal ser\u00e1 realizado, nos dias 27, 28 e 29 de novembro de 2023, por servidores e estudantes IF Baiano, Campus Serrinha, em celebra\u00e7\u00e3o ao M\u00eas Nacional da Ci\u00eancia, Tecnologia e Inova\u00e7\u00e3o.<\/p>\n\n\n\n<p align=\"justify\">Neste ano, o evento abordar\u00e1 o tema \u201cPol\u00edticas p\u00fablicas e ci\u00eancias para o desenvolvimento sustent\u00e1vel\u201d, com o objetivo de reunir professores, estudantes e pesquisadores do Campus Serrinha e de outras unidades do IF Baiano, como tamb\u00e9m de outras institui\u00e7\u00f5es de educa\u00e7\u00e3o e pesquisa da Bahia, para debaterem sobre a conjuntura das pol\u00edticas p\u00fablicas e a colabora\u00e7\u00e3o das ci\u00eancias no vi\u00e9s da sustentabilidade, dando voz aos atores de diversas institui\u00e7\u00f5es espalhadas pelos territ\u00f3rios baianos. O intuito \u00e9 proporcionar espa\u00e7os de discuss\u00f5es sobre a\u00e7\u00f5es de sucesso que vem sendo desenvolvidas, bem como os desafios futuros para a tem\u00e1tica.<\/p>\n\n\n\n<p align=\"justify\">Durante o evento, al\u00e9m das confer\u00eancias e apresenta\u00e7\u00f5es culturais, acontecer\u00e3o minicursos e apresenta\u00e7\u00f5es de trabalhos diversos (relatos de experi\u00eancia, de projetos de pesquisa, extens\u00e3o, projetos integradores, projetos de ensino, entre outros), que ser\u00e3o submetidos \u00e0 organiza\u00e7\u00e3o do evento, na forma de resumo expandido.<\/p>\n\n\n\n<p align=\"justify\">O evento ser\u00e1 100% presencial e acontecer\u00e1 no IF Baiano Campus Serrinha.<\/p>\n\n\n\n<div class=\"wp-block-file\"><a id=\"wp-block-file--media-91f5e967-b83f-4079-8dad-95aad5d2576b\" href=\"https:\/\/eventos.ifbaiano.edu.br\/portal\/4-seminario-sisal-serrinha\/files\/2023\/11\/CERTIFICADOS_INFORMACOES.pdf\" target=\"_blank\" rel=\"noreferrer noopener\">INFORMA\u00c7\u00d5ES SOBRE ENVIO DE CERTIFICADOS<\/a><\/div>\n\n\n\n<p><strong>COMISS\u00c3O ORGANIZADORA<\/strong><\/p>\n\n\n\n<p><strong>Servidores<\/strong><\/p>\n\n\n\n<p>Adrielle Souza Le\u00e3o Macedo<br>Ariana Reis Messias Fernandes de Oliveira<br>Carla Teresa dos Santos Marques<br>Cassiana Mendes dos Santos Almeida<br>Denise de Jesus Lemos Ferreira<br>Evanilton da Cruz Silva<br>Erasto Viana Silva Gama<br>Etiene Santiago Carneiro<br>Eudes Oliveira Cunha<br>Francineide Pereira de Jesus<br>Geov\u00e2nio Silva do Nascimento<br>Jonathas Phillipe de Jesus Almeida<br>Joyce Santana Ara\u00fajo<br>Juliana Carvalhais Brito<br>Kerdoval da Silva Souza<br>Maria Aparecida Brito Oliveira<br>Maria Auxiliadora Freitas dos Santos<br>Marcia Eliana Martins<br>Osvaldo Barreto Oliveira Junior<br>Patr\u00edcia Zuti\u00e3o<br>Silvani Silva de Almeida<br>Suellen Nascimento dos Santos<\/p>\n\n\n\n<p><strong>Estudantes<\/strong><\/p>\n\n\n\n<hr>\n\n\n\n<p class=\"has-text-align-center\">PARCERIA<\/p>\n\n\n<div class=\"wp-block-image\">\n<figure class=\"aligncenter size-full is-resized\"><img loading=\"lazy\" decoding=\"async\" src=\"https:\/\/eventos.ifbaiano.edu.br\/portal\/4-seminario-sisal-serrinha\/files\/2021\/10\/Macambira-logo.jpeg\" alt=\"\" class=\"wp-image-80\" width=\"156\" height=\"156\" srcset=\"https:\/\/eventos.ifbaiano.edu.br\/portal\/4-seminario-sisal-serrinha\/files\/2021\/10\/Macambira-logo.jpeg 500w, https:\/\/eventos.ifbaiano.edu.br\/portal\/4-seminario-sisal-serrinha\/files\/2021\/10\/Macambira-logo-300x300.jpeg 300w, https:\/\/eventos.ifbaiano.edu.br\/portal\/4-seminario-sisal-serrinha\/files\/2021\/10\/Macambira-logo-150x150.jpeg 150w\" sizes=\"(max-width: 156px) 100vw, 156px\" \/><\/figure><\/div>","protected":false},"excerpt":{"rendered":"<p>O VI Semin\u00e1rio de Pesquisa, Extens\u00e3o, Inova\u00e7\u00e3o e Cultura do Territ\u00f3rio do Sisal ser\u00e1 realizado, nos dias 27, 28 e 29 de novembro de 2023, por servidores e estudantes IF Baiano, Campus Serrinha, em celebra\u00e7\u00e3o ao M\u00eas Nacional da Ci\u00eancia, Tecnologia e Inova\u00e7\u00e3o. Neste ano, o evento abordar\u00e1 o tema \u201cPol\u00edticas p\u00fablicas e ci\u00eancias para&hellip;&nbsp;<a href=\"https:\/\/eventos.ifbaiano.edu.br\/portal\/4-seminario-sisal-serrinha\/\" rel=\"bookmark\">Continue a ler &raquo;<span class=\"screen-reader-text\">Apresenta\u00e7\u00e3o<\/span><\/a><\/p>\n","protected":false},"author":20,"featured_media":0,"parent":0,"menu_order":0,"comment_status":"closed","ping_status":"closed","template":"","meta":{"neve_meta_sidebar":"","neve_meta_container":"","neve_meta_enable_content_width":"","neve_meta_content_width":0,"neve_meta_title_alignment":"","neve_meta_author_avatar":"","neve_post_elements_order":"","neve_meta_disable_header":"","neve_meta_disable_footer":"","neve_meta_disable_title":"","footnotes":""},"_links":{"self":[{"href":"https:\/\/eventos.ifbaiano.edu.br\/portal\/4-seminario-sisal-serrinha\/wp-json\/wp\/v2\/pages\/19"}],"collection":[{"href":"https:\/\/eventos.ifbaiano.edu.br\/portal\/4-seminario-sisal-serrinha\/wp-json\/wp\/v2\/pages"}],"about":[{"href":"https:\/\/eventos.ifbaiano.edu.br\/portal\/4-seminario-sisal-serrinha\/wp-json\/wp\/v2\/types\/page"}],"author":[{"embeddable":true,"href":"https:\/\/eventos.ifbaiano.edu.br\/portal\/4-seminario-sisal-serrinha\/wp-json\/wp\/v2\/users\/20"}],"replies":[{"embeddable":true,"href":"https:\/\/eventos.ifbaiano.edu.br\/portal\/4-seminario-sisal-serrinha\/wp-json\/wp\/v2\/comments?post=19"}],"version-history":[{"count":10,"href":"https:\/\/eventos.ifbaiano.edu.br\/portal\/4-seminario-sisal-serrinha\/wp-json\/wp\/v2\/pages\/19\/revisions"}],"predecessor-version":[{"id":175,"href":"https:\/\/eventos.ifbaiano.edu.br\/portal\/4-seminario-sisal-serrinha\/wp-json\/wp\/v2\/pages\/19\/revisions\/175"}],"wp:attachment":[{"href":"https:\/\/eventos.ifbaiano.edu.br\/portal\/4-seminario-sisal-serrinha\/wp-json\/wp\/v2\/media?parent=19"}],"curies":[{"name":"wp","href":"https:\/\/api.w.org\/{rel}","templated":true}]}}