{"id":21,"date":"2023-04-04T15:38:27","date_gmt":"2023-04-04T18:38:27","guid":{"rendered":"https:\/\/eventos.ifbaiano.edu.br\/portal\/3seminario-ciencias-ambientais-serrinha\/?page_id=21"},"modified":"2023-04-20T17:30:34","modified_gmt":"2023-04-20T20:30:34","slug":"programacao","status":"publish","type":"page","link":"https:\/\/eventos.ifbaiano.edu.br\/portal\/3seminario-ciencias-ambientais-serrinha\/programacao\/","title":{"rendered":"Programa\u00e7\u00e3o"},"content":{"rendered":"\n<div class=\"wp-block-file\"><a href=\"https:\/\/eventos.ifbaiano.edu.br\/portal\/3seminario-ciencias-ambientais-serrinha\/files\/2023\/04\/Programacao-Final-do-III-SPGCA.pdf\" target=\"_blank\" rel=\"noreferrer noopener\">Programa\u00e7\u00e3o do III SPGCA<\/a><\/div>\n\n\n\n<p><\/p>\n\n\n\n<p><strong>INSCRI\u00c7\u00d5ES PARA AS OFICINAS<\/strong><\/p>\n\n\n\n<p>As inscri\u00e7\u00f5es para as oficinas ser\u00e3o realizadas presencialmente nos dias do evento. Uma equipe especializada estar\u00e1 dispon\u00edvel no campus para atender e direcionar o p\u00fablico. (oficinas com certificado \u2013 ver programa\u00e7\u00e3o)<\/p>\n","protected":false},"excerpt":{"rendered":"<p>INSCRI\u00c7\u00d5ES PARA AS OFICINAS As inscri\u00e7\u00f5es para as oficinas ser\u00e3o realizadas presencialmente nos dias do evento. Uma equipe especializada estar\u00e1 dispon\u00edvel no campus para atender e direcionar o p\u00fablico. (oficinas com certificado \u2013 ver programa\u00e7\u00e3o)<\/p>\n","protected":false},"author":20,"featured_media":0,"parent":0,"menu_order":0,"comment_status":"closed","ping_status":"closed","template":"","meta":{"neve_meta_sidebar":"right","neve_meta_container":"","neve_meta_enable_content_width":"on","neve_meta_content_width":70,"neve_meta_title_alignment":"","neve_meta_author_avatar":"","neve_post_elements_order":"","neve_meta_disable_header":"","neve_meta_disable_footer":"","neve_meta_disable_title":"","footnotes":""},"_links":{"self":[{"href":"https:\/\/eventos.ifbaiano.edu.br\/portal\/3seminario-ciencias-ambientais-serrinha\/wp-json\/wp\/v2\/pages\/21"}],"collection":[{"href":"https:\/\/eventos.ifbaiano.edu.br\/portal\/3seminario-ciencias-ambientais-serrinha\/wp-json\/wp\/v2\/pages"}],"about":[{"href":"https:\/\/eventos.ifbaiano.edu.br\/portal\/3seminario-ciencias-ambientais-serrinha\/wp-json\/wp\/v2\/types\/page"}],"author":[{"embeddable":true,"href":"https:\/\/eventos.ifbaiano.edu.br\/portal\/3seminario-ciencias-ambientais-serrinha\/wp-json\/wp\/v2\/users\/20"}],"replies":[{"embeddable":true,"href":"https:\/\/eventos.ifbaiano.edu.br\/portal\/3seminario-ciencias-ambientais-serrinha\/wp-json\/wp\/v2\/comments?post=21"}],"version-history":[{"count":5,"href":"https:\/\/eventos.ifbaiano.edu.br\/portal\/3seminario-ciencias-ambientais-serrinha\/wp-json\/wp\/v2\/pages\/21\/revisions"}],"predecessor-version":[{"id":43,"href":"https:\/\/eventos.ifbaiano.edu.br\/portal\/3seminario-ciencias-ambientais-serrinha\/wp-json\/wp\/v2\/pages\/21\/revisions\/43"}],"wp:attachment":[{"href":"https:\/\/eventos.ifbaiano.edu.br\/portal\/3seminario-ciencias-ambientais-serrinha\/wp-json\/wp\/v2\/media?parent=21"}],"curies":[{"name":"wp","href":"https:\/\/api.w.org\/{rel}","templated":true}]}}