{"id":19,"date":"2023-04-04T15:37:55","date_gmt":"2023-04-04T18:37:55","guid":{"rendered":"https:\/\/eventos.ifbaiano.edu.br\/portal\/3seminario-ciencias-ambientais-serrinha\/?page_id=19"},"modified":"2023-04-24T11:47:03","modified_gmt":"2023-04-24T14:47:03","slug":"duvidas-frequentes","status":"publish","type":"page","link":"https:\/\/eventos.ifbaiano.edu.br\/portal\/3seminario-ciencias-ambientais-serrinha\/duvidas-frequentes\/","title":{"rendered":"D\u00favidas frequentes"},"content":{"rendered":"\n<div class=\"wp-block-file\"><a href=\"https:\/\/eventos.ifbaiano.edu.br\/portal\/3seminario-ciencias-ambientais-serrinha\/files\/2023\/04\/Orientacao-Inscricoes-III-Seminario-PGCA-IFBaiano.pdf\" target=\"_blank\" rel=\"noreferrer noopener\">Orienta\u00e7\u00e3o Inscri\u00e7\u00f5es III Semin\u00e1rio PGCA IFBaiano<\/a><\/div>\n","protected":false},"excerpt":{"rendered":"","protected":false},"author":20,"featured_media":0,"parent":0,"menu_order":0,"comment_status":"closed","ping_status":"closed","template":"","meta":{"neve_meta_sidebar":"right","neve_meta_container":"","neve_meta_enable_content_width":"on","neve_meta_content_width":70,"neve_meta_title_alignment":"","neve_meta_author_avatar":"","neve_post_elements_order":"","neve_meta_disable_header":"","neve_meta_disable_footer":"","neve_meta_disable_title":"","footnotes":""},"_links":{"self":[{"href":"https:\/\/eventos.ifbaiano.edu.br\/portal\/3seminario-ciencias-ambientais-serrinha\/wp-json\/wp\/v2\/pages\/19"}],"collection":[{"href":"https:\/\/eventos.ifbaiano.edu.br\/portal\/3seminario-ciencias-ambientais-serrinha\/wp-json\/wp\/v2\/pages"}],"about":[{"href":"https:\/\/eventos.ifbaiano.edu.br\/portal\/3seminario-ciencias-ambientais-serrinha\/wp-json\/wp\/v2\/types\/page"}],"author":[{"embeddable":true,"href":"https:\/\/eventos.ifbaiano.edu.br\/portal\/3seminario-ciencias-ambientais-serrinha\/wp-json\/wp\/v2\/users\/20"}],"replies":[{"embeddable":true,"href":"https:\/\/eventos.ifbaiano.edu.br\/portal\/3seminario-ciencias-ambientais-serrinha\/wp-json\/wp\/v2\/comments?post=19"}],"version-history":[{"count":3,"href":"https:\/\/eventos.ifbaiano.edu.br\/portal\/3seminario-ciencias-ambientais-serrinha\/wp-json\/wp\/v2\/pages\/19\/revisions"}],"predecessor-version":[{"id":49,"href":"https:\/\/eventos.ifbaiano.edu.br\/portal\/3seminario-ciencias-ambientais-serrinha\/wp-json\/wp\/v2\/pages\/19\/revisions\/49"}],"wp:attachment":[{"href":"https:\/\/eventos.ifbaiano.edu.br\/portal\/3seminario-ciencias-ambientais-serrinha\/wp-json\/wp\/v2\/media?parent=19"}],"curies":[{"name":"wp","href":"https:\/\/api.w.org\/{rel}","templated":true}]}}