{"id":10,"date":"2023-04-04T15:30:41","date_gmt":"2023-04-04T18:30:41","guid":{"rendered":"https:\/\/eventos.ifbaiano.edu.br\/portal\/3seminario-ciencias-ambientais-serrinha\/?page_id=10"},"modified":"2023-04-20T10:38:13","modified_gmt":"2023-04-20T13:38:13","slug":"pagina-inicial","status":"publish","type":"page","link":"https:\/\/eventos.ifbaiano.edu.br\/portal\/3seminario-ciencias-ambientais-serrinha\/","title":{"rendered":"P\u00e1gina inicial"},"content":{"rendered":"\n<div style=\"height:60px\" aria-hidden=\"true\" class=\"wp-block-spacer\"><\/div>\n\n\n\n<p><strong>APRESENTA\u00c7\u00c3O<\/strong><\/p>\n\n\n\n<p align=\"justify\">O III Semin\u00e1rio do Curso de P\u00f3s-gradua\u00e7\u00e3o em Ci\u00eancias Ambientais \u2013 IFBaiano campus Serrinha-Bahia (III SPGCA) prop\u00f5e a divulga\u00e7\u00e3o e discuss\u00e3o de a\u00e7\u00f5es voltadas para a conserva\u00e7\u00e3o do meio ambiente, focadas no eixo tem\u00e1tico \u2013 TRANSI\u00c7\u00c3O ECOLOGICA JUSTA NO SEMI\u00c1RIDO, na perspectiva de uma forma\u00e7\u00e3o profissional atualizada. Ser\u00e3o dois dias de oficinas, palestras, mesas redondas, atividades culturais exposi\u00e7\u00f5es e viv\u00eancias com a presen\u00e7a de representantes governamentais, profissionais atuantes na \u00e1rea, docentes e pesquisadores que desenvolvem trabalhos em temas relacionados ao eixo.<\/p>\n\n\n\n<p align=\"justify\">O evento acontecer\u00e1 nos dias 25 e 26 de Abril de 2023 no campus do IFBaiano, localizado na Estrada Vicinal de Aparecida, s\/n, Aparecida, munic\u00edpio de Serrinha \u2013 BA, no hor\u00e1rio das 8:00 \u00e0s 17:00 hs.<\/p>\n\n\n\n<p align=\"justify\">A organiza\u00e7\u00e3o do III SPGCA \u00e9 de responsabilidade da 3\u00aa turma do Mestrado Profissional em Ci\u00eancias Ambientais (MPCA) do IF Baiano, Campus Serrinha, sendo sua terceira edi\u00e7\u00e3o em 2023, com abrang\u00eancia regional, caracterizando-se como evento que proporcionar\u00e1 v\u00ednculos entre estudantes de p\u00f3s-gradua\u00e7\u00e3o do programa, a comunidade cient\u00edfica local, estudantes e pesquisadores, al\u00e9m das demais institui\u00e7\u00f5es parceiras e a comunidade externa da regi\u00e3o.<\/p>\n\n\n\n<p>Venha, participe!!! Discutirmos um tema de alta relev\u00e2ncia e import\u00e2ncia requer a presen\u00e7a de todos.<\/p>\n","protected":false},"excerpt":{"rendered":"<p>APRESENTA\u00c7\u00c3O O III Semin\u00e1rio do Curso de P\u00f3s-gradua\u00e7\u00e3o em Ci\u00eancias Ambientais \u2013 IFBaiano campus Serrinha-Bahia (III SPGCA) prop\u00f5e a divulga\u00e7\u00e3o e discuss\u00e3o de a\u00e7\u00f5es voltadas para a conserva\u00e7\u00e3o do meio ambiente, focadas no eixo tem\u00e1tico \u2013 TRANSI\u00c7\u00c3O ECOLOGICA JUSTA NO SEMI\u00c1RIDO, na perspectiva de uma forma\u00e7\u00e3o profissional atualizada. Ser\u00e3o dois dias de oficinas, palestras, mesas&hellip;&nbsp;<a href=\"https:\/\/eventos.ifbaiano.edu.br\/portal\/3seminario-ciencias-ambientais-serrinha\/\" rel=\"bookmark\">Continue a ler &raquo;<span class=\"screen-reader-text\">P\u00e1gina inicial<\/span><\/a><\/p>\n","protected":false},"author":20,"featured_media":0,"parent":0,"menu_order":0,"comment_status":"closed","ping_status":"closed","template":"","meta":{"neve_meta_sidebar":"right","neve_meta_container":"","neve_meta_enable_content_width":"on","neve_meta_content_width":70,"neve_meta_title_alignment":"","neve_meta_author_avatar":"","neve_post_elements_order":"","neve_meta_disable_header":"","neve_meta_disable_footer":"","neve_meta_disable_title":"on","footnotes":""},"_links":{"self":[{"href":"https:\/\/eventos.ifbaiano.edu.br\/portal\/3seminario-ciencias-ambientais-serrinha\/wp-json\/wp\/v2\/pages\/10"}],"collection":[{"href":"https:\/\/eventos.ifbaiano.edu.br\/portal\/3seminario-ciencias-ambientais-serrinha\/wp-json\/wp\/v2\/pages"}],"about":[{"href":"https:\/\/eventos.ifbaiano.edu.br\/portal\/3seminario-ciencias-ambientais-serrinha\/wp-json\/wp\/v2\/types\/page"}],"author":[{"embeddable":true,"href":"https:\/\/eventos.ifbaiano.edu.br\/portal\/3seminario-ciencias-ambientais-serrinha\/wp-json\/wp\/v2\/users\/20"}],"replies":[{"embeddable":true,"href":"https:\/\/eventos.ifbaiano.edu.br\/portal\/3seminario-ciencias-ambientais-serrinha\/wp-json\/wp\/v2\/comments?post=10"}],"version-history":[{"count":4,"href":"https:\/\/eventos.ifbaiano.edu.br\/portal\/3seminario-ciencias-ambientais-serrinha\/wp-json\/wp\/v2\/pages\/10\/revisions"}],"predecessor-version":[{"id":35,"href":"https:\/\/eventos.ifbaiano.edu.br\/portal\/3seminario-ciencias-ambientais-serrinha\/wp-json\/wp\/v2\/pages\/10\/revisions\/35"}],"wp:attachment":[{"href":"https:\/\/eventos.ifbaiano.edu.br\/portal\/3seminario-ciencias-ambientais-serrinha\/wp-json\/wp\/v2\/media?parent=10"}],"curies":[{"name":"wp","href":"https:\/\/api.w.org\/{rel}","templated":true}]}}