{"id":26,"date":"2022-03-29T15:10:44","date_gmt":"2022-03-29T18:10:44","guid":{"rendered":"https:\/\/eventos.ifbaiano.edu.br\/portal\/2seminario-ciencias-ambientais-serrinha\/?page_id=26"},"modified":"2022-04-20T09:30:29","modified_gmt":"2022-04-20T12:30:29","slug":"submissao-de-trabalhos","status":"publish","type":"page","link":"https:\/\/eventos.ifbaiano.edu.br\/portal\/2seminario-ciencias-ambientais-serrinha\/submissao-de-trabalhos\/","title":{"rendered":"Submiss\u00e3o de Trabalhos"},"content":{"rendered":"\n<p><a href=\"https:\/\/eventos.ifbaiano.edu.br\/portal\/2seminario-ciencias-ambientais-serrinha\/files\/2022\/03\/MODELO-DE-SUBMISSAO.docx\" target=\"_blank\" rel=\"noreferrer noopener\">Modelo de Submiss\u00e3o<\/a><\/p>\n\n\n\n<p><a href=\"https:\/\/eventos.ifbaiano.edu.br\/portal\/2seminario-ciencias-ambientais-serrinha\/files\/2022\/03\/1-ORIENTACOES-DE-SUBMISSAO-DE-TRABALHOS-Seminario-de-pos-graduacao.docx.docx\" target=\"_blank\" rel=\"noreferrer noopener\">Orienta\u00e7\u00f5es de Submiss\u00e3o de trabalhos<\/a><\/p>\n\n\n\n<p><a href=\"https:\/\/eventos.ifbaiano.edu.br\/portal\/2seminario-ciencias-ambientais-serrinha\/files\/2022\/03\/2-Orientacao-do-seminario-de-Pos-graduacao-1.docx\" target=\"_blank\" rel=\"noreferrer noopener\">Orienta\u00e7\u00e3o do Semin\u00e1rio de P\u00f3s-Gradua\u00e7\u00e3o<\/a><\/p>\n\n\n\n<p><a href=\"https:\/\/eventos.ifbaiano.edu.br\/portal\/2seminario-ciencias-ambientais-serrinha\/files\/2022\/04\/MODELO_DE_APRESENTACOES_DOS-TRABALHOS_GRAVACAO_DE_VIDEO.pptx\" target=\"_blank\" rel=\"noreferrer noopener\">Modelo de apresenta\u00e7\u00f5es dos trabalhos &#8211; Grava\u00e7\u00e3o de v\u00eddeo<\/a><\/p>\n","protected":false},"excerpt":{"rendered":"<p>Modelo de Submiss\u00e3o Orienta\u00e7\u00f5es de Submiss\u00e3o de trabalhos Orienta\u00e7\u00e3o do Semin\u00e1rio de P\u00f3s-Gradua\u00e7\u00e3o Modelo de apresenta\u00e7\u00f5es dos trabalhos &#8211; Grava\u00e7\u00e3o de v\u00eddeo<\/p>\n","protected":false},"author":20,"featured_media":0,"parent":0,"menu_order":0,"comment_status":"closed","ping_status":"closed","template":"","meta":{"neve_meta_sidebar":"right","neve_meta_container":"","neve_meta_enable_content_width":"on","neve_meta_content_width":70,"neve_meta_title_alignment":"","neve_meta_author_avatar":"","neve_post_elements_order":"","neve_meta_disable_header":"","neve_meta_disable_footer":"","neve_meta_disable_title":"","footnotes":""},"_links":{"self":[{"href":"https:\/\/eventos.ifbaiano.edu.br\/portal\/2seminario-ciencias-ambientais-serrinha\/wp-json\/wp\/v2\/pages\/26"}],"collection":[{"href":"https:\/\/eventos.ifbaiano.edu.br\/portal\/2seminario-ciencias-ambientais-serrinha\/wp-json\/wp\/v2\/pages"}],"about":[{"href":"https:\/\/eventos.ifbaiano.edu.br\/portal\/2seminario-ciencias-ambientais-serrinha\/wp-json\/wp\/v2\/types\/page"}],"author":[{"embeddable":true,"href":"https:\/\/eventos.ifbaiano.edu.br\/portal\/2seminario-ciencias-ambientais-serrinha\/wp-json\/wp\/v2\/users\/20"}],"replies":[{"embeddable":true,"href":"https:\/\/eventos.ifbaiano.edu.br\/portal\/2seminario-ciencias-ambientais-serrinha\/wp-json\/wp\/v2\/comments?post=26"}],"version-history":[{"count":2,"href":"https:\/\/eventos.ifbaiano.edu.br\/portal\/2seminario-ciencias-ambientais-serrinha\/wp-json\/wp\/v2\/pages\/26\/revisions"}],"predecessor-version":[{"id":62,"href":"https:\/\/eventos.ifbaiano.edu.br\/portal\/2seminario-ciencias-ambientais-serrinha\/wp-json\/wp\/v2\/pages\/26\/revisions\/62"}],"wp:attachment":[{"href":"https:\/\/eventos.ifbaiano.edu.br\/portal\/2seminario-ciencias-ambientais-serrinha\/wp-json\/wp\/v2\/media?parent=26"}],"curies":[{"name":"wp","href":"https:\/\/api.w.org\/{rel}","templated":true}]}}