{"id":11,"date":"2022-03-29T14:48:35","date_gmt":"2022-03-29T17:48:35","guid":{"rendered":"https:\/\/eventos.ifbaiano.edu.br\/portal\/2seminario-ciencias-ambientais-serrinha\/?page_id=11"},"modified":"2022-03-30T10:02:56","modified_gmt":"2022-03-30T13:02:56","slug":"pagina-inicial","status":"publish","type":"page","link":"https:\/\/eventos.ifbaiano.edu.br\/portal\/2seminario-ciencias-ambientais-serrinha\/","title":{"rendered":"P\u00e1gina inicial"},"content":{"rendered":"\n<div style=\"height:60px\" aria-hidden=\"true\" class=\"wp-block-spacer\"><\/div>\n\n\n\n<p><strong>APRESENTA\u00c7\u00c3O<\/strong><\/p>\n\n\n\n<p align=\"justify\">Neste novo tempo em que as dist\u00e2ncias se encurtam nas plataformas digitais, os estudantes de n\u00edvel m\u00e9dio e t\u00e9cnico, gradua\u00e7\u00e3o, p\u00f3s-gradua\u00e7\u00e3o do IF Baiano e institui\u00e7\u00f5es parceiras t\u00eam compartilhado suas viv\u00eancias, a promo\u00e7\u00e3o de debates possibilita maior entendimento para populariza\u00e7\u00e3o de experi\u00eancias t\u00e9cnico cient\u00edficas que contribuam para sanar os impactos negativos das a\u00e7\u00f5es do homem sobre os fatores ambientais.<\/p>\n\n\n\n<p align=\"justify\">O II Semin\u00e1rio do Curso de P\u00f3s-Gradua\u00e7\u00e3o em Ci\u00eancias Ambientais do IFBaiano (II SPGCA), ocorrer\u00e1 na modalidade remoto, refletindo sobre o tema central \u201cas a\u00e7\u00f5es antr\u00f3picas e as mudan\u00e7as clim\u00e1ticas\u201d. No intuito de realizarmos uma abordagem interdisciplinar, inclui-se nessa tem\u00e1tica diversos eixos, como: aquecimento global, perda de biodiversidade, desequil\u00edbrios nos ciclos biogeoqu\u00edmicos, degrada\u00e7\u00e3o dos recursos naturais, manejo e conserva\u00e7\u00e3o dos recursos naturais, uso eficiente da \u00e1gua, educa\u00e7\u00e3o e sustentabilidade ambiental.<\/p>\n\n\n\n<p align=\"justify\">A organiza\u00e7\u00e3o do II SPGCA \u00e9 de responsabilidade da 2\u00aa turma do Mestrado Profissional em Ci\u00eancias Ambientais (MPCA) do IF Baiano, Campus Serrinha, sendo sua segunda edi\u00e7\u00e3o em 2022, com abrang\u00eancia nacional, caracterizando-se como evento que proporcionar\u00e1 v\u00ednculos entre estudantes de p\u00f3s-gradua\u00e7\u00e3o do programa, a comunidade cient\u00edfica em geral, as demais institui\u00e7\u00f5es parceiras e a comunidade externa.<\/p>\n\n\n\n<p align=\"justify\">Deste modo, submeta seu trabalho, voc\u00ea \u00e9 nosso(a) convidado(a) a compartilhar experi\u00eancias cient\u00edficas e conhecimentos de forma a contribuir com as discuss\u00f5es que possibilitem uma conviv\u00eancia respeitosa e equilibrada com o meio ambiente, haja vista que o momento de desastres ambientais nos exigem mais conhecimento e responsabilidade.<\/p>\n\n\n\n<p>Inscri\u00e7\u00e3o no evento: 01\/03\/2022 a 25\/04\/2022<\/p>\n\n\n\n<p>Per\u00edodo de submiss\u00e3o de trabalho: 28\/03\/2022 a 20\/04\/2022<\/p>\n\n\n\n<p>E-mail para envio de resumos: evento.mpca.ifbaiano@gmail.com<\/p>\n\n\n\n<p>Acompanhe o evento clicando no link do canal do YouTube:\u00a0<a rel=\"noreferrer noopener\" href=\"https:\/\/www.youtube.com\/channel\/UCWk3Tu4GWK93B_Jl1Ug3ZQQ\" target=\"_blank\">https:\/\/www.youtube.com\/channel\/UCWk3Tu4GWK93B_Jl1Ug3ZQQ<\/a><\/p>\n\n\n\n<hr>\n\n\n\n<p><strong>Parceiros:<\/strong><\/p>\n\n\n\n<div class=\"wp-block-group\"><div class=\"wp-block-group__inner-container is-layout-flow wp-block-group-is-layout-flow\">\n<div><figure class=\"wp-block-image size-full is-resized\"><img loading=\"lazy\" decoding=\"async\" src=\"https:\/\/eventos.ifbaiano.edu.br\/portal\/2seminario-ciencias-ambientais-serrinha\/files\/2022\/03\/Macambira.jpeg\" alt=\"Caderno Macambira\" class=\"wp-image-43\" width=\"137\" height=\"137\" srcset=\"https:\/\/eventos.ifbaiano.edu.br\/portal\/2seminario-ciencias-ambientais-serrinha\/files\/2022\/03\/Macambira.jpeg 500w, https:\/\/eventos.ifbaiano.edu.br\/portal\/2seminario-ciencias-ambientais-serrinha\/files\/2022\/03\/Macambira-300x300.jpeg 300w, https:\/\/eventos.ifbaiano.edu.br\/portal\/2seminario-ciencias-ambientais-serrinha\/files\/2022\/03\/Macambira-150x150.jpeg 150w\" sizes=\"(max-width: 137px) 100vw, 137px\" \/> \n<img loading=\"lazy\" decoding=\"async\" src=\"https:\/\/eventos.ifbaiano.edu.br\/portal\/2seminario-ciencias-ambientais-serrinha\/files\/2022\/03\/UNEB.jpeg\" alt=\"Universidade do Estado da Bahia\" class=\"wp-image-43\" width=\"137\" height=\"137\" \/>\n\n<img loading=\"lazy\" decoding=\"async\" src=\"https:\/\/eventos.ifbaiano.edu.br\/portal\/2seminario-ciencias-ambientais-serrinha\/files\/2022\/03\/Ekosocial.jpeg\" alt=\"Ekosocial Engenharia\" class=\"wp-image-43\" width=\"137\" height=\"137\" \/>\n\n<img loading=\"lazy\" decoding=\"async\" src=\"https:\/\/eventos.ifbaiano.edu.br\/portal\/2seminario-ciencias-ambientais-serrinha\/files\/2022\/03\/CEPEDOC.jpeg\" alt=\"CEPEDOC\" class=\"wp-image-43\" width=\"137\" height=\"137\" \/>\n\n\n<img loading=\"lazy\" decoding=\"async\" src=\"https:\/\/eventos.ifbaiano.edu.br\/portal\/2seminario-ciencias-ambientais-serrinha\/files\/2022\/03\/Inema.jpeg\" alt=\"Instituto do Meio Ambiente e Recursos H\u00eddricos\" class=\"wp-image-43\" width=\"137\" height=\"137\" \/>\n\n<img loading=\"lazy\" decoding=\"async\" src=\"https:\/\/eventos.ifbaiano.edu.br\/portal\/2seminario-ciencias-ambientais-serrinha\/files\/2022\/03\/Limnos.jpeg\" alt=\"LIMNOS\" class=\"wp-image-43\" width=\"137\" height=\"137\" \/>\n\n<img loading=\"lazy\" decoding=\"async\" src=\"https:\/\/eventos.ifbaiano.edu.br\/portal\/2seminario-ciencias-ambientais-serrinha\/files\/2022\/03\/cnpq-logo-7.png\" alt=\"Conselho Nacional de Desenvolvimento Cient\u00edfico e Tecnol\u00f3gico\" class=\"wp-image-43\" width=\"137\" height=\"137\" \/>\n\n<img loading=\"lazy\" decoding=\"async\" src=\"https:\/\/eventos.ifbaiano.edu.br\/portal\/2seminario-ciencias-ambientais-serrinha\/files\/2022\/03\/UNEMAT.jpg\" alt=\"Universidade do Estado do Mato Grosso\" class=\"wp-image-43\" width=\"137\" height=\"137\" \/>\n\n\n<\/figure><\/div>\n\n<\/div><\/div>\n","protected":false},"excerpt":{"rendered":"<p>APRESENTA\u00c7\u00c3O Neste novo tempo em que as dist\u00e2ncias se encurtam nas plataformas digitais, os estudantes de n\u00edvel m\u00e9dio e t\u00e9cnico, gradua\u00e7\u00e3o, p\u00f3s-gradua\u00e7\u00e3o do IF Baiano e institui\u00e7\u00f5es parceiras t\u00eam compartilhado suas viv\u00eancias, a promo\u00e7\u00e3o de debates possibilita maior entendimento para populariza\u00e7\u00e3o de experi\u00eancias t\u00e9cnico cient\u00edficas que contribuam para sanar os impactos negativos das a\u00e7\u00f5es do&hellip;&nbsp;<a href=\"https:\/\/eventos.ifbaiano.edu.br\/portal\/2seminario-ciencias-ambientais-serrinha\/\" rel=\"bookmark\">Continue a ler &raquo;<span class=\"screen-reader-text\">P\u00e1gina inicial<\/span><\/a><\/p>\n","protected":false},"author":20,"featured_media":0,"parent":0,"menu_order":0,"comment_status":"closed","ping_status":"closed","template":"","meta":{"neve_meta_sidebar":"right","neve_meta_container":"","neve_meta_enable_content_width":"on","neve_meta_content_width":70,"neve_meta_title_alignment":"","neve_meta_author_avatar":"","neve_post_elements_order":"","neve_meta_disable_header":"","neve_meta_disable_footer":"","neve_meta_disable_title":"on","footnotes":""},"_links":{"self":[{"href":"https:\/\/eventos.ifbaiano.edu.br\/portal\/2seminario-ciencias-ambientais-serrinha\/wp-json\/wp\/v2\/pages\/11"}],"collection":[{"href":"https:\/\/eventos.ifbaiano.edu.br\/portal\/2seminario-ciencias-ambientais-serrinha\/wp-json\/wp\/v2\/pages"}],"about":[{"href":"https:\/\/eventos.ifbaiano.edu.br\/portal\/2seminario-ciencias-ambientais-serrinha\/wp-json\/wp\/v2\/types\/page"}],"author":[{"embeddable":true,"href":"https:\/\/eventos.ifbaiano.edu.br\/portal\/2seminario-ciencias-ambientais-serrinha\/wp-json\/wp\/v2\/users\/20"}],"replies":[{"embeddable":true,"href":"https:\/\/eventos.ifbaiano.edu.br\/portal\/2seminario-ciencias-ambientais-serrinha\/wp-json\/wp\/v2\/comments?post=11"}],"version-history":[{"count":5,"href":"https:\/\/eventos.ifbaiano.edu.br\/portal\/2seminario-ciencias-ambientais-serrinha\/wp-json\/wp\/v2\/pages\/11\/revisions"}],"predecessor-version":[{"id":53,"href":"https:\/\/eventos.ifbaiano.edu.br\/portal\/2seminario-ciencias-ambientais-serrinha\/wp-json\/wp\/v2\/pages\/11\/revisions\/53"}],"wp:attachment":[{"href":"https:\/\/eventos.ifbaiano.edu.br\/portal\/2seminario-ciencias-ambientais-serrinha\/wp-json\/wp\/v2\/media?parent=11"}],"curies":[{"name":"wp","href":"https:\/\/api.w.org\/{rel}","templated":true}]}}