{"id":485,"date":"2022-02-07T14:18:08","date_gmt":"2022-02-07T17:18:08","guid":{"rendered":"https:\/\/eventos.ifbaiano.edu.br\/portal\/25-anos-campus-santa-ines\/?page_id=485"},"modified":"2022-06-09T08:13:30","modified_gmt":"2022-06-09T11:13:30","slug":"episodio-4-campo","status":"publish","type":"page","link":"https:\/\/eventos.ifbaiano.edu.br\/portal\/25-anos-campus-santa-ines\/documentario\/episodio-4-campo\/","title":{"rendered":"Epis\u00f3dio 4 &#8211; Campo"},"content":{"rendered":"\n<figure class=\"wp-block-embed is-type-video is-provider-youtube wp-block-embed-youtube wp-embed-aspect-16-9 wp-has-aspect-ratio\"><div class=\"wp-block-embed__wrapper\">\n<div class=\"nv-iframe-embed\"><iframe loading=\"lazy\" title=\"Epis\u00f3dio 4 | CAMPO - S\u00e9rie &quot;Mem\u00f3ria e Territ\u00f3rio: 25 anos do IF Baiano \u2013 Campus Santa In\u00eas&quot;\" width=\"1200\" height=\"675\" src=\"https:\/\/www.youtube.com\/embed\/40QjX8hGACU?feature=oembed\" frameborder=\"0\" allow=\"accelerometer; autoplay; clipboard-write; encrypted-media; gyroscope; picture-in-picture\" allowfullscreen><\/iframe><\/div>\n<\/div><\/figure>\n","protected":false},"excerpt":{"rendered":"","protected":false},"author":20,"featured_media":0,"parent":475,"menu_order":0,"comment_status":"closed","ping_status":"closed","template":"","meta":{"neve_meta_sidebar":"full-width","neve_meta_container":"","neve_meta_enable_content_width":"on","neve_meta_content_width":100,"neve_meta_title_alignment":"","neve_meta_author_avatar":"","neve_post_elements_order":"","neve_meta_disable_header":"","neve_meta_disable_footer":"","neve_meta_disable_title":"","footnotes":""},"_links":{"self":[{"href":"https:\/\/eventos.ifbaiano.edu.br\/portal\/25-anos-campus-santa-ines\/wp-json\/wp\/v2\/pages\/485"}],"collection":[{"href":"https:\/\/eventos.ifbaiano.edu.br\/portal\/25-anos-campus-santa-ines\/wp-json\/wp\/v2\/pages"}],"about":[{"href":"https:\/\/eventos.ifbaiano.edu.br\/portal\/25-anos-campus-santa-ines\/wp-json\/wp\/v2\/types\/page"}],"author":[{"embeddable":true,"href":"https:\/\/eventos.ifbaiano.edu.br\/portal\/25-anos-campus-santa-ines\/wp-json\/wp\/v2\/users\/20"}],"replies":[{"embeddable":true,"href":"https:\/\/eventos.ifbaiano.edu.br\/portal\/25-anos-campus-santa-ines\/wp-json\/wp\/v2\/comments?post=485"}],"version-history":[{"count":2,"href":"https:\/\/eventos.ifbaiano.edu.br\/portal\/25-anos-campus-santa-ines\/wp-json\/wp\/v2\/pages\/485\/revisions"}],"predecessor-version":[{"id":495,"href":"https:\/\/eventos.ifbaiano.edu.br\/portal\/25-anos-campus-santa-ines\/wp-json\/wp\/v2\/pages\/485\/revisions\/495"}],"up":[{"embeddable":true,"href":"https:\/\/eventos.ifbaiano.edu.br\/portal\/25-anos-campus-santa-ines\/wp-json\/wp\/v2\/pages\/475"}],"wp:attachment":[{"href":"https:\/\/eventos.ifbaiano.edu.br\/portal\/25-anos-campus-santa-ines\/wp-json\/wp\/v2\/media?parent=485"}],"curies":[{"name":"wp","href":"https:\/\/api.w.org\/{rel}","templated":true}]}}