{"id":471,"date":"2021-09-27T13:48:59","date_gmt":"2021-09-27T16:48:59","guid":{"rendered":"https:\/\/eventos.ifbaiano.edu.br\/portal\/25-anos-campus-santa-ines\/?page_id=471"},"modified":"2021-09-27T13:49:00","modified_gmt":"2021-09-27T16:49:00","slug":"pagina-inicial","status":"publish","type":"page","link":"https:\/\/eventos.ifbaiano.edu.br\/portal\/25-anos-campus-santa-ines\/","title":{"rendered":"P\u00e1gina Inicial"},"content":{"rendered":"\n<p class=\"has-text-align-center\">Em 2021, ainda em meio aos desafios da pandemia de Covid-19, o <em>Campus <\/em><em>Santa In\u00eas<\/em> do Instituto Federal Baiano completou 25 anos de uma hist\u00f3ria dedicada \u00e0 educa\u00e7\u00e3o p\u00fablica, gratuita, de qualidade, e atenta \u00e0s voca\u00e7\u00f5es do <strong>Territ\u00f3rio do <\/strong><strong>Vale do Jiquiri\u00e7\u00e1<\/strong>.<\/p>\n\n\n\n<p class=\"has-text-align-center\">Essa \u00e9 a hist\u00f3ria de um campus que nasceu escola.<\/p>\n\n\n\n<p class=\"has-text-align-center\">Em 17 de junho de 1996, come\u00e7ava a funcionar a Escola Agrot\u00e9cnica Federal de Santa In\u00eas, dando in\u00edcio a uma trajet\u00f3ria de educa\u00e7\u00e3o tecida com o apoio de muitas m\u00e3os e muitas vozes, na trama do Territ\u00f3rio de Identidade do Vale do Jiquiri\u00e7\u00e1. Em 2008, com a cria\u00e7\u00e3o dos Institutos Federais, a EAFSI tornou-se IF Baiano \u2013 Campus Santa In\u00eas.<\/p>\n\n\n\n<p class=\"has-text-align-center\">Cada unidade, cada curso, cada evento e cada programa foi implantado com muito carinho e seriedade, buscando fazer da escola e do campus esses espa\u00e7os de aprendizado, constru\u00e7\u00e3o a afeto.<\/p>\n\n\n\n<p class=\"has-text-align-center\">Durante sua trajet\u00f3ria, o campus Santa In\u00eas se consolidou como refer\u00eancia em ensino, pesquisa e extens\u00e3o no Vale do Jiquiri\u00e7\u00e1, inclusive com projetos que beneficiam diversas comunidades de seus munic\u00edpios.<\/p>\n\n\n\n<p class=\"has-text-align-center\">E para comemorar o marco dos 25 anos sem deixar de considerar os cuidados necess\u00e1rios em um ano de pandemia, estamos realizando uma s\u00e9rie de a\u00e7\u00f5es digitais e simb\u00f3licas. No dia do anivers\u00e1rio, 17 de junho, uma solenidade online marcou a data. Nela, foi lan\u00e7ada a Linha do Tempo online, com fatos marcantes da hist\u00f3ria do campus, e um cordel em homenagem a essa hist\u00f3ria. Tamb\u00e9m foi produzida uma c\u00e1psula do tempo, que transportar\u00e1 para o futuro sonhos e mensagens de nossa comunidade.<\/p>\n\n\n\n<p class=\"has-text-align-center\">Tem mais novidades vindo por a\u00ed. Convidamos voc\u00ea a conhecer essa trajet\u00f3ria, conferir as comemora\u00e7\u00f5es e embarcar nessa viagem no tempo, aqui no site.<\/p>\n\n\n\n<h2 class=\"has-text-align-center wp-block-heading\">Parab\u00e9ns, IF Baiano \u2013 Campus Santa In\u00eas!<\/h2>\n","protected":false},"excerpt":{"rendered":"<p>Em 2021, ainda em meio aos desafios da pandemia de Covid-19, o Campus Santa In\u00eas do Instituto Federal Baiano completou 25 anos de uma hist\u00f3ria dedicada \u00e0 educa\u00e7\u00e3o p\u00fablica, gratuita, de qualidade, e atenta \u00e0s voca\u00e7\u00f5es do Territ\u00f3rio do Vale do Jiquiri\u00e7\u00e1. Essa \u00e9 a hist\u00f3ria de um campus que nasceu escola. Em 17 de&hellip;&nbsp;<a href=\"https:\/\/eventos.ifbaiano.edu.br\/portal\/25-anos-campus-santa-ines\/\" rel=\"bookmark\">Continue a ler &raquo;<span class=\"screen-reader-text\">P\u00e1gina Inicial<\/span><\/a><\/p>\n","protected":false},"author":20,"featured_media":0,"parent":0,"menu_order":0,"comment_status":"closed","ping_status":"closed","template":"","meta":{"neve_meta_sidebar":"full-width","neve_meta_container":"","neve_meta_enable_content_width":"on","neve_meta_content_width":100,"neve_meta_title_alignment":"","neve_meta_author_avatar":"","neve_post_elements_order":"","neve_meta_disable_header":"","neve_meta_disable_footer":"","neve_meta_disable_title":"","footnotes":""},"_links":{"self":[{"href":"https:\/\/eventos.ifbaiano.edu.br\/portal\/25-anos-campus-santa-ines\/wp-json\/wp\/v2\/pages\/471"}],"collection":[{"href":"https:\/\/eventos.ifbaiano.edu.br\/portal\/25-anos-campus-santa-ines\/wp-json\/wp\/v2\/pages"}],"about":[{"href":"https:\/\/eventos.ifbaiano.edu.br\/portal\/25-anos-campus-santa-ines\/wp-json\/wp\/v2\/types\/page"}],"author":[{"embeddable":true,"href":"https:\/\/eventos.ifbaiano.edu.br\/portal\/25-anos-campus-santa-ines\/wp-json\/wp\/v2\/users\/20"}],"replies":[{"embeddable":true,"href":"https:\/\/eventos.ifbaiano.edu.br\/portal\/25-anos-campus-santa-ines\/wp-json\/wp\/v2\/comments?post=471"}],"version-history":[{"count":1,"href":"https:\/\/eventos.ifbaiano.edu.br\/portal\/25-anos-campus-santa-ines\/wp-json\/wp\/v2\/pages\/471\/revisions"}],"predecessor-version":[{"id":472,"href":"https:\/\/eventos.ifbaiano.edu.br\/portal\/25-anos-campus-santa-ines\/wp-json\/wp\/v2\/pages\/471\/revisions\/472"}],"wp:attachment":[{"href":"https:\/\/eventos.ifbaiano.edu.br\/portal\/25-anos-campus-santa-ines\/wp-json\/wp\/v2\/media?parent=471"}],"curies":[{"name":"wp","href":"https:\/\/api.w.org\/{rel}","templated":true}]}}